{"id":71321,"date":"2024-03-22T19:41:16","date_gmt":"2024-03-22T18:41:16","guid":{"rendered":"https:\/\/abinox-chr-clim.com\/index.php\/product\/plateau-en-polyester-century-fun-cambro-versa-lite-43-cm-raisin\/"},"modified":"2026-04-15T09:02:47","modified_gmt":"2026-04-15T07:02:47","slug":"plateau-en-polyester-century-fun-cambro-versa-lite-43-cm-raisin","status":"publish","type":"product","link":"https:\/\/abinox-chr-clim.com\/index.php\/product\/plateau-en-polyester-century-fun-cambro-versa-lite-43-cm-raisin\/","title":{"rendered":"Plateau en polyester Century Fun Cambro Versa Lite 43 cm raisin"},"content":{"rendered":"<p>Accordez la couleur des plateaux \u00e0 votre d\u00e9coration (vaisselle, mobilier, murs, etc.).Les coins en polyester renforc\u00e9 offrent une meilleure protection des angles et des bords contre les impacts.Les plots d&#8217;empilage permettent \u00e0 l&rsquo;air de circuler pour un s\u00e9chage rapide et des piles bien droites.La conception innovante de profil et de coins bas augmente l&rsquo;utilisation de l&rsquo;espace de la surface du plateau et le confort du client lorsqu&rsquo;il mange. Usage recommand\u00e9 pour les cantines, caf\u00e9t\u00e9rias, restaurants en libre-service, h\u00f4pitaux, \u00e9coles et universit\u00e9s. R\u00e9sistants aux taches, aux produits chimiques, aux rayures et \u00e0 la casse. Construction robuste emp\u00eachant la flexion lors du transport d&rsquo;objets lourds. Couleur vive raisin\/violet. Vendu \u00e0 l&rsquo;unit\u00e9. Accordez la couleur des plateaux \u00e0 votre d\u00e9coration (vaisselle, mobilier, murs, etc.). .<br \/> Caract\u00e9ristiques :<br \/> Dimensions : 18(H) x 430(l) x 330(P) mm.<br \/> Mati\u00e8re : Polyester.<br \/> Temp\u00e9rature : -40 \u00b0C \u00e0 90 \u00b0C<\/p>\n","protected":false},"excerpt":{"rendered":"<p>Plateau en polyester Century Fun Cambro Versa Lite 43 cm raisin<\/p>\n","protected":false},"featured_media":101736,"comment_status":"closed","ping_status":"closed","template":"","meta":[],"product_brand":[],"product_cat":[1297,1127,1106,1133],"product_tag":[],"class_list":{"0":"post-71321","1":"product","2":"type-product","3":"status-publish","4":"has-post-thumbnail","6":"product_cat-non-palettisable","7":"product_cat-plateaux-de-service","8":"product_cat-restaurant-bar-et-hotel","9":"product_cat-self-service","10":"product_shipping_class-free-shipping","12":"first","13":"instock","14":"featured","15":"taxable","16":"shipping-taxable","17":"purchasable","18":"product-type-simple"},"_links":{"self":[{"href":"https:\/\/abinox-chr-clim.com\/index.php\/wp-json\/wp\/v2\/product\/71321","targetHints":{"allow":["GET"]}}],"collection":[{"href":"https:\/\/abinox-chr-clim.com\/index.php\/wp-json\/wp\/v2\/product"}],"about":[{"href":"https:\/\/abinox-chr-clim.com\/index.php\/wp-json\/wp\/v2\/types\/product"}],"replies":[{"embeddable":true,"href":"https:\/\/abinox-chr-clim.com\/index.php\/wp-json\/wp\/v2\/comments?post=71321"}],"wp:featuredmedia":[{"embeddable":true,"href":"https:\/\/abinox-chr-clim.com\/index.php\/wp-json\/wp\/v2\/media\/101736"}],"wp:attachment":[{"href":"https:\/\/abinox-chr-clim.com\/index.php\/wp-json\/wp\/v2\/media?parent=71321"}],"wp:term":[{"taxonomy":"product_brand","embeddable":true,"href":"https:\/\/abinox-chr-clim.com\/index.php\/wp-json\/wp\/v2\/product_brand?post=71321"},{"taxonomy":"product_cat","embeddable":true,"href":"https:\/\/abinox-chr-clim.com\/index.php\/wp-json\/wp\/v2\/product_cat?post=71321"},{"taxonomy":"product_tag","embeddable":true,"href":"https:\/\/abinox-chr-clim.com\/index.php\/wp-json\/wp\/v2\/product_tag?post=71321"}],"curies":[{"name":"wp","href":"https:\/\/api.w.org\/{rel}","templated":true}]}}