{"id":71318,"date":"2024-03-22T19:41:15","date_gmt":"2024-03-22T18:41:15","guid":{"rendered":"https:\/\/abinox-chr-clim.com\/index.php\/product\/plateau-self-service-olympia-kristallon-anthracite-340-x-450-mm\/"},"modified":"2026-04-15T10:08:47","modified_gmt":"2026-04-15T08:08:47","slug":"plateau-self-service-olympia-kristallon-anthracite-340-x-450-mm","status":"publish","type":"product","link":"https:\/\/abinox-chr-clim.com\/index.php\/product\/plateau-self-service-olympia-kristallon-anthracite-340-x-450-mm\/","title":{"rendered":"Plateau self-service Olympia Kristallon anthracite\u00a0340\u00a0x\u00a0450\u00a0mm"},"content":{"rendered":"<p>Surface antid\u00e9rapante. Polypropyl\u00e8ne facile \u00e0 nettoyer, compatible lave-vaisselle. Vendus \u00e0 l&rsquo;unit\u00e9. Existent en 3 dimensions et 8 couleurs diff\u00e9rentes.<br \/>Dimensions 350\u00a0(l)\u00a0x\u00a0450\u00a0(L)\u00a0mm. Mat\u00e9riau\u00a0: polypropyl\u00e8ne. Couleur\u00a0: anthracite. Surface textur\u00e9e pour r\u00e9duire le glissement. Se nettoie avec un chiffon humide. Empilable. Lavable au lave-vaisselle. Parfait pour la cantine et l\u00bfenvironnement scolaire. Vendu \u00e0 l\u00bfunit\u00e9. Disponible en 7\u00a0autres coloris. Dimensions 350\u00a0(l)\u00a0x\u00a0450\u00a0(L)\u00a0mm.<\/p>\n<p>Caract\u00e9ristiques :<br \/> Dimensions : 23(H) x 350(L) mm.<br \/> Mati\u00e8re : Polypropyl\u00e8ne.<br \/> Couleur : Gris anthracite.<\/p>\n","protected":false},"excerpt":{"rendered":"<p>Plateau self-service Olympia Kristallon anthracite\u00a0340\u00a0x\u00a0450\u00a0mm<\/p>\n","protected":false},"featured_media":102727,"comment_status":"closed","ping_status":"closed","template":"","meta":[],"product_brand":[],"product_cat":[1297,1127,1106,1133],"product_tag":[],"class_list":{"0":"post-71318","1":"product","2":"type-product","3":"status-publish","4":"has-post-thumbnail","6":"product_cat-non-palettisable","7":"product_cat-plateaux-de-service","8":"product_cat-restaurant-bar-et-hotel","9":"product_cat-self-service","10":"product_shipping_class-free-shipping","12":"first","13":"instock","14":"featured","15":"taxable","16":"shipping-taxable","17":"purchasable","18":"product-type-simple"},"_links":{"self":[{"href":"https:\/\/abinox-chr-clim.com\/index.php\/wp-json\/wp\/v2\/product\/71318","targetHints":{"allow":["GET"]}}],"collection":[{"href":"https:\/\/abinox-chr-clim.com\/index.php\/wp-json\/wp\/v2\/product"}],"about":[{"href":"https:\/\/abinox-chr-clim.com\/index.php\/wp-json\/wp\/v2\/types\/product"}],"replies":[{"embeddable":true,"href":"https:\/\/abinox-chr-clim.com\/index.php\/wp-json\/wp\/v2\/comments?post=71318"}],"wp:featuredmedia":[{"embeddable":true,"href":"https:\/\/abinox-chr-clim.com\/index.php\/wp-json\/wp\/v2\/media\/102727"}],"wp:attachment":[{"href":"https:\/\/abinox-chr-clim.com\/index.php\/wp-json\/wp\/v2\/media?parent=71318"}],"wp:term":[{"taxonomy":"product_brand","embeddable":true,"href":"https:\/\/abinox-chr-clim.com\/index.php\/wp-json\/wp\/v2\/product_brand?post=71318"},{"taxonomy":"product_cat","embeddable":true,"href":"https:\/\/abinox-chr-clim.com\/index.php\/wp-json\/wp\/v2\/product_cat?post=71318"},{"taxonomy":"product_tag","embeddable":true,"href":"https:\/\/abinox-chr-clim.com\/index.php\/wp-json\/wp\/v2\/product_tag?post=71318"}],"curies":[{"name":"wp","href":"https:\/\/api.w.org\/{rel}","templated":true}]}}