{"id":71313,"date":"2024-03-22T19:41:13","date_gmt":"2024-03-22T18:41:13","guid":{"rendered":"https:\/\/abinox-chr-clim.com\/index.php\/product\/plateau-de-service-en-melamine-roltex-265x325mm-wenge\/"},"modified":"2026-04-24T10:00:37","modified_gmt":"2026-04-24T08:00:37","slug":"plateau-de-service-en-melamine-roltex-265x325mm-wenge","status":"publish","type":"product","link":"https:\/\/abinox-chr-clim.com\/index.php\/product\/plateau-de-service-en-melamine-roltex-265x325mm-wenge\/","title":{"rendered":"Plateau de service en m\u00e9lamine Roltex 265x325mm weng\u00e9"},"content":{"rendered":"<p>Pour une utilisation quotidienne. Statifi\u00e9 m\u00e9lamin\u00e9. Facile \u00e0 nettoyer. Lavage \u00e0 la main uniquement. S\u00e9cher avant d&#8217;empiler.  Pour une utilisation quotidienne.<\/p>\n<p>Caract\u00e9ristiques :<br \/> Dimensions : 17(H) x 325(L) x 265(P) mm.<br \/> Mati\u00e8re : M\u00e9lamine<\/p>\n","protected":false},"excerpt":{"rendered":"<p>Plateau de service en m\u00e9lamine Roltex 265x325mm weng\u00e9<\/p>\n","protected":false},"featured_media":90873,"comment_status":"closed","ping_status":"closed","template":"","meta":[],"product_brand":[],"product_cat":[1297,1127,1106,1132],"product_tag":[],"class_list":{"0":"post-71313","1":"product","2":"type-product","3":"status-publish","4":"has-post-thumbnail","6":"product_cat-non-palettisable","7":"product_cat-plateaux-de-service","8":"product_cat-restaurant-bar-et-hotel","9":"product_cat-roltex","10":"product_shipping_class-free-shipping","12":"first","13":"instock","14":"featured","15":"taxable","16":"shipping-taxable","17":"purchasable","18":"product-type-simple"},"_links":{"self":[{"href":"https:\/\/abinox-chr-clim.com\/index.php\/wp-json\/wp\/v2\/product\/71313","targetHints":{"allow":["GET"]}}],"collection":[{"href":"https:\/\/abinox-chr-clim.com\/index.php\/wp-json\/wp\/v2\/product"}],"about":[{"href":"https:\/\/abinox-chr-clim.com\/index.php\/wp-json\/wp\/v2\/types\/product"}],"replies":[{"embeddable":true,"href":"https:\/\/abinox-chr-clim.com\/index.php\/wp-json\/wp\/v2\/comments?post=71313"}],"wp:featuredmedia":[{"embeddable":true,"href":"https:\/\/abinox-chr-clim.com\/index.php\/wp-json\/wp\/v2\/media\/90873"}],"wp:attachment":[{"href":"https:\/\/abinox-chr-clim.com\/index.php\/wp-json\/wp\/v2\/media?parent=71313"}],"wp:term":[{"taxonomy":"product_brand","embeddable":true,"href":"https:\/\/abinox-chr-clim.com\/index.php\/wp-json\/wp\/v2\/product_brand?post=71313"},{"taxonomy":"product_cat","embeddable":true,"href":"https:\/\/abinox-chr-clim.com\/index.php\/wp-json\/wp\/v2\/product_cat?post=71313"},{"taxonomy":"product_tag","embeddable":true,"href":"https:\/\/abinox-chr-clim.com\/index.php\/wp-json\/wp\/v2\/product_tag?post=71313"}],"curies":[{"name":"wp","href":"https:\/\/api.w.org\/{rel}","templated":true}]}}