{"id":71309,"date":"2024-03-22T19:41:10","date_gmt":"2024-03-22T18:41:10","guid":{"rendered":"https:\/\/abinox-chr-clim.com\/index.php\/product\/plateau-de-service-en-polyester-roltex-trapeze-gn-500x325mm-vert\/"},"modified":"2026-04-24T10:00:35","modified_gmt":"2026-04-24T08:00:35","slug":"plateau-de-service-en-polyester-roltex-trapeze-gn-500x325mm-vert","status":"publish","type":"product","link":"https:\/\/abinox-chr-clim.com\/index.php\/product\/plateau-de-service-en-polyester-roltex-trapeze-gn-500x325mm-vert\/","title":{"rendered":"Plateau de service en polyester Roltex Trap\u00e8ze GN 500x325mm vert"},"content":{"rendered":"<p>Plateaux de service en polyester, parfaits pour une utilisation quotidienne. El\u00e9gants et r\u00e9sistants aux rayures. 375 x 265mm.<br \/>Pour une utilisation quotidienne. Construction en polyester stratifi\u00e9. Facile \u00e0 nettoyer. Lavage \u00e0 la main uniquement. S\u00e9cher avant d&#8217;empiler.  Pour une utilisation quotidienne.<\/p>\n<p>Caract\u00e9ristiques :<br \/> Dimensions : 50(H) x 375(L) x 325(P) mm.<br \/> Mati\u00e8re : Polyester.<br \/> Couleur : Vert.<\/p>\n","protected":false},"excerpt":{"rendered":"<p>Plateau de service en polyester Roltex Trap\u00e8ze GN 500x325mm vert<\/p>\n","protected":false},"featured_media":90877,"comment_status":"closed","ping_status":"closed","template":"","meta":[],"product_brand":[],"product_cat":[1297,1127,1106,1132],"product_tag":[],"class_list":{"0":"post-71309","1":"product","2":"type-product","3":"status-publish","4":"has-post-thumbnail","6":"product_cat-non-palettisable","7":"product_cat-plateaux-de-service","8":"product_cat-restaurant-bar-et-hotel","9":"product_cat-roltex","10":"product_shipping_class-free-shipping","12":"first","13":"instock","14":"featured","15":"taxable","16":"shipping-taxable","17":"purchasable","18":"product-type-simple"},"_links":{"self":[{"href":"https:\/\/abinox-chr-clim.com\/index.php\/wp-json\/wp\/v2\/product\/71309","targetHints":{"allow":["GET"]}}],"collection":[{"href":"https:\/\/abinox-chr-clim.com\/index.php\/wp-json\/wp\/v2\/product"}],"about":[{"href":"https:\/\/abinox-chr-clim.com\/index.php\/wp-json\/wp\/v2\/types\/product"}],"replies":[{"embeddable":true,"href":"https:\/\/abinox-chr-clim.com\/index.php\/wp-json\/wp\/v2\/comments?post=71309"}],"wp:featuredmedia":[{"embeddable":true,"href":"https:\/\/abinox-chr-clim.com\/index.php\/wp-json\/wp\/v2\/media\/90877"}],"wp:attachment":[{"href":"https:\/\/abinox-chr-clim.com\/index.php\/wp-json\/wp\/v2\/media?parent=71309"}],"wp:term":[{"taxonomy":"product_brand","embeddable":true,"href":"https:\/\/abinox-chr-clim.com\/index.php\/wp-json\/wp\/v2\/product_brand?post=71309"},{"taxonomy":"product_cat","embeddable":true,"href":"https:\/\/abinox-chr-clim.com\/index.php\/wp-json\/wp\/v2\/product_cat?post=71309"},{"taxonomy":"product_tag","embeddable":true,"href":"https:\/\/abinox-chr-clim.com\/index.php\/wp-json\/wp\/v2\/product_tag?post=71309"}],"curies":[{"name":"wp","href":"https:\/\/api.w.org\/{rel}","templated":true}]}}