{"id":71299,"date":"2024-03-22T19:41:06","date_gmt":"2024-03-22T18:41:06","guid":{"rendered":"https:\/\/abinox-chr-clim.com\/index.php\/product\/plateau-de-service-roltex-wave-43x23cm-palissandre-veine\/"},"modified":"2026-04-15T09:47:58","modified_gmt":"2026-04-15T07:47:58","slug":"plateau-de-service-roltex-wave-43x23cm-palissandre-veine","status":"publish","type":"product","link":"https:\/\/abinox-chr-clim.com\/index.php\/product\/plateau-de-service-roltex-wave-43x23cm-palissandre-veine\/","title":{"rendered":"Plateau de service Roltex Wave 43x23cm palissandre vein\u00e9"},"content":{"rendered":"<p>Ecologique. Fabriqu\u00e9 \u00e0 partir de mat\u00e9riaux renouvelables. Design ergonomique moderne. Empilable. Compatible lave-vaisselle.  Ecologique.<\/p>\n<p>Caract\u00e9ristiques :<br \/> Dimensions : 15(H) x 430(L) x 230(P) mm.<br \/> Mati\u00e8re : Recycl\u00e9.<br \/> Couleur : Palissandre.<\/p>\n","protected":false},"excerpt":{"rendered":"<p>Plateau de service Roltex Wave 43x23cm palissandre vein\u00e9<\/p>\n","protected":false},"featured_media":103210,"comment_status":"closed","ping_status":"closed","template":"","meta":[],"product_brand":[],"product_cat":[1297,1127,1106,1132],"product_tag":[],"class_list":{"0":"post-71299","1":"product","2":"type-product","3":"status-publish","4":"has-post-thumbnail","6":"product_cat-non-palettisable","7":"product_cat-plateaux-de-service","8":"product_cat-restaurant-bar-et-hotel","9":"product_cat-roltex","10":"product_shipping_class-free-shipping","12":"first","13":"outofstock","14":"featured","15":"taxable","16":"shipping-taxable","17":"purchasable","18":"product-type-simple"},"_links":{"self":[{"href":"https:\/\/abinox-chr-clim.com\/index.php\/wp-json\/wp\/v2\/product\/71299","targetHints":{"allow":["GET"]}}],"collection":[{"href":"https:\/\/abinox-chr-clim.com\/index.php\/wp-json\/wp\/v2\/product"}],"about":[{"href":"https:\/\/abinox-chr-clim.com\/index.php\/wp-json\/wp\/v2\/types\/product"}],"replies":[{"embeddable":true,"href":"https:\/\/abinox-chr-clim.com\/index.php\/wp-json\/wp\/v2\/comments?post=71299"}],"wp:featuredmedia":[{"embeddable":true,"href":"https:\/\/abinox-chr-clim.com\/index.php\/wp-json\/wp\/v2\/media\/103210"}],"wp:attachment":[{"href":"https:\/\/abinox-chr-clim.com\/index.php\/wp-json\/wp\/v2\/media?parent=71299"}],"wp:term":[{"taxonomy":"product_brand","embeddable":true,"href":"https:\/\/abinox-chr-clim.com\/index.php\/wp-json\/wp\/v2\/product_brand?post=71299"},{"taxonomy":"product_cat","embeddable":true,"href":"https:\/\/abinox-chr-clim.com\/index.php\/wp-json\/wp\/v2\/product_cat?post=71299"},{"taxonomy":"product_tag","embeddable":true,"href":"https:\/\/abinox-chr-clim.com\/index.php\/wp-json\/wp\/v2\/product_tag?post=71299"}],"curies":[{"name":"wp","href":"https:\/\/api.w.org\/{rel}","templated":true}]}}