{"id":71296,"date":"2024-03-22T19:41:05","date_gmt":"2024-03-22T18:41:05","guid":{"rendered":"https:\/\/abinox-chr-clim.com\/index.php\/product\/plateau-roltex-nordic-430x330mm-gris-fonce\/"},"modified":"2026-04-15T09:47:43","modified_gmt":"2026-04-15T07:47:43","slug":"plateau-roltex-nordic-430x330mm-gris-fonce","status":"publish","type":"product","link":"https:\/\/abinox-chr-clim.com\/index.php\/product\/plateau-roltex-nordic-430x330mm-gris-fonce\/","title":{"rendered":"Plateau Roltex Nordic 430x330mm gris fonc\u00e9"},"content":{"rendered":"<p>Plateaux en plastique ABS de qualit\u00e9 avec poign\u00e9es robustes. Ces plateaux l\u00e9gers et compatibles lave-vaisselle r\u00e9sistent \u00e0 une utilisation quotidienne et continue.<br \/>Utilisation quotidienne. Ergonomique. L\u00e9ger. Compatible lave-vaisselle. Utilisation quotidienne.<\/p>\n<p>Caract\u00e9ristiques :<br \/> Dimensions : 19(H) x 430(L) x 330(P) mm.<br \/> Mati\u00e8re : Plastique ABS.<br \/> Couleur : Gris.<\/p>\n","protected":false},"excerpt":{"rendered":"<p>Plateau Roltex Nordic 430x330mm gris fonc\u00e9<\/p>\n","protected":false},"featured_media":103209,"comment_status":"closed","ping_status":"closed","template":"","meta":[],"product_brand":[],"product_cat":[1297,1127,1106,1132],"product_tag":[],"class_list":{"0":"post-71296","1":"product","2":"type-product","3":"status-publish","4":"has-post-thumbnail","6":"product_cat-non-palettisable","7":"product_cat-plateaux-de-service","8":"product_cat-restaurant-bar-et-hotel","9":"product_cat-roltex","10":"product_shipping_class-free-shipping","12":"first","13":"instock","14":"featured","15":"taxable","16":"shipping-taxable","17":"purchasable","18":"product-type-simple"},"_links":{"self":[{"href":"https:\/\/abinox-chr-clim.com\/index.php\/wp-json\/wp\/v2\/product\/71296","targetHints":{"allow":["GET"]}}],"collection":[{"href":"https:\/\/abinox-chr-clim.com\/index.php\/wp-json\/wp\/v2\/product"}],"about":[{"href":"https:\/\/abinox-chr-clim.com\/index.php\/wp-json\/wp\/v2\/types\/product"}],"replies":[{"embeddable":true,"href":"https:\/\/abinox-chr-clim.com\/index.php\/wp-json\/wp\/v2\/comments?post=71296"}],"wp:featuredmedia":[{"embeddable":true,"href":"https:\/\/abinox-chr-clim.com\/index.php\/wp-json\/wp\/v2\/media\/103209"}],"wp:attachment":[{"href":"https:\/\/abinox-chr-clim.com\/index.php\/wp-json\/wp\/v2\/media?parent=71296"}],"wp:term":[{"taxonomy":"product_brand","embeddable":true,"href":"https:\/\/abinox-chr-clim.com\/index.php\/wp-json\/wp\/v2\/product_brand?post=71296"},{"taxonomy":"product_cat","embeddable":true,"href":"https:\/\/abinox-chr-clim.com\/index.php\/wp-json\/wp\/v2\/product_cat?post=71296"},{"taxonomy":"product_tag","embeddable":true,"href":"https:\/\/abinox-chr-clim.com\/index.php\/wp-json\/wp\/v2\/product_tag?post=71296"}],"curies":[{"name":"wp","href":"https:\/\/api.w.org\/{rel}","templated":true}]}}