{"id":71285,"date":"2024-03-22T19:41:01","date_gmt":"2024-03-22T18:41:01","guid":{"rendered":"https:\/\/abinox-chr-clim.com\/index.php\/product\/plateau-de-service-roltex-classic-gn1-1-530x325mm-creme-mouchete\/"},"modified":"2026-04-15T09:47:34","modified_gmt":"2026-04-15T07:47:34","slug":"plateau-de-service-roltex-classic-gn1-1-530x325mm-creme-mouchete","status":"publish","type":"product","link":"https:\/\/abinox-chr-clim.com\/index.php\/product\/plateau-de-service-roltex-classic-gn1-1-530x325mm-creme-mouchete\/","title":{"rendered":"Plateau de service Roltex Classic GN1\/1 530x325mm cr\u00e8me mouchet\u00e9"},"content":{"rendered":"<p>Utilisation intensive. Polyester avec 27% de fibre de verre. R\u00e9sistance de temp\u00e9ratures de -50\u00b0C \u00e0 +140\u00b0C. Durable. Empilable. Compatible lave-vaisselle.  Utilisation intensive.<\/p>\n<p>Caract\u00e9ristiques :<br \/> Dimensions : 16(H) x 530(L) x 325(P) mm.<br \/> Mati\u00e8re : Polyester<\/p>\n","protected":false},"excerpt":{"rendered":"<p>Plateau de service Roltex Classic GN1\/1 530x325mm cr\u00e8me mouchet\u00e9<\/p>\n","protected":false},"featured_media":103077,"comment_status":"closed","ping_status":"closed","template":"","meta":[],"product_brand":[],"product_cat":[1297,1127,1106,1132],"product_tag":[],"class_list":{"0":"post-71285","1":"product","2":"type-product","3":"status-publish","4":"has-post-thumbnail","6":"product_cat-non-palettisable","7":"product_cat-plateaux-de-service","8":"product_cat-restaurant-bar-et-hotel","9":"product_cat-roltex","10":"product_shipping_class-free-shipping","12":"first","13":"outofstock","14":"featured","15":"taxable","16":"shipping-taxable","17":"purchasable","18":"product-type-simple"},"_links":{"self":[{"href":"https:\/\/abinox-chr-clim.com\/index.php\/wp-json\/wp\/v2\/product\/71285","targetHints":{"allow":["GET"]}}],"collection":[{"href":"https:\/\/abinox-chr-clim.com\/index.php\/wp-json\/wp\/v2\/product"}],"about":[{"href":"https:\/\/abinox-chr-clim.com\/index.php\/wp-json\/wp\/v2\/types\/product"}],"replies":[{"embeddable":true,"href":"https:\/\/abinox-chr-clim.com\/index.php\/wp-json\/wp\/v2\/comments?post=71285"}],"wp:featuredmedia":[{"embeddable":true,"href":"https:\/\/abinox-chr-clim.com\/index.php\/wp-json\/wp\/v2\/media\/103077"}],"wp:attachment":[{"href":"https:\/\/abinox-chr-clim.com\/index.php\/wp-json\/wp\/v2\/media?parent=71285"}],"wp:term":[{"taxonomy":"product_brand","embeddable":true,"href":"https:\/\/abinox-chr-clim.com\/index.php\/wp-json\/wp\/v2\/product_brand?post=71285"},{"taxonomy":"product_cat","embeddable":true,"href":"https:\/\/abinox-chr-clim.com\/index.php\/wp-json\/wp\/v2\/product_cat?post=71285"},{"taxonomy":"product_tag","embeddable":true,"href":"https:\/\/abinox-chr-clim.com\/index.php\/wp-json\/wp\/v2\/product_tag?post=71285"}],"curies":[{"name":"wp","href":"https:\/\/api.w.org\/{rel}","templated":true}]}}