{"id":71274,"date":"2024-03-22T19:40:55","date_gmt":"2024-03-22T18:40:55","guid":{"rendered":"https:\/\/abinox-chr-clim.com\/index.php\/product\/plateau-rond-en-melamine-roltex-gn1-1-antiderapant-530x325mm-wenge\/"},"modified":"2026-04-15T09:46:43","modified_gmt":"2026-04-15T07:46:43","slug":"plateau-rond-en-melamine-roltex-gn1-1-antiderapant-530x325mm-wenge","status":"publish","type":"product","link":"https:\/\/abinox-chr-clim.com\/index.php\/product\/plateau-rond-en-melamine-roltex-gn1-1-antiderapant-530x325mm-wenge\/","title":{"rendered":"Plateau rond en m\u00e9lamine Roltex GN1\/1 antid\u00e9rapant 530x325mm weng\u00e9"},"content":{"rendered":"<p>Pour une utilisation quotidienne. Statifi\u00e9 m\u00e9lamin\u00e9. Facile \u00e0 nettoyer. Lavage \u00e0 la main uniquement. S\u00e9cher avant d&#8217;empiler. Antid\u00e9rapant.  Pour une utilisation quotidienne.<\/p>\n<p>Caract\u00e9ristiques :<br \/> Dimensions : 14(H) x 530(L) x 325(P) mm.<br \/> Mati\u00e8re : M\u00e9lamine<\/p>\n","protected":false},"excerpt":{"rendered":"<p>Plateau rond en m\u00e9lamine Roltex GN1\/1 antid\u00e9rapant 530x325mm weng\u00e9<\/p>\n","protected":false},"featured_media":103214,"comment_status":"closed","ping_status":"closed","template":"","meta":[],"product_brand":[],"product_cat":[1297,1127,1106,1132],"product_tag":[],"class_list":{"0":"post-71274","1":"product","2":"type-product","3":"status-publish","4":"has-post-thumbnail","6":"product_cat-non-palettisable","7":"product_cat-plateaux-de-service","8":"product_cat-restaurant-bar-et-hotel","9":"product_cat-roltex","10":"product_shipping_class-free-shipping","12":"first","13":"outofstock","14":"featured","15":"taxable","16":"shipping-taxable","17":"purchasable","18":"product-type-simple"},"_links":{"self":[{"href":"https:\/\/abinox-chr-clim.com\/index.php\/wp-json\/wp\/v2\/product\/71274","targetHints":{"allow":["GET"]}}],"collection":[{"href":"https:\/\/abinox-chr-clim.com\/index.php\/wp-json\/wp\/v2\/product"}],"about":[{"href":"https:\/\/abinox-chr-clim.com\/index.php\/wp-json\/wp\/v2\/types\/product"}],"replies":[{"embeddable":true,"href":"https:\/\/abinox-chr-clim.com\/index.php\/wp-json\/wp\/v2\/comments?post=71274"}],"wp:featuredmedia":[{"embeddable":true,"href":"https:\/\/abinox-chr-clim.com\/index.php\/wp-json\/wp\/v2\/media\/103214"}],"wp:attachment":[{"href":"https:\/\/abinox-chr-clim.com\/index.php\/wp-json\/wp\/v2\/media?parent=71274"}],"wp:term":[{"taxonomy":"product_brand","embeddable":true,"href":"https:\/\/abinox-chr-clim.com\/index.php\/wp-json\/wp\/v2\/product_brand?post=71274"},{"taxonomy":"product_cat","embeddable":true,"href":"https:\/\/abinox-chr-clim.com\/index.php\/wp-json\/wp\/v2\/product_cat?post=71274"},{"taxonomy":"product_tag","embeddable":true,"href":"https:\/\/abinox-chr-clim.com\/index.php\/wp-json\/wp\/v2\/product_tag?post=71274"}],"curies":[{"name":"wp","href":"https:\/\/api.w.org\/{rel}","templated":true}]}}