{"id":71270,"date":"2024-03-22T19:40:53","date_gmt":"2024-03-22T18:40:53","guid":{"rendered":"https:\/\/abinox-chr-clim.com\/index.php\/product\/plateau-avec-poignees-roltex-435x305mm-rouge\/"},"modified":"2026-04-15T09:46:11","modified_gmt":"2026-04-15T07:46:11","slug":"plateau-avec-poignees-roltex-435x305mm-rouge","status":"publish","type":"product","link":"https:\/\/abinox-chr-clim.com\/index.php\/product\/plateau-avec-poignees-roltex-435x305mm-rouge\/","title":{"rendered":"Plateau avec poign\u00e9es Roltex 435x305mm rouge"},"content":{"rendered":"<p>Plateau l\u00e9ger et pratique en ABS avec poign\u00e9es. 435 x 305mm.<br \/>Utilisation quotidienne. Poign\u00e9es solides. L\u00e9ger. Compatible lave-vaisselle. Utilisation quotidienne.<\/p>\n<p>Caract\u00e9ristiques :<br \/> Dimensions : 33(H) x 435(L) x 305(P) mm.<br \/> Mati\u00e8re : Plastique ABS.<br \/> Couleur : Rouge.<\/p>\n","protected":false},"excerpt":{"rendered":"<p>Plateau avec poign\u00e9es Roltex 435x305mm rouge<\/p>\n","protected":false},"featured_media":103062,"comment_status":"closed","ping_status":"closed","template":"","meta":[],"product_brand":[],"product_cat":[1297,1127,1106,1132],"product_tag":[],"class_list":{"0":"post-71270","1":"product","2":"type-product","3":"status-publish","4":"has-post-thumbnail","6":"product_cat-non-palettisable","7":"product_cat-plateaux-de-service","8":"product_cat-restaurant-bar-et-hotel","9":"product_cat-roltex","10":"product_shipping_class-free-shipping","12":"first","13":"instock","14":"featured","15":"taxable","16":"shipping-taxable","17":"purchasable","18":"product-type-simple"},"_links":{"self":[{"href":"https:\/\/abinox-chr-clim.com\/index.php\/wp-json\/wp\/v2\/product\/71270","targetHints":{"allow":["GET"]}}],"collection":[{"href":"https:\/\/abinox-chr-clim.com\/index.php\/wp-json\/wp\/v2\/product"}],"about":[{"href":"https:\/\/abinox-chr-clim.com\/index.php\/wp-json\/wp\/v2\/types\/product"}],"replies":[{"embeddable":true,"href":"https:\/\/abinox-chr-clim.com\/index.php\/wp-json\/wp\/v2\/comments?post=71270"}],"wp:featuredmedia":[{"embeddable":true,"href":"https:\/\/abinox-chr-clim.com\/index.php\/wp-json\/wp\/v2\/media\/103062"}],"wp:attachment":[{"href":"https:\/\/abinox-chr-clim.com\/index.php\/wp-json\/wp\/v2\/media?parent=71270"}],"wp:term":[{"taxonomy":"product_brand","embeddable":true,"href":"https:\/\/abinox-chr-clim.com\/index.php\/wp-json\/wp\/v2\/product_brand?post=71270"},{"taxonomy":"product_cat","embeddable":true,"href":"https:\/\/abinox-chr-clim.com\/index.php\/wp-json\/wp\/v2\/product_cat?post=71270"},{"taxonomy":"product_tag","embeddable":true,"href":"https:\/\/abinox-chr-clim.com\/index.php\/wp-json\/wp\/v2\/product_tag?post=71270"}],"curies":[{"name":"wp","href":"https:\/\/api.w.org\/{rel}","templated":true}]}}