{"id":71266,"date":"2024-03-22T19:40:51","date_gmt":"2024-03-22T18:40:51","guid":{"rendered":"https:\/\/abinox-chr-clim.com\/index.php\/product\/plateau-de-service-en-melamine-roltex-casino-430x330mm-antiderapant-wenge\/"},"modified":"2026-04-15T09:43:11","modified_gmt":"2026-04-15T07:43:11","slug":"plateau-de-service-en-melamine-roltex-casino-430x330mm-antiderapant-wenge","status":"publish","type":"product","link":"https:\/\/abinox-chr-clim.com\/index.php\/product\/plateau-de-service-en-melamine-roltex-casino-430x330mm-antiderapant-wenge\/","title":{"rendered":"Plateau de service en m\u00e9lamine Roltex Casino 430x330mm antid\u00e9rapant weng\u00e9"},"content":{"rendered":"<p>Plateau de service de qualit\u00e9, antid\u00e9rapant, adapt\u00e9 pour un usage quotidien dans les \u00e9tablissements de restauration \u00e0 forte fr\u00e9quentation.<br \/>Pour une utilisation quotidienne. Statifi\u00e9 m\u00e9lamin\u00e9. Facile \u00e0 nettoyer. Lavage \u00e0 la main uniquement. S\u00e9cher avant d&#8217;empiler. Antid\u00e9rapant.  Pour une utilisation quotidienne.<\/p>\n<p>Caract\u00e9ristiques :<br \/> Dimensions : 18(H) x 430(L) x 330(P) mm.<br \/> Mati\u00e8re : M\u00e9lamine.<br \/> Couleur : Wenge.<\/p>\n","protected":false},"excerpt":{"rendered":"<p>Plateau de service en m\u00e9lamine Roltex Casino 430x330mm antid\u00e9rapant weng\u00e9<\/p>\n","protected":false},"featured_media":102575,"comment_status":"closed","ping_status":"closed","template":"","meta":[],"product_brand":[],"product_cat":[1297,1127,1106,1132],"product_tag":[],"class_list":{"0":"post-71266","1":"product","2":"type-product","3":"status-publish","4":"has-post-thumbnail","6":"product_cat-non-palettisable","7":"product_cat-plateaux-de-service","8":"product_cat-restaurant-bar-et-hotel","9":"product_cat-roltex","10":"product_shipping_class-free-shipping","12":"first","13":"instock","14":"featured","15":"taxable","16":"shipping-taxable","17":"purchasable","18":"product-type-simple"},"_links":{"self":[{"href":"https:\/\/abinox-chr-clim.com\/index.php\/wp-json\/wp\/v2\/product\/71266","targetHints":{"allow":["GET"]}}],"collection":[{"href":"https:\/\/abinox-chr-clim.com\/index.php\/wp-json\/wp\/v2\/product"}],"about":[{"href":"https:\/\/abinox-chr-clim.com\/index.php\/wp-json\/wp\/v2\/types\/product"}],"replies":[{"embeddable":true,"href":"https:\/\/abinox-chr-clim.com\/index.php\/wp-json\/wp\/v2\/comments?post=71266"}],"wp:featuredmedia":[{"embeddable":true,"href":"https:\/\/abinox-chr-clim.com\/index.php\/wp-json\/wp\/v2\/media\/102575"}],"wp:attachment":[{"href":"https:\/\/abinox-chr-clim.com\/index.php\/wp-json\/wp\/v2\/media?parent=71266"}],"wp:term":[{"taxonomy":"product_brand","embeddable":true,"href":"https:\/\/abinox-chr-clim.com\/index.php\/wp-json\/wp\/v2\/product_brand?post=71266"},{"taxonomy":"product_cat","embeddable":true,"href":"https:\/\/abinox-chr-clim.com\/index.php\/wp-json\/wp\/v2\/product_cat?post=71266"},{"taxonomy":"product_tag","embeddable":true,"href":"https:\/\/abinox-chr-clim.com\/index.php\/wp-json\/wp\/v2\/product_tag?post=71266"}],"curies":[{"name":"wp","href":"https:\/\/api.w.org\/{rel}","templated":true}]}}