{"id":71251,"date":"2024-03-22T19:40:44","date_gmt":"2024-03-22T18:40:44","guid":{"rendered":"https:\/\/abinox-chr-clim.com\/index.php\/product\/plateau-de-service-en-acacia-olympia\/"},"modified":"2026-04-02T09:22:14","modified_gmt":"2026-04-02T07:22:14","slug":"plateau-de-service-en-acacia-olympia","status":"publish","type":"product","link":"https:\/\/abinox-chr-clim.com\/index.php\/product\/plateau-de-service-en-acacia-olympia\/","title":{"rendered":"Plateau de service en acacia Olympia"},"content":{"rendered":"<p>Plateau de service en bois d&rsquo;acacia avec une belle finition vernie.<br \/>Espace de service de 500 mm pour un espace g\u00e9n\u00e9reux. Essuyable pour un nettoyage facile. Huilez r\u00e9guli\u00e8rement pour conserver l&rsquo;aspect rustique. Belle construction en bois d&rsquo;acacia. Grandes poign\u00e9es pour un transport facile. Vendu \u00e0 l&rsquo;unit\u00e9. Grandes poign\u00e9es pour une prise en main facile. Le bois d&rsquo;acacia est r\u00e9sistant \u00e0 l&rsquo;eau. Lisse et verni pour r\u00e9sister aux \u00e9claboussures.Espace de service de 500 mm pour un espace g\u00e9n\u00e9reux.<\/p>\n<p>Caract\u00e9ristiques :<br \/> Dimensions : 70(H) x 508(L) x 350(P) mm.<br \/> Mati\u00e8re : Bois d&rsquo;acacia.<br \/> Couleur : Marron.<\/p>\n","protected":false},"excerpt":{"rendered":"<p>Plateau de service en acacia Olympia<\/p>\n","protected":false},"featured_media":102201,"comment_status":"closed","ping_status":"closed","template":"","meta":[],"product_brand":[],"product_cat":[1130,1297,1127,1106],"product_tag":[],"class_list":{"0":"post-71251","1":"product","2":"type-product","3":"status-publish","4":"has-post-thumbnail","6":"product_cat-divers-plateaux-de-service","7":"product_cat-non-palettisable","8":"product_cat-plateaux-de-service","9":"product_cat-restaurant-bar-et-hotel","10":"product_shipping_class-free-shipping","12":"first","13":"instock","14":"featured","15":"taxable","16":"shipping-taxable","17":"purchasable","18":"product-type-simple"},"_links":{"self":[{"href":"https:\/\/abinox-chr-clim.com\/index.php\/wp-json\/wp\/v2\/product\/71251","targetHints":{"allow":["GET"]}}],"collection":[{"href":"https:\/\/abinox-chr-clim.com\/index.php\/wp-json\/wp\/v2\/product"}],"about":[{"href":"https:\/\/abinox-chr-clim.com\/index.php\/wp-json\/wp\/v2\/types\/product"}],"replies":[{"embeddable":true,"href":"https:\/\/abinox-chr-clim.com\/index.php\/wp-json\/wp\/v2\/comments?post=71251"}],"wp:featuredmedia":[{"embeddable":true,"href":"https:\/\/abinox-chr-clim.com\/index.php\/wp-json\/wp\/v2\/media\/102201"}],"wp:attachment":[{"href":"https:\/\/abinox-chr-clim.com\/index.php\/wp-json\/wp\/v2\/media?parent=71251"}],"wp:term":[{"taxonomy":"product_brand","embeddable":true,"href":"https:\/\/abinox-chr-clim.com\/index.php\/wp-json\/wp\/v2\/product_brand?post=71251"},{"taxonomy":"product_cat","embeddable":true,"href":"https:\/\/abinox-chr-clim.com\/index.php\/wp-json\/wp\/v2\/product_cat?post=71251"},{"taxonomy":"product_tag","embeddable":true,"href":"https:\/\/abinox-chr-clim.com\/index.php\/wp-json\/wp\/v2\/product_tag?post=71251"}],"curies":[{"name":"wp","href":"https:\/\/api.w.org\/{rel}","templated":true}]}}