{"id":71249,"date":"2024-03-22T19:40:43","date_gmt":"2024-03-22T18:40:43","guid":{"rendered":"https:\/\/abinox-chr-clim.com\/index.php\/product\/plat-de-service-emaille-olympia-320mm\/"},"modified":"2026-04-02T09:22:07","modified_gmt":"2026-04-02T07:22:07","slug":"plat-de-service-emaille-olympia-320mm","status":"publish","type":"product","link":"https:\/\/abinox-chr-clim.com\/index.php\/product\/plat-de-service-emaille-olympia-320mm\/","title":{"rendered":"Plat de service \u00e9maill\u00e9 Olympia 320mm"},"content":{"rendered":"<p>Plat de service bleu et blanc avec un bord noir, id\u00e9al pour un style bistro-retro.<br \/>L&rsquo;\u00e9mail bleu et blanc donne au plat un look r\u00e9tro. Les imperfections de l&rsquo;\u00e9mail acqui\u00e8rent leur propre caract\u00e8re au fil des utilisations. Le centre en acier emp\u00eache le plateau de fl\u00e9chir sous la charge. Le rev\u00eatement \u00e9maill\u00e9 offre \u00e9galement une excellente durabilit\u00e9 et un nettoyage facile. Le bord sur\u00e9lev\u00e9 emp\u00eache les aliments ou les boissons de se renverser. Lavable au lave-vaisselle pour un nettoyage rapide et facile.  L&rsquo;\u00e9mail bleu et blanc donne au plat un look r\u00e9tro.<\/p>\n<p>Caract\u00e9ristiques :<br \/> Dimensions : 45(H) x 320(\u00d8) mm.<br \/> Mati\u00e8re : Acier \u00e9maill\u00e9.<br \/> Couleur : Blanc.<\/p>\n","protected":false},"excerpt":{"rendered":"<p>Plat de service \u00e9maill\u00e9 Olympia 320mm<\/p>\n","protected":false},"featured_media":102186,"comment_status":"closed","ping_status":"closed","template":"","meta":[],"product_brand":[],"product_cat":[1130,1297,1127,1106],"product_tag":[],"class_list":{"0":"post-71249","1":"product","2":"type-product","3":"status-publish","4":"has-post-thumbnail","6":"product_cat-divers-plateaux-de-service","7":"product_cat-non-palettisable","8":"product_cat-plateaux-de-service","9":"product_cat-restaurant-bar-et-hotel","10":"product_shipping_class-free-shipping","12":"first","13":"outofstock","14":"featured","15":"taxable","16":"shipping-taxable","17":"purchasable","18":"product-type-simple"},"_links":{"self":[{"href":"https:\/\/abinox-chr-clim.com\/index.php\/wp-json\/wp\/v2\/product\/71249","targetHints":{"allow":["GET"]}}],"collection":[{"href":"https:\/\/abinox-chr-clim.com\/index.php\/wp-json\/wp\/v2\/product"}],"about":[{"href":"https:\/\/abinox-chr-clim.com\/index.php\/wp-json\/wp\/v2\/types\/product"}],"replies":[{"embeddable":true,"href":"https:\/\/abinox-chr-clim.com\/index.php\/wp-json\/wp\/v2\/comments?post=71249"}],"wp:featuredmedia":[{"embeddable":true,"href":"https:\/\/abinox-chr-clim.com\/index.php\/wp-json\/wp\/v2\/media\/102186"}],"wp:attachment":[{"href":"https:\/\/abinox-chr-clim.com\/index.php\/wp-json\/wp\/v2\/media?parent=71249"}],"wp:term":[{"taxonomy":"product_brand","embeddable":true,"href":"https:\/\/abinox-chr-clim.com\/index.php\/wp-json\/wp\/v2\/product_brand?post=71249"},{"taxonomy":"product_cat","embeddable":true,"href":"https:\/\/abinox-chr-clim.com\/index.php\/wp-json\/wp\/v2\/product_cat?post=71249"},{"taxonomy":"product_tag","embeddable":true,"href":"https:\/\/abinox-chr-clim.com\/index.php\/wp-json\/wp\/v2\/product_tag?post=71249"}],"curies":[{"name":"wp","href":"https:\/\/api.w.org\/{rel}","templated":true}]}}