{"id":71239,"date":"2024-03-22T19:40:39","date_gmt":"2024-03-22T18:40:39","guid":{"rendered":"https:\/\/abinox-chr-clim.com\/index.php\/product\/plateau-stratifie-lisse-capri-cambro-anthracite-325mm\/"},"modified":"2026-04-14T09:21:52","modified_gmt":"2026-04-14T07:21:52","slug":"plateau-stratifie-lisse-capri-cambro-anthracite-325mm","status":"publish","type":"product","link":"https:\/\/abinox-chr-clim.com\/index.php\/product\/plateau-stratifie-lisse-capri-cambro-anthracite-325mm\/","title":{"rendered":"Plateau stratifi\u00e9 lisse Capri Cambro anthracite 325mm"},"content":{"rendered":"<p>R\u00e9sistance thermique -10&#730; \u00e0 +100&#730;C. R\u00e9sistant aux chocs, \u00e0 la casse, aux \u00e9raflures et aux taches. Facile \u00e0 nettoyer. Finition bois attrayante. Empilable pour un rangement facile &#8211; Remarque : tous les plateaux stratifi\u00e9s doivent \u00eatre s\u00e9ch\u00e9s avant l&#8217;empilage. Joint de surface en m\u00e9lamine pour une excellente r\u00e9sistance aux produits chimiques et aux taches. La construction robuste emp\u00eache la flexion lors du transport de charges lourdes. Compatible lave-vaisselle &#8211; Lavage une fois par jour. Vendu \u00e0 l&rsquo;unit\u00e9. R\u00e9sistance thermique -10&#730; \u00e0 +100&#730;C.<\/p>\n<p>Caract\u00e9ristiques :<br \/> Dimensions : 17(H) x 325(L) x 265(P) mm.<br \/> Mati\u00e8re : Stratifi\u00e9.<br \/> Temp\u00e9rature : -10 \u00b0C \u00e0 100 \u00b0C.<br \/> Couleur : Granit.<\/p>\n","protected":false},"excerpt":{"rendered":"<p>Plateau stratifi\u00e9 lisse Capri Cambro anthracite 325mm<\/p>\n","protected":false},"featured_media":98426,"comment_status":"closed","ping_status":"closed","template":"","meta":[],"product_brand":[],"product_cat":[1129,1297,1127,1106],"product_tag":[],"class_list":{"0":"post-71239","1":"product","2":"type-product","3":"status-publish","4":"has-post-thumbnail","6":"product_cat-cambro","7":"product_cat-non-palettisable","8":"product_cat-plateaux-de-service","9":"product_cat-restaurant-bar-et-hotel","10":"product_shipping_class-free-shipping","12":"first","13":"instock","14":"featured","15":"taxable","16":"shipping-taxable","17":"purchasable","18":"product-type-simple"},"_links":{"self":[{"href":"https:\/\/abinox-chr-clim.com\/index.php\/wp-json\/wp\/v2\/product\/71239","targetHints":{"allow":["GET"]}}],"collection":[{"href":"https:\/\/abinox-chr-clim.com\/index.php\/wp-json\/wp\/v2\/product"}],"about":[{"href":"https:\/\/abinox-chr-clim.com\/index.php\/wp-json\/wp\/v2\/types\/product"}],"replies":[{"embeddable":true,"href":"https:\/\/abinox-chr-clim.com\/index.php\/wp-json\/wp\/v2\/comments?post=71239"}],"wp:featuredmedia":[{"embeddable":true,"href":"https:\/\/abinox-chr-clim.com\/index.php\/wp-json\/wp\/v2\/media\/98426"}],"wp:attachment":[{"href":"https:\/\/abinox-chr-clim.com\/index.php\/wp-json\/wp\/v2\/media?parent=71239"}],"wp:term":[{"taxonomy":"product_brand","embeddable":true,"href":"https:\/\/abinox-chr-clim.com\/index.php\/wp-json\/wp\/v2\/product_brand?post=71239"},{"taxonomy":"product_cat","embeddable":true,"href":"https:\/\/abinox-chr-clim.com\/index.php\/wp-json\/wp\/v2\/product_cat?post=71239"},{"taxonomy":"product_tag","embeddable":true,"href":"https:\/\/abinox-chr-clim.com\/index.php\/wp-json\/wp\/v2\/product_tag?post=71239"}],"curies":[{"name":"wp","href":"https:\/\/api.w.org\/{rel}","templated":true}]}}