{"id":71237,"date":"2024-03-22T19:40:38","date_gmt":"2024-03-22T18:40:38","guid":{"rendered":"https:\/\/abinox-chr-clim.com\/index.php\/product\/plateau-polyester-century-aspect-naturel-bois-cambro-chene-gris-360-x-460mm\/"},"modified":"2026-04-14T10:19:12","modified_gmt":"2026-04-14T08:19:12","slug":"plateau-polyester-century-aspect-naturel-bois-cambro-chene-gris-360-x-460mm","status":"publish","type":"product","link":"https:\/\/abinox-chr-clim.com\/index.php\/product\/plateau-polyester-century-aspect-naturel-bois-cambro-chene-gris-360-x-460mm\/","title":{"rendered":"Plateau polyester Century aspect naturel bois Cambro ch\u00eane gris 360 x 460mm"},"content":{"rendered":"<p>Plateaux stratifi\u00e9s lisses et solides. R\u00e9sistent aux chocs, aux cassures, aux rayures et aux t\u00e2ches, ainsi qu&rsquo;aux temp\u00e9ratures comprises entre &#8211; 10\u00baC et +100\u00baC.<br \/>R\u00e9sistant aux rayures, aux taches, aux produits chimiques et \u00e0 la casse. Compatible lave-vaisselle. R\u00e9siste \u00e0 autant de lavages que n\u00e9cessaire. Fabriqu\u00e9 en polyester haute performance pour un usage intensif. R\u00e9siste \u00e0 des temperatures comprises entre -40&#730; et 90&#730;C.Le motif textur\u00e9 d&rsquo;aspect bois recouvre le plateau d\u00bfun bord \u00e0 l\u00bfautre et de bas en haut.  R\u00e9sistant aux rayures, aux taches, aux produits chimiques et \u00e0 la casse.<\/p>\n<p>Caract\u00e9ristiques :<br \/> Dimensions : 15(H) x 460(L) x 360(P) mm.<br \/> Mati\u00e8re : Polypropyl\u00e8ne<\/p>\n","protected":false},"excerpt":{"rendered":"<p>Plateau polyester Century aspect naturel bois Cambro ch\u00eane gris 360 x 460mm<\/p>\n","protected":false},"featured_media":100717,"comment_status":"closed","ping_status":"closed","template":"","meta":[],"product_brand":[],"product_cat":[1129,1297,1127,1106],"product_tag":[],"class_list":{"0":"post-71237","1":"product","2":"type-product","3":"status-publish","4":"has-post-thumbnail","6":"product_cat-cambro","7":"product_cat-non-palettisable","8":"product_cat-plateaux-de-service","9":"product_cat-restaurant-bar-et-hotel","10":"product_shipping_class-free-shipping","12":"first","13":"outofstock","14":"featured","15":"taxable","16":"shipping-taxable","17":"purchasable","18":"product-type-simple"},"_links":{"self":[{"href":"https:\/\/abinox-chr-clim.com\/index.php\/wp-json\/wp\/v2\/product\/71237","targetHints":{"allow":["GET"]}}],"collection":[{"href":"https:\/\/abinox-chr-clim.com\/index.php\/wp-json\/wp\/v2\/product"}],"about":[{"href":"https:\/\/abinox-chr-clim.com\/index.php\/wp-json\/wp\/v2\/types\/product"}],"replies":[{"embeddable":true,"href":"https:\/\/abinox-chr-clim.com\/index.php\/wp-json\/wp\/v2\/comments?post=71237"}],"wp:featuredmedia":[{"embeddable":true,"href":"https:\/\/abinox-chr-clim.com\/index.php\/wp-json\/wp\/v2\/media\/100717"}],"wp:attachment":[{"href":"https:\/\/abinox-chr-clim.com\/index.php\/wp-json\/wp\/v2\/media?parent=71237"}],"wp:term":[{"taxonomy":"product_brand","embeddable":true,"href":"https:\/\/abinox-chr-clim.com\/index.php\/wp-json\/wp\/v2\/product_brand?post=71237"},{"taxonomy":"product_cat","embeddable":true,"href":"https:\/\/abinox-chr-clim.com\/index.php\/wp-json\/wp\/v2\/product_cat?post=71237"},{"taxonomy":"product_tag","embeddable":true,"href":"https:\/\/abinox-chr-clim.com\/index.php\/wp-json\/wp\/v2\/product_tag?post=71237"}],"curies":[{"name":"wp","href":"https:\/\/api.w.org\/{rel}","templated":true}]}}