{"id":71227,"date":"2024-03-22T19:40:34","date_gmt":"2024-03-22T18:40:34","guid":{"rendered":"https:\/\/abinox-chr-clim.com\/index.php\/product\/plateau-rectangulaire-antiderapant-en-fibre-de-verre-epictread-cambro-vert-415mm\/"},"modified":"2026-04-14T10:04:48","modified_gmt":"2026-04-14T08:04:48","slug":"plateau-rectangulaire-antiderapant-en-fibre-de-verre-epictread-cambro-vert-415mm","status":"publish","type":"product","link":"https:\/\/abinox-chr-clim.com\/index.php\/product\/plateau-rectangulaire-antiderapant-en-fibre-de-verre-epictread-cambro-vert-415mm\/","title":{"rendered":"Plateau rectangulaire antid\u00e9rapant en fibre de verre EpicTread Cambro vert 415mm"},"content":{"rendered":"<p>Plateau en stratifi\u00e9 solide et lisse. R\u00e9sistant aux chocs, aux cassures, aux rayures et aux taches et avec une r\u00e9sistance \u00e0 la chaleur de &#8211; 10 \u00baC \u00e0 + 100 \u00baC. Lave-vaisselle.<br \/>La surface antid\u00e9rapante emp\u00eache les verres ou la vaisselle de glisser et de se casser.La construction l\u00e9g\u00e8re en fibre de verre permet un transport sans effort. Mat\u00e9riau robuste emp\u00eache la flexion lors du transport de la vaisselle lourde. Les plots d&#8217;empilage maintiennent les plateaux bien droits et garantissent une circulation d&rsquo;air pour un s\u00e9chage rapide. Compatible lave-vaisselle jusqu&rsquo;\u00e0 3 lavages par jour. R\u00e9sistant \u00e0 la temp\u00e9rature de -40\u00b0C \u00e0 80\u00b0C &#8211; id\u00e9al pour transporter de la vaisselle chaude et froide. Id\u00e9al pour le personnel et les clients dans des environnements de restauration rapides. Vendu \u00e0 l&rsquo;unit\u00e9.La surface antid\u00e9rapante emp\u00eache les verres ou la vaisselle de glisser et de se casser. .<br \/> Caract\u00e9ristiques :<br \/> Dimensions : 415(L) x 305(P) mm.<br \/> Mati\u00e8re : Fibre de verre.<br \/> Temp\u00e9rature : -40 \u00b0C \u00e0 80 \u00b0C.<br \/> Couleur : Vert fonc\u00e9.<\/p>\n","protected":false},"excerpt":{"rendered":"<p>Plateau rectangulaire antid\u00e9rapant en fibre de verre EpicTread Cambro vert 415mm<\/p>\n","protected":false},"featured_media":93321,"comment_status":"closed","ping_status":"closed","template":"","meta":[],"product_brand":[],"product_cat":[1129,1297,1127,1106],"product_tag":[],"class_list":{"0":"post-71227","1":"product","2":"type-product","3":"status-publish","4":"has-post-thumbnail","6":"product_cat-cambro","7":"product_cat-non-palettisable","8":"product_cat-plateaux-de-service","9":"product_cat-restaurant-bar-et-hotel","10":"product_shipping_class-free-shipping","12":"first","13":"instock","14":"featured","15":"taxable","16":"shipping-taxable","17":"purchasable","18":"product-type-simple"},"_links":{"self":[{"href":"https:\/\/abinox-chr-clim.com\/index.php\/wp-json\/wp\/v2\/product\/71227","targetHints":{"allow":["GET"]}}],"collection":[{"href":"https:\/\/abinox-chr-clim.com\/index.php\/wp-json\/wp\/v2\/product"}],"about":[{"href":"https:\/\/abinox-chr-clim.com\/index.php\/wp-json\/wp\/v2\/types\/product"}],"replies":[{"embeddable":true,"href":"https:\/\/abinox-chr-clim.com\/index.php\/wp-json\/wp\/v2\/comments?post=71227"}],"wp:featuredmedia":[{"embeddable":true,"href":"https:\/\/abinox-chr-clim.com\/index.php\/wp-json\/wp\/v2\/media\/93321"}],"wp:attachment":[{"href":"https:\/\/abinox-chr-clim.com\/index.php\/wp-json\/wp\/v2\/media?parent=71227"}],"wp:term":[{"taxonomy":"product_brand","embeddable":true,"href":"https:\/\/abinox-chr-clim.com\/index.php\/wp-json\/wp\/v2\/product_brand?post=71227"},{"taxonomy":"product_cat","embeddable":true,"href":"https:\/\/abinox-chr-clim.com\/index.php\/wp-json\/wp\/v2\/product_cat?post=71227"},{"taxonomy":"product_tag","embeddable":true,"href":"https:\/\/abinox-chr-clim.com\/index.php\/wp-json\/wp\/v2\/product_tag?post=71227"}],"curies":[{"name":"wp","href":"https:\/\/api.w.org\/{rel}","templated":true}]}}