{"id":71214,"date":"2024-03-22T19:40:26","date_gmt":"2024-03-22T18:40:26","guid":{"rendered":"https:\/\/abinox-chr-clim.com\/index.php\/product\/plateau-stratifie-surface-grainee-madeira-cambro-chene-clair-43-cm\/"},"modified":"2026-04-14T10:07:47","modified_gmt":"2026-04-14T08:07:47","slug":"plateau-stratifie-surface-grainee-madeira-cambro-chene-clair-43-cm","status":"publish","type":"product","link":"https:\/\/abinox-chr-clim.com\/index.php\/product\/plateau-stratifie-surface-grainee-madeira-cambro-chene-clair-43-cm\/","title":{"rendered":"Plateau stratifi\u00e9 surface grain\u00e9e Madeira Cambro ch\u00eane clair 43 cm"},"content":{"rendered":"<p>Plateaux stratifi\u00e9s effet bois, surface grain\u00e9e des deux c\u00f4t\u00e9s, r\u00e9sistance aux chocs et thermique -10\u00b0C \u00e0 +100\u00b0C. Parfaits pour les caf\u00e9s, restaurants et pubs. Compatibles lave-vaisselle.<br \/>R\u00e9sistant \u00e0 la casse. R\u00e9sistant aux chocs thermiques. Compatibilit\u00e9 lave-vaisselle normale. Norme NSF. Mat\u00e9riau stratifi\u00e9 durable. Empilable pour un rangement facile. Finition bois attrayante. R\u00e9sistant \u00e0 l&rsquo;eau et aux taches. La construction solide emp\u00eache la flexion lors du transport d&rsquo;objets lourds. Bien s\u00e9cher avant d&#8217;empiler. Vendu \u00e0 l&rsquo;unit\u00e9. R\u00e9sistant \u00e0 la casse.<\/p>\n<p>Caract\u00e9ristiques :<br \/> Dimensions : 14(H) x 430(L) x 330(P) mm.<br \/> Mati\u00e8re : Stratifi\u00e9.<br \/> Temp\u00e9rature : -10 \u00b0C \u00e0 100 \u00b0C.<br \/> Couleur : Ch\u00eane clair.<\/p>\n","protected":false},"excerpt":{"rendered":"<p>Plateau stratifi\u00e9 surface grain\u00e9e Madeira Cambro ch\u00eane clair 43 cm<\/p>\n","protected":false},"featured_media":91401,"comment_status":"closed","ping_status":"closed","template":"","meta":[],"product_brand":[],"product_cat":[1129,1297,1127,1106],"product_tag":[],"class_list":{"0":"post-71214","1":"product","2":"type-product","3":"status-publish","4":"has-post-thumbnail","6":"product_cat-cambro","7":"product_cat-non-palettisable","8":"product_cat-plateaux-de-service","9":"product_cat-restaurant-bar-et-hotel","10":"product_shipping_class-free-shipping","12":"first","13":"instock","14":"featured","15":"taxable","16":"shipping-taxable","17":"purchasable","18":"product-type-simple"},"_links":{"self":[{"href":"https:\/\/abinox-chr-clim.com\/index.php\/wp-json\/wp\/v2\/product\/71214","targetHints":{"allow":["GET"]}}],"collection":[{"href":"https:\/\/abinox-chr-clim.com\/index.php\/wp-json\/wp\/v2\/product"}],"about":[{"href":"https:\/\/abinox-chr-clim.com\/index.php\/wp-json\/wp\/v2\/types\/product"}],"replies":[{"embeddable":true,"href":"https:\/\/abinox-chr-clim.com\/index.php\/wp-json\/wp\/v2\/comments?post=71214"}],"wp:featuredmedia":[{"embeddable":true,"href":"https:\/\/abinox-chr-clim.com\/index.php\/wp-json\/wp\/v2\/media\/91401"}],"wp:attachment":[{"href":"https:\/\/abinox-chr-clim.com\/index.php\/wp-json\/wp\/v2\/media?parent=71214"}],"wp:term":[{"taxonomy":"product_brand","embeddable":true,"href":"https:\/\/abinox-chr-clim.com\/index.php\/wp-json\/wp\/v2\/product_brand?post=71214"},{"taxonomy":"product_cat","embeddable":true,"href":"https:\/\/abinox-chr-clim.com\/index.php\/wp-json\/wp\/v2\/product_cat?post=71214"},{"taxonomy":"product_tag","embeddable":true,"href":"https:\/\/abinox-chr-clim.com\/index.php\/wp-json\/wp\/v2\/product_tag?post=71214"}],"curies":[{"name":"wp","href":"https:\/\/api.w.org\/{rel}","templated":true}]}}