{"id":71213,"date":"2024-03-22T19:40:26","date_gmt":"2024-03-22T18:40:26","guid":{"rendered":"https:\/\/abinox-chr-clim.com\/index.php\/product\/plateau-rectangulaire-en-polypropylene-fast-food-cambro-rouge-41-cm\/"},"modified":"2026-03-16T11:56:43","modified_gmt":"2026-03-16T10:56:43","slug":"plateau-rectangulaire-en-polypropylene-fast-food-cambro-rouge-41-cm","status":"publish","type":"product","link":"https:\/\/abinox-chr-clim.com\/index.php\/product\/plateau-rectangulaire-en-polypropylene-fast-food-cambro-rouge-41-cm\/","title":{"rendered":"Plateau rectangulaire en polypropyl\u00e8ne Fast Food Cambro rouge 41 cm"},"content":{"rendered":"<p>Plateaux stratifi\u00e9s lisses et solides. R\u00e9sistent aux chocs, aux cassures, aux rayures et aux t\u00e2ches, ainsi qu&rsquo;aux temp\u00e9ratures comprises entre &#8211; 10\u00baC et +100\u00baC.<br \/>Surface grain\u00e9e antid\u00e9rapante. Un mat\u00e9riau plus \u00e9pais aux angles renforce les bords. Avec plots d&#8217;empilage pour un stockage efficace. La surface textur\u00e9e aide \u00e0 \u00e9viter les d\u00e9versements. R\u00e9sistance \u00e0 la chaleur entre -10 \u00b0 C et 80 \u00b0 C: id\u00e9al pour les verres chauds et froids. Compatibilit\u00e9 lave-vaiselle : Nettoyer une fois par jour pendant 60 secondes \u00e0 une temp\u00e9rature maximale de 80&#730;C.Construction robuste en polypropyl\u00e8ne emp\u00eachant la flexion lors du transport d&rsquo;objets lourds. Facile \u00e0 nettoyer. Vendu \u00e0 l&rsquo;unit\u00e9. Surface grain\u00e9e antid\u00e9rapante.<\/p>\n<p>Caract\u00e9ristiques :<br \/> Dimensions : 19(H) x 410(L) x 300(P) mm.<br \/> Mati\u00e8re : Polypropyl\u00e8ne.<br \/> Temp\u00e9rature : -10 \u00b0C \u00e0 80 \u00b0C.<br \/> Couleur : Rouge.<\/p>\n","protected":false},"excerpt":{"rendered":"<p>Plateau rectangulaire en polypropyl\u00e8ne Fast Food Cambro rouge 41 cm<\/p>\n","protected":false},"featured_media":92327,"comment_status":"closed","ping_status":"closed","template":"","meta":[],"product_brand":[],"product_cat":[1129,1297,1127,1106],"product_tag":[],"class_list":{"0":"post-71213","1":"product","2":"type-product","3":"status-publish","4":"has-post-thumbnail","6":"product_cat-cambro","7":"product_cat-non-palettisable","8":"product_cat-plateaux-de-service","9":"product_cat-restaurant-bar-et-hotel","10":"product_shipping_class-free-shipping","12":"first","13":"outofstock","14":"featured","15":"taxable","16":"shipping-taxable","17":"purchasable","18":"product-type-simple"},"_links":{"self":[{"href":"https:\/\/abinox-chr-clim.com\/index.php\/wp-json\/wp\/v2\/product\/71213","targetHints":{"allow":["GET"]}}],"collection":[{"href":"https:\/\/abinox-chr-clim.com\/index.php\/wp-json\/wp\/v2\/product"}],"about":[{"href":"https:\/\/abinox-chr-clim.com\/index.php\/wp-json\/wp\/v2\/types\/product"}],"replies":[{"embeddable":true,"href":"https:\/\/abinox-chr-clim.com\/index.php\/wp-json\/wp\/v2\/comments?post=71213"}],"wp:featuredmedia":[{"embeddable":true,"href":"https:\/\/abinox-chr-clim.com\/index.php\/wp-json\/wp\/v2\/media\/92327"}],"wp:attachment":[{"href":"https:\/\/abinox-chr-clim.com\/index.php\/wp-json\/wp\/v2\/media?parent=71213"}],"wp:term":[{"taxonomy":"product_brand","embeddable":true,"href":"https:\/\/abinox-chr-clim.com\/index.php\/wp-json\/wp\/v2\/product_brand?post=71213"},{"taxonomy":"product_cat","embeddable":true,"href":"https:\/\/abinox-chr-clim.com\/index.php\/wp-json\/wp\/v2\/product_cat?post=71213"},{"taxonomy":"product_tag","embeddable":true,"href":"https:\/\/abinox-chr-clim.com\/index.php\/wp-json\/wp\/v2\/product_tag?post=71213"}],"curies":[{"name":"wp","href":"https:\/\/api.w.org\/{rel}","templated":true}]}}