{"id":71212,"date":"2024-03-22T19:40:25","date_gmt":"2024-03-22T18:40:25","guid":{"rendered":"https:\/\/abinox-chr-clim.com\/index.php\/product\/plateau-rond-stratifie-mykonos-cambro-noyer-38-cm\/"},"modified":"2026-04-14T10:04:09","modified_gmt":"2026-04-14T08:04:09","slug":"plateau-rond-stratifie-mykonos-cambro-noyer-38-cm","status":"publish","type":"product","link":"https:\/\/abinox-chr-clim.com\/index.php\/product\/plateau-rond-stratifie-mykonos-cambro-noyer-38-cm\/","title":{"rendered":"Plateau rond stratifi\u00e9 Mykonos Cambro noyer 38 cm"},"content":{"rendered":"<p>Robuste avec un rev\u00eatement antid\u00e9rapant transparent. Empilable pour un stockage peu encombrant. La construction emp\u00eache la flexion lors du transport de charges lourdes. R\u00e9sistant \u00e0 la chaleur entre -10\u00b0C et 100\u00b0C: id\u00e9al pour les verres chauds et froids. Compatible lave-vaisselle &#8211; un lavage par jour.Vendu \u00e0 l&rsquo;unit\u00e9. Couleur noyer. Robuste avec un rev\u00eatement antid\u00e9rapant transparent.<\/p>\n<p>Caract\u00e9ristiques :<br \/> Dimensions : 16(H) x 380(\u00d8) mm.<br \/> Mati\u00e8re : Stratifi\u00e9.<br \/> Temp\u00e9rature : -10 \u00b0C \u00e0 100 \u00b0C<\/p>\n","protected":false},"excerpt":{"rendered":"<p>Plateau rond stratifi\u00e9 Mykonos Cambro noyer 38 cm<\/p>\n","protected":false},"featured_media":92330,"comment_status":"closed","ping_status":"closed","template":"","meta":[],"product_brand":[],"product_cat":[1129,1297,1127,1106],"product_tag":[],"class_list":{"0":"post-71212","1":"product","2":"type-product","3":"status-publish","4":"has-post-thumbnail","6":"product_cat-cambro","7":"product_cat-non-palettisable","8":"product_cat-plateaux-de-service","9":"product_cat-restaurant-bar-et-hotel","10":"product_shipping_class-free-shipping","12":"first","13":"outofstock","14":"featured","15":"taxable","16":"shipping-taxable","17":"purchasable","18":"product-type-simple"},"_links":{"self":[{"href":"https:\/\/abinox-chr-clim.com\/index.php\/wp-json\/wp\/v2\/product\/71212","targetHints":{"allow":["GET"]}}],"collection":[{"href":"https:\/\/abinox-chr-clim.com\/index.php\/wp-json\/wp\/v2\/product"}],"about":[{"href":"https:\/\/abinox-chr-clim.com\/index.php\/wp-json\/wp\/v2\/types\/product"}],"replies":[{"embeddable":true,"href":"https:\/\/abinox-chr-clim.com\/index.php\/wp-json\/wp\/v2\/comments?post=71212"}],"wp:featuredmedia":[{"embeddable":true,"href":"https:\/\/abinox-chr-clim.com\/index.php\/wp-json\/wp\/v2\/media\/92330"}],"wp:attachment":[{"href":"https:\/\/abinox-chr-clim.com\/index.php\/wp-json\/wp\/v2\/media?parent=71212"}],"wp:term":[{"taxonomy":"product_brand","embeddable":true,"href":"https:\/\/abinox-chr-clim.com\/index.php\/wp-json\/wp\/v2\/product_brand?post=71212"},{"taxonomy":"product_cat","embeddable":true,"href":"https:\/\/abinox-chr-clim.com\/index.php\/wp-json\/wp\/v2\/product_cat?post=71212"},{"taxonomy":"product_tag","embeddable":true,"href":"https:\/\/abinox-chr-clim.com\/index.php\/wp-json\/wp\/v2\/product_tag?post=71212"}],"curies":[{"name":"wp","href":"https:\/\/api.w.org\/{rel}","templated":true}]}}