{"id":71207,"date":"2024-03-22T19:40:23","date_gmt":"2024-03-22T18:40:23","guid":{"rendered":"https:\/\/abinox-chr-clim.com\/index.php\/product\/plateau-de-service-rond-fibre-de-verre-antiderapant-camtread-cambro-noir-405-cm\/"},"modified":"2026-04-14T10:07:45","modified_gmt":"2026-04-14T08:07:45","slug":"plateau-de-service-rond-fibre-de-verre-antiderapant-camtread-cambro-noir-405-cm","status":"publish","type":"product","link":"https:\/\/abinox-chr-clim.com\/index.php\/product\/plateau-de-service-rond-fibre-de-verre-antiderapant-camtread-cambro-noir-405-cm\/","title":{"rendered":"Plateau de service rond fibre de verre antid\u00e9rapant Camtread Cambro noir 40,5 cm"},"content":{"rendered":"<p>Robuste avec une surface en caoutchouc durable. La construction en fibre de verre rend le plateau l\u00e9ger et facile \u00e0 transporter. La surface antid\u00e9rapante emp\u00eache les glissements, m\u00eame mouill\u00e9e. R\u00e9sistance thermique de -10\u00b0C et 100\u00b0C: id\u00e9al pour les verres chauds et froids. Compatible lave-vaisselle: peut \u00eatre lav\u00e9 rapidement et facilement. La construction solide emp\u00eache la flexion en cas de charge lourde.Vendu \u00e0 l&rsquo;unit\u00e9. Robuste avec une surface en caoutchouc durable.<\/p>\n<p>Caract\u00e9ristiques :<br \/> Dimensions : 22(H) x 405(\u00d8) mm.<br \/> Mati\u00e8re : Fibre de verre.<br \/> Temp\u00e9rature : -10 \u00b0C \u00e0 100 \u00b0C<\/p>\n","protected":false},"excerpt":{"rendered":"<p>Plateau de service rond fibre de verre antid\u00e9rapant Camtread Cambro noir 40,5 cm<\/p>\n","protected":false},"featured_media":92349,"comment_status":"closed","ping_status":"closed","template":"","meta":[],"product_brand":[],"product_cat":[1129,1297,1127,1106],"product_tag":[],"class_list":{"0":"post-71207","1":"product","2":"type-product","3":"status-publish","4":"has-post-thumbnail","6":"product_cat-cambro","7":"product_cat-non-palettisable","8":"product_cat-plateaux-de-service","9":"product_cat-restaurant-bar-et-hotel","10":"product_shipping_class-free-shipping","12":"first","13":"instock","14":"featured","15":"taxable","16":"shipping-taxable","17":"purchasable","18":"product-type-simple"},"_links":{"self":[{"href":"https:\/\/abinox-chr-clim.com\/index.php\/wp-json\/wp\/v2\/product\/71207","targetHints":{"allow":["GET"]}}],"collection":[{"href":"https:\/\/abinox-chr-clim.com\/index.php\/wp-json\/wp\/v2\/product"}],"about":[{"href":"https:\/\/abinox-chr-clim.com\/index.php\/wp-json\/wp\/v2\/types\/product"}],"replies":[{"embeddable":true,"href":"https:\/\/abinox-chr-clim.com\/index.php\/wp-json\/wp\/v2\/comments?post=71207"}],"wp:featuredmedia":[{"embeddable":true,"href":"https:\/\/abinox-chr-clim.com\/index.php\/wp-json\/wp\/v2\/media\/92349"}],"wp:attachment":[{"href":"https:\/\/abinox-chr-clim.com\/index.php\/wp-json\/wp\/v2\/media?parent=71207"}],"wp:term":[{"taxonomy":"product_brand","embeddable":true,"href":"https:\/\/abinox-chr-clim.com\/index.php\/wp-json\/wp\/v2\/product_brand?post=71207"},{"taxonomy":"product_cat","embeddable":true,"href":"https:\/\/abinox-chr-clim.com\/index.php\/wp-json\/wp\/v2\/product_cat?post=71207"},{"taxonomy":"product_tag","embeddable":true,"href":"https:\/\/abinox-chr-clim.com\/index.php\/wp-json\/wp\/v2\/product_tag?post=71207"}],"curies":[{"name":"wp","href":"https:\/\/api.w.org\/{rel}","templated":true}]}}