{"id":71204,"date":"2024-03-22T19:40:22","date_gmt":"2024-03-22T18:40:22","guid":{"rendered":"https:\/\/abinox-chr-clim.com\/index.php\/product\/plateau-stratifie-rectangulaire-avec-poignees-capri-cambro-wenge-640mm\/"},"modified":"2026-04-14T08:46:14","modified_gmt":"2026-04-14T06:46:14","slug":"plateau-stratifie-rectangulaire-avec-poignees-capri-cambro-wenge-640mm","status":"publish","type":"product","link":"https:\/\/abinox-chr-clim.com\/index.php\/product\/plateau-stratifie-rectangulaire-avec-poignees-capri-cambro-wenge-640mm\/","title":{"rendered":"Plateau stratifi\u00e9 rectangulaire avec poign\u00e9es Capri Cambro weng\u00e9 640mm"},"content":{"rendered":"<p>Grande surface pour un transport maximum.L\u00e9ger &#8211; p\u00e8se 30% de moins que les plateaux de service en bois.Coloris weng\u00e9. Empilable pour un rangement facile &#8211; Remarque : tous les plateaux stratifi\u00e9s doivent \u00eatre s\u00e9ch\u00e9s avant l&#8217;empilage.Surface lisse facilite le nettoyage. Compatible lave-vaisselle &#8211; un lavage par jour.Vendu \u00e0 l&rsquo;unit\u00e9. Grande surface pour un transport maximum. .<br \/> Caract\u00e9ristiques :<br \/> Dimensions : 17(H) x 640(l) x 400(P) mm.<br \/> Mati\u00e8re : Stratifi\u00e9.<br \/> Temp\u00e9rature : -10 \u00b0C \u00e0 100 \u00b0C<\/p>\n","protected":false},"excerpt":{"rendered":"<p>Plateau stratifi\u00e9 rectangulaire avec poign\u00e9es Capri Cambro weng\u00e9 640mm<\/p>\n","protected":false},"featured_media":89644,"comment_status":"closed","ping_status":"closed","template":"","meta":[],"product_brand":[],"product_cat":[1129,1297,1127,1106],"product_tag":[],"class_list":{"0":"post-71204","1":"product","2":"type-product","3":"status-publish","4":"has-post-thumbnail","6":"product_cat-cambro","7":"product_cat-non-palettisable","8":"product_cat-plateaux-de-service","9":"product_cat-restaurant-bar-et-hotel","10":"product_shipping_class-free-shipping","12":"first","13":"instock","14":"featured","15":"taxable","16":"shipping-taxable","17":"purchasable","18":"product-type-simple"},"_links":{"self":[{"href":"https:\/\/abinox-chr-clim.com\/index.php\/wp-json\/wp\/v2\/product\/71204","targetHints":{"allow":["GET"]}}],"collection":[{"href":"https:\/\/abinox-chr-clim.com\/index.php\/wp-json\/wp\/v2\/product"}],"about":[{"href":"https:\/\/abinox-chr-clim.com\/index.php\/wp-json\/wp\/v2\/types\/product"}],"replies":[{"embeddable":true,"href":"https:\/\/abinox-chr-clim.com\/index.php\/wp-json\/wp\/v2\/comments?post=71204"}],"wp:featuredmedia":[{"embeddable":true,"href":"https:\/\/abinox-chr-clim.com\/index.php\/wp-json\/wp\/v2\/media\/89644"}],"wp:attachment":[{"href":"https:\/\/abinox-chr-clim.com\/index.php\/wp-json\/wp\/v2\/media?parent=71204"}],"wp:term":[{"taxonomy":"product_brand","embeddable":true,"href":"https:\/\/abinox-chr-clim.com\/index.php\/wp-json\/wp\/v2\/product_brand?post=71204"},{"taxonomy":"product_cat","embeddable":true,"href":"https:\/\/abinox-chr-clim.com\/index.php\/wp-json\/wp\/v2\/product_cat?post=71204"},{"taxonomy":"product_tag","embeddable":true,"href":"https:\/\/abinox-chr-clim.com\/index.php\/wp-json\/wp\/v2\/product_tag?post=71204"}],"curies":[{"name":"wp","href":"https:\/\/api.w.org\/{rel}","templated":true}]}}