{"id":71192,"date":"2024-03-22T19:40:17","date_gmt":"2024-03-22T18:40:17","guid":{"rendered":"https:\/\/abinox-chr-clim.com\/index.php\/product\/plateau-rond-fibre-de-verre-antiderapant-treadlite-cambro-noir-355-cm\/"},"modified":"2026-04-14T10:07:03","modified_gmt":"2026-04-14T08:07:03","slug":"plateau-rond-fibre-de-verre-antiderapant-treadlite-cambro-noir-355-cm","status":"publish","type":"product","link":"https:\/\/abinox-chr-clim.com\/index.php\/product\/plateau-rond-fibre-de-verre-antiderapant-treadlite-cambro-noir-355-cm\/","title":{"rendered":"Plateau rond fibre de verre antid\u00e9rapant Treadlite Cambro noir 35,5 cm"},"content":{"rendered":"<p>Plateaux compos\u00e9s de couches de fibre de verre et r\u00e9sine polyester avec surface antid\u00e9rapante en caoutchouc, combinaison id\u00e9ale de polyvalence et de durabilit\u00e9. Compatible lave-vaisselle.<br \/>La construction robuste en fibre de verre et polyester emp\u00eache la flexion lorsque vous transportez des charges lourdes. Surface antid\u00e9rapante en caoutchouc emp\u00eachant la vaisselle, les couverts et les verres de glisser du plateau. Les bords renforc\u00e9s procurent une durabilit\u00e9 et une protection accrues. Les plots d&#8217;empilage favorisent la circulation de l&rsquo;air pour un s\u00e9chage rapide. Id\u00e9al pour les bars, restaurants et caf\u00e9s. La couleur noire sophistiqu\u00e9e am\u00e9liore votre pr\u00e9sentation. Le mat\u00e9riau en fibre de verre rend le plateau plus r\u00e9sistant que les plateaux en plastique. Le mat\u00e9riau l\u00e9ger permet au personnel de transporter confortablement plus de plats et de boissons qu&rsquo;avec des plateaux en plastique. Vendu \u00e0 l&rsquo;unit\u00e9.La construction robuste en fibre de verre et polyester emp\u00eache la flexion lorsque vous transportez des charges lourdes.<\/p>\n<p>Caract\u00e9ristiques :<br \/> Dimensions : 355(\u00d8) mm.<br \/> Mati\u00e8re : Fibre de verre.<br \/> Temp\u00e9rature : -10 \u00b0C \u00e0 100 \u00b0C.<br \/> Couleur : Noir.<\/p>\n","protected":false},"excerpt":{"rendered":"<p>Plateau rond fibre de verre antid\u00e9rapant Treadlite Cambro noir 35,5 cm<\/p>\n","protected":false},"featured_media":87555,"comment_status":"closed","ping_status":"closed","template":"","meta":[],"product_brand":[],"product_cat":[1129,1297,1127,1106],"product_tag":[],"class_list":{"0":"post-71192","1":"product","2":"type-product","3":"status-publish","4":"has-post-thumbnail","6":"product_cat-cambro","7":"product_cat-non-palettisable","8":"product_cat-plateaux-de-service","9":"product_cat-restaurant-bar-et-hotel","10":"product_shipping_class-free-shipping","12":"first","13":"instock","14":"featured","15":"taxable","16":"shipping-taxable","17":"purchasable","18":"product-type-simple"},"_links":{"self":[{"href":"https:\/\/abinox-chr-clim.com\/index.php\/wp-json\/wp\/v2\/product\/71192","targetHints":{"allow":["GET"]}}],"collection":[{"href":"https:\/\/abinox-chr-clim.com\/index.php\/wp-json\/wp\/v2\/product"}],"about":[{"href":"https:\/\/abinox-chr-clim.com\/index.php\/wp-json\/wp\/v2\/types\/product"}],"replies":[{"embeddable":true,"href":"https:\/\/abinox-chr-clim.com\/index.php\/wp-json\/wp\/v2\/comments?post=71192"}],"wp:featuredmedia":[{"embeddable":true,"href":"https:\/\/abinox-chr-clim.com\/index.php\/wp-json\/wp\/v2\/media\/87555"}],"wp:attachment":[{"href":"https:\/\/abinox-chr-clim.com\/index.php\/wp-json\/wp\/v2\/media?parent=71192"}],"wp:term":[{"taxonomy":"product_brand","embeddable":true,"href":"https:\/\/abinox-chr-clim.com\/index.php\/wp-json\/wp\/v2\/product_brand?post=71192"},{"taxonomy":"product_cat","embeddable":true,"href":"https:\/\/abinox-chr-clim.com\/index.php\/wp-json\/wp\/v2\/product_cat?post=71192"},{"taxonomy":"product_tag","embeddable":true,"href":"https:\/\/abinox-chr-clim.com\/index.php\/wp-json\/wp\/v2\/product_tag?post=71192"}],"curies":[{"name":"wp","href":"https:\/\/api.w.org\/{rel}","templated":true}]}}