{"id":71190,"date":"2024-03-22T19:40:15","date_gmt":"2024-03-22T18:40:15","guid":{"rendered":"https:\/\/abinox-chr-clim.com\/index.php\/product\/plateau-fibre-de-verre-camtray-cambro-noir-457-cm\/"},"modified":"2026-04-14T10:03:29","modified_gmt":"2026-04-14T08:03:29","slug":"plateau-fibre-de-verre-camtray-cambro-noir-457-cm","status":"publish","type":"product","link":"https:\/\/abinox-chr-clim.com\/index.php\/product\/plateau-fibre-de-verre-camtray-cambro-noir-457-cm\/","title":{"rendered":"Plateau fibre de verre Camtray Cambro noir 45,7 cm"},"content":{"rendered":"<p>Fabriqu\u00e9 en fibre de verre r\u00e9sistant aux chocs avec bords renforc\u00e9s. R\u00e9sistant aux taches et aux odeurs. Compatible lave-vaisselle. Poss\u00e8de des plots d&#8217;empilage pour un s\u00e9chage rapide et un stockage peu encombrant. La construction l\u00e9g\u00e8re en fibre de verre permet un transport sans effort. La construction solide emp\u00eache la flexion lors du transport de charges lourdes. La structure en fibre de verre rend le plateau plus solide, plus durable et plus l\u00e9ger que les alternatives en plastique. R\u00e9sistance thermique -10\u00b0C \u00e0 100\u00b0C. Haute r\u00e9sistance aux chocs et \u00e9raflures. Vendu \u00e0 l&rsquo;unit\u00e9. Fabriqu\u00e9 en fibre de verre r\u00e9sistant aux chocs avec bords renforc\u00e9s.<\/p>\n<p>Caract\u00e9ristiques :<br \/> Dimensions : 457(L) x 355(P) mm.<br \/> Mati\u00e8re : Fibre de verre.<br \/> Temp\u00e9rature : -10 \u00b0C \u00e0 100 \u00b0C<\/p>\n","protected":false},"excerpt":{"rendered":"<p>Plateau fibre de verre Camtray Cambro noir 45,7 cm<\/p>\n","protected":false},"featured_media":88986,"comment_status":"closed","ping_status":"closed","template":"","meta":[],"product_brand":[],"product_cat":[1129,1297,1127,1106],"product_tag":[],"class_list":{"0":"post-71190","1":"product","2":"type-product","3":"status-publish","4":"has-post-thumbnail","6":"product_cat-cambro","7":"product_cat-non-palettisable","8":"product_cat-plateaux-de-service","9":"product_cat-restaurant-bar-et-hotel","10":"product_shipping_class-free-shipping","12":"first","13":"instock","14":"featured","15":"taxable","16":"shipping-taxable","17":"purchasable","18":"product-type-simple"},"_links":{"self":[{"href":"https:\/\/abinox-chr-clim.com\/index.php\/wp-json\/wp\/v2\/product\/71190","targetHints":{"allow":["GET"]}}],"collection":[{"href":"https:\/\/abinox-chr-clim.com\/index.php\/wp-json\/wp\/v2\/product"}],"about":[{"href":"https:\/\/abinox-chr-clim.com\/index.php\/wp-json\/wp\/v2\/types\/product"}],"replies":[{"embeddable":true,"href":"https:\/\/abinox-chr-clim.com\/index.php\/wp-json\/wp\/v2\/comments?post=71190"}],"wp:featuredmedia":[{"embeddable":true,"href":"https:\/\/abinox-chr-clim.com\/index.php\/wp-json\/wp\/v2\/media\/88986"}],"wp:attachment":[{"href":"https:\/\/abinox-chr-clim.com\/index.php\/wp-json\/wp\/v2\/media?parent=71190"}],"wp:term":[{"taxonomy":"product_brand","embeddable":true,"href":"https:\/\/abinox-chr-clim.com\/index.php\/wp-json\/wp\/v2\/product_brand?post=71190"},{"taxonomy":"product_cat","embeddable":true,"href":"https:\/\/abinox-chr-clim.com\/index.php\/wp-json\/wp\/v2\/product_cat?post=71190"},{"taxonomy":"product_tag","embeddable":true,"href":"https:\/\/abinox-chr-clim.com\/index.php\/wp-json\/wp\/v2\/product_tag?post=71190"}],"curies":[{"name":"wp","href":"https:\/\/api.w.org\/{rel}","templated":true}]}}