{"id":71189,"date":"2024-03-22T19:40:15","date_gmt":"2024-03-22T18:40:15","guid":{"rendered":"https:\/\/abinox-chr-clim.com\/index.php\/product\/plateau-rectangulaire-antiderapant-en-fibre-de-verre-camtread-cambro-noir-457-cm\/"},"modified":"2026-04-14T10:03:06","modified_gmt":"2026-04-14T08:03:06","slug":"plateau-rectangulaire-antiderapant-en-fibre-de-verre-camtread-cambro-noir-457-cm","status":"publish","type":"product","link":"https:\/\/abinox-chr-clim.com\/index.php\/product\/plateau-rectangulaire-antiderapant-en-fibre-de-verre-camtread-cambro-noir-457-cm\/","title":{"rendered":"Plateau rectangulaire antid\u00e9rapant en fibre de verre Camtread Cambro noir 45,7 cm"},"content":{"rendered":"<p>Plateau de service antid\u00e9rapant de haute qualit\u00e9 en fibre de verre robuste avec une surface en caoutchouc durable. R\u00e9sistance thermique de &#8211; 10\u00baC et +100\u00baC. Compatible lave-vaisselle.<br \/>Fait de fibre de verre tr\u00e8s r\u00e9sistante et tr\u00e8s durable. Surface \u00e9paisse antid\u00e9rapante qui ne s&rsquo;use pas. La surface antid\u00e9rapante emp\u00eache les verres ou la vaisselle de glisser et de se casser.Compatible lave-vaisselle. Forme rectangulaire polyvalente. La construction l\u00e9g\u00e8re en fibre de verre permet un transport sans effort. Mat\u00e9riau robuste emp\u00eache la flexion lors du transport de la vaisselle lourde. La structure en fibre de verre rend le plateau plus solide, plus durable et plus l\u00e9ger que les alternatives en plastique. Poss\u00e8de des plots d&#8217;empilage pour un s\u00e9chage rapide et un stockage compact. Un standard de l&rsquo;industrie pour les traiteurs, les h\u00f4tels, les salles de banquets, les salles de restauration et les bars. Vendu \u00e0 l&rsquo;unit\u00e9. Cambro Item Number: 1418CT110. Fait de fibre de verre tr\u00e8s r\u00e9sistante et tr\u00e8s durable.<\/p>\n<p>Caract\u00e9ristiques :<br \/> Dimensions : 457(L) x 355(P) mm.<br \/> Mati\u00e8re : Fibre de verre.<br \/> Temp\u00e9rature : -10 \u00b0C \u00e0 100 \u00b0C.<br \/> Couleur : Noir.<\/p>\n","protected":false},"excerpt":{"rendered":"<p>Plateau rectangulaire antid\u00e9rapant en fibre de verre Camtread Cambro noir 45,7 cm<\/p>\n","protected":false},"featured_media":86140,"comment_status":"closed","ping_status":"closed","template":"","meta":[],"product_brand":[],"product_cat":[1129,1297,1127,1106],"product_tag":[],"class_list":{"0":"post-71189","1":"product","2":"type-product","3":"status-publish","4":"has-post-thumbnail","6":"product_cat-cambro","7":"product_cat-non-palettisable","8":"product_cat-plateaux-de-service","9":"product_cat-restaurant-bar-et-hotel","10":"product_shipping_class-free-shipping","12":"first","13":"instock","14":"featured","15":"taxable","16":"shipping-taxable","17":"purchasable","18":"product-type-simple"},"_links":{"self":[{"href":"https:\/\/abinox-chr-clim.com\/index.php\/wp-json\/wp\/v2\/product\/71189","targetHints":{"allow":["GET"]}}],"collection":[{"href":"https:\/\/abinox-chr-clim.com\/index.php\/wp-json\/wp\/v2\/product"}],"about":[{"href":"https:\/\/abinox-chr-clim.com\/index.php\/wp-json\/wp\/v2\/types\/product"}],"replies":[{"embeddable":true,"href":"https:\/\/abinox-chr-clim.com\/index.php\/wp-json\/wp\/v2\/comments?post=71189"}],"wp:featuredmedia":[{"embeddable":true,"href":"https:\/\/abinox-chr-clim.com\/index.php\/wp-json\/wp\/v2\/media\/86140"}],"wp:attachment":[{"href":"https:\/\/abinox-chr-clim.com\/index.php\/wp-json\/wp\/v2\/media?parent=71189"}],"wp:term":[{"taxonomy":"product_brand","embeddable":true,"href":"https:\/\/abinox-chr-clim.com\/index.php\/wp-json\/wp\/v2\/product_brand?post=71189"},{"taxonomy":"product_cat","embeddable":true,"href":"https:\/\/abinox-chr-clim.com\/index.php\/wp-json\/wp\/v2\/product_cat?post=71189"},{"taxonomy":"product_tag","embeddable":true,"href":"https:\/\/abinox-chr-clim.com\/index.php\/wp-json\/wp\/v2\/product_tag?post=71189"}],"curies":[{"name":"wp","href":"https:\/\/api.w.org\/{rel}","templated":true}]}}