{"id":71188,"date":"2024-03-22T19:40:14","date_gmt":"2024-03-22T18:40:14","guid":{"rendered":"https:\/\/abinox-chr-clim.com\/index.php\/product\/plateau-de-service-rectangulaire-fibre-de-verre-antiderapant-camtread-cambro-noir-450x650mm-lot-de-6\/"},"modified":"2026-04-14T10:29:02","modified_gmt":"2026-04-14T08:29:02","slug":"plateau-de-service-rectangulaire-fibre-de-verre-antiderapant-camtread-cambro-noir-450x650mm-lot-de-6","status":"publish","type":"product","link":"https:\/\/abinox-chr-clim.com\/index.php\/product\/plateau-de-service-rectangulaire-fibre-de-verre-antiderapant-camtread-cambro-noir-450x650mm-lot-de-6\/","title":{"rendered":"Plateau de service rectangulaire fibre de verre antid\u00e9rapant Camtread Cambro noir 450x650mm (Lot de 6)"},"content":{"rendered":"<p>Plateaux de service antid\u00e9rapants de haute qualit\u00e9 en fibre de verre robuste avec une surface en caoutchouc durable. R\u00e9sistance thermique de &#8211; 10\u00baC et +100\u00baC. Compatibles lave-vaisselle.<br \/>Maintenez les boissons et plats en place pendant le transport avec ce plateau de service antid\u00e9rapant Cambro Camtread\u00ae. Il pr\u00e9sente une conception robuste et fonctionnelle, compl\u00e9t\u00e9e par une construction en fibre de verre durable pour supporter des charges lourdes.Ce plateau poss\u00e8de une surface antid\u00e9rapante \u00e9paisse pour que votre personnel de service ait l&rsquo;esprit tranquille lors du service dans un restaurant tr\u00e8s fr\u00e9quent\u00e9 avec une commande pleine de boissons et de plats. .Maintenez les boissons et plats en place pendant le transport avec ce plateau de service antid\u00e9rapant Cambro Camtread\u00ae.<\/p>\n<p>Caract\u00e9ristiques :<br \/> Dimensions : 650(H) x 650(L) x 450(P) mm.<br \/> Mati\u00e8re : Fibre de verre.<br \/> Couleur : Noir.<\/p>\n","protected":false},"excerpt":{"rendered":"<p>Plateau de service rectangulaire fibre de verre antid\u00e9rapant Camtread Cambro noir 450x650mm (Lot de 6)<\/p>\n","protected":false},"featured_media":84613,"comment_status":"closed","ping_status":"closed","template":"","meta":[],"product_brand":[],"product_cat":[1129,1297,1127,1106],"product_tag":[],"class_list":{"0":"post-71188","1":"product","2":"type-product","3":"status-publish","4":"has-post-thumbnail","6":"product_cat-cambro","7":"product_cat-non-palettisable","8":"product_cat-plateaux-de-service","9":"product_cat-restaurant-bar-et-hotel","10":"product_shipping_class-free-shipping","12":"first","13":"instock","14":"featured","15":"taxable","16":"shipping-taxable","17":"purchasable","18":"product-type-simple"},"_links":{"self":[{"href":"https:\/\/abinox-chr-clim.com\/index.php\/wp-json\/wp\/v2\/product\/71188","targetHints":{"allow":["GET"]}}],"collection":[{"href":"https:\/\/abinox-chr-clim.com\/index.php\/wp-json\/wp\/v2\/product"}],"about":[{"href":"https:\/\/abinox-chr-clim.com\/index.php\/wp-json\/wp\/v2\/types\/product"}],"replies":[{"embeddable":true,"href":"https:\/\/abinox-chr-clim.com\/index.php\/wp-json\/wp\/v2\/comments?post=71188"}],"wp:featuredmedia":[{"embeddable":true,"href":"https:\/\/abinox-chr-clim.com\/index.php\/wp-json\/wp\/v2\/media\/84613"}],"wp:attachment":[{"href":"https:\/\/abinox-chr-clim.com\/index.php\/wp-json\/wp\/v2\/media?parent=71188"}],"wp:term":[{"taxonomy":"product_brand","embeddable":true,"href":"https:\/\/abinox-chr-clim.com\/index.php\/wp-json\/wp\/v2\/product_brand?post=71188"},{"taxonomy":"product_cat","embeddable":true,"href":"https:\/\/abinox-chr-clim.com\/index.php\/wp-json\/wp\/v2\/product_cat?post=71188"},{"taxonomy":"product_tag","embeddable":true,"href":"https:\/\/abinox-chr-clim.com\/index.php\/wp-json\/wp\/v2\/product_tag?post=71188"}],"curies":[{"name":"wp","href":"https:\/\/api.w.org\/{rel}","templated":true}]}}