{"id":71186,"date":"2024-03-22T19:40:14","date_gmt":"2024-03-22T18:40:14","guid":{"rendered":"https:\/\/abinox-chr-clim.com\/index.php\/product\/plateau-fibre-de-verre-camtray-cambro-noir-265x325mm\/"},"modified":"2026-04-14T10:30:25","modified_gmt":"2026-04-14T08:30:25","slug":"plateau-fibre-de-verre-camtray-cambro-noir-265x325mm","status":"publish","type":"product","link":"https:\/\/abinox-chr-clim.com\/index.php\/product\/plateau-fibre-de-verre-camtray-cambro-noir-265x325mm\/","title":{"rendered":"Plateau fibre de verre Camtray Cambro noir 265x325mm"},"content":{"rendered":"<p>Plateau GN 1\/2 \u00e0 surface lisse, passe au lave-vaisselle. Plateau adapt\u00e9 au trafic intense et \u00e0 un usage fr\u00e9quent (collectivit\u00e9s, scolaire, sant\u00e9). Poss\u00e8de des plots d&#8217;empilage pour un s\u00e9chage rapide et un stockage peu encombrant. Fabriqu\u00e9 en fibre de verre r\u00e9sistant aux chocs avec bords renforc\u00e9s. R\u00e9sistant aux taches et aux odeurs pour un service durable. Lave-vaisselle. List\u00e9 NSF.Plateau GN 1\/2 \u00e0 surface lisse, passe au lave-vaisselle.<\/p>\n<p>Caract\u00e9ristiques :<br \/> Dimensions : 265(H) mm.<\/p>\n","protected":false},"excerpt":{"rendered":"<p>Plateau fibre de verre Camtray Cambro noir 265x325mm<\/p>\n","protected":false},"featured_media":84013,"comment_status":"closed","ping_status":"closed","template":"","meta":[],"product_brand":[],"product_cat":[1129,1297,1127,1106],"product_tag":[],"class_list":{"0":"post-71186","1":"product","2":"type-product","3":"status-publish","4":"has-post-thumbnail","6":"product_cat-cambro","7":"product_cat-non-palettisable","8":"product_cat-plateaux-de-service","9":"product_cat-restaurant-bar-et-hotel","10":"product_shipping_class-free-shipping","12":"first","13":"outofstock","14":"featured","15":"taxable","16":"shipping-taxable","17":"purchasable","18":"product-type-simple"},"_links":{"self":[{"href":"https:\/\/abinox-chr-clim.com\/index.php\/wp-json\/wp\/v2\/product\/71186","targetHints":{"allow":["GET"]}}],"collection":[{"href":"https:\/\/abinox-chr-clim.com\/index.php\/wp-json\/wp\/v2\/product"}],"about":[{"href":"https:\/\/abinox-chr-clim.com\/index.php\/wp-json\/wp\/v2\/types\/product"}],"replies":[{"embeddable":true,"href":"https:\/\/abinox-chr-clim.com\/index.php\/wp-json\/wp\/v2\/comments?post=71186"}],"wp:featuredmedia":[{"embeddable":true,"href":"https:\/\/abinox-chr-clim.com\/index.php\/wp-json\/wp\/v2\/media\/84013"}],"wp:attachment":[{"href":"https:\/\/abinox-chr-clim.com\/index.php\/wp-json\/wp\/v2\/media?parent=71186"}],"wp:term":[{"taxonomy":"product_brand","embeddable":true,"href":"https:\/\/abinox-chr-clim.com\/index.php\/wp-json\/wp\/v2\/product_brand?post=71186"},{"taxonomy":"product_cat","embeddable":true,"href":"https:\/\/abinox-chr-clim.com\/index.php\/wp-json\/wp\/v2\/product_cat?post=71186"},{"taxonomy":"product_tag","embeddable":true,"href":"https:\/\/abinox-chr-clim.com\/index.php\/wp-json\/wp\/v2\/product_tag?post=71186"}],"curies":[{"name":"wp","href":"https:\/\/api.w.org\/{rel}","templated":true}]}}