{"id":71185,"date":"2024-03-22T19:40:13","date_gmt":"2024-03-22T18:40:13","guid":{"rendered":"https:\/\/abinox-chr-clim.com\/index.php\/product\/plateau-de-service-rond-fibre-de-verre-antiderapant-camtread-cambro-noir-445-mm\/"},"modified":"2026-04-14T10:32:45","modified_gmt":"2026-04-14T08:32:45","slug":"plateau-de-service-rond-fibre-de-verre-antiderapant-camtread-cambro-noir-445-mm","status":"publish","type":"product","link":"https:\/\/abinox-chr-clim.com\/index.php\/product\/plateau-de-service-rond-fibre-de-verre-antiderapant-camtread-cambro-noir-445-mm\/","title":{"rendered":"Plateau de service rond fibre de verre antid\u00e9rapant Camtread Cambro noir 445 mm"},"content":{"rendered":"<p>Robuste avec une surface en caoutchouc durable. La construction en fibre de verre rend le plateau l\u00e9ger et facile \u00e0 transporter. La surface antid\u00e9rapante emp\u00eache les glissements, m\u00eame mouill\u00e9e. R\u00e9sistance thermique de -10\u00b0C et 100\u00b0C: id\u00e9al pour les verres chauds et froids. Compatible lave-vaisselle: peut \u00eatre lav\u00e9 rapidement et facilement. La construction solide emp\u00eache la flexion en cas de charge lourde. Formes ovales et rectangulaires \u00e9galement disponibles. R\u00e9pertori\u00e9 par NSF.Robuste avec une surface en caoutchouc durable.<\/p>\n<p>Caract\u00e9ristiques :<br \/> Dimensions : 444,5(\u00d8) mm.<\/p>\n","protected":false},"excerpt":{"rendered":"<p>Plateau de service rond fibre de verre antid\u00e9rapant Camtread Cambro noir 445 mm<\/p>\n","protected":false},"featured_media":84009,"comment_status":"closed","ping_status":"closed","template":"","meta":[],"product_brand":[],"product_cat":[1129,1297,1127,1106],"product_tag":[],"class_list":{"0":"post-71185","1":"product","2":"type-product","3":"status-publish","4":"has-post-thumbnail","6":"product_cat-cambro","7":"product_cat-non-palettisable","8":"product_cat-plateaux-de-service","9":"product_cat-restaurant-bar-et-hotel","10":"product_shipping_class-free-shipping","12":"first","13":"instock","14":"featured","15":"taxable","16":"shipping-taxable","17":"purchasable","18":"product-type-simple"},"_links":{"self":[{"href":"https:\/\/abinox-chr-clim.com\/index.php\/wp-json\/wp\/v2\/product\/71185","targetHints":{"allow":["GET"]}}],"collection":[{"href":"https:\/\/abinox-chr-clim.com\/index.php\/wp-json\/wp\/v2\/product"}],"about":[{"href":"https:\/\/abinox-chr-clim.com\/index.php\/wp-json\/wp\/v2\/types\/product"}],"replies":[{"embeddable":true,"href":"https:\/\/abinox-chr-clim.com\/index.php\/wp-json\/wp\/v2\/comments?post=71185"}],"wp:featuredmedia":[{"embeddable":true,"href":"https:\/\/abinox-chr-clim.com\/index.php\/wp-json\/wp\/v2\/media\/84009"}],"wp:attachment":[{"href":"https:\/\/abinox-chr-clim.com\/index.php\/wp-json\/wp\/v2\/media?parent=71185"}],"wp:term":[{"taxonomy":"product_brand","embeddable":true,"href":"https:\/\/abinox-chr-clim.com\/index.php\/wp-json\/wp\/v2\/product_brand?post=71185"},{"taxonomy":"product_cat","embeddable":true,"href":"https:\/\/abinox-chr-clim.com\/index.php\/wp-json\/wp\/v2\/product_cat?post=71185"},{"taxonomy":"product_tag","embeddable":true,"href":"https:\/\/abinox-chr-clim.com\/index.php\/wp-json\/wp\/v2\/product_tag?post=71185"}],"curies":[{"name":"wp","href":"https:\/\/api.w.org\/{rel}","templated":true}]}}