{"id":71184,"date":"2024-03-22T19:40:13","date_gmt":"2024-03-22T18:40:13","guid":{"rendered":"https:\/\/abinox-chr-clim.com\/index.php\/product\/plateau-ovale-fibre-de-verre-antiderapant-camtread-cambro-noir-600-x-730mm\/"},"modified":"2026-04-14T10:30:22","modified_gmt":"2026-04-14T08:30:22","slug":"plateau-ovale-fibre-de-verre-antiderapant-camtread-cambro-noir-600-x-730mm","status":"publish","type":"product","link":"https:\/\/abinox-chr-clim.com\/index.php\/product\/plateau-ovale-fibre-de-verre-antiderapant-camtread-cambro-noir-600-x-730mm\/","title":{"rendered":"Plateau ovale fibre de verre antid\u00e9rapant Camtread Cambro noir 600 x 730mm"},"content":{"rendered":"<p>Surface antid\u00e9rapante, passe au lave-vaisselle. Recommand\u00e9 pour les traiteurs, le service de chambre d&rsquo;h\u00f4tel et les banquets. La forme ovale offre une solution peu encombrante pour le service de boissons\/repas lourds. Les plateaux sont dot\u00e9s de pattes d&#8217;empilage efficaces pour un s\u00e9chage et un stockage plus rapides. La surface en caoutchouc antid\u00e9rapante prot\u00e8ge la vaisselle, les serveurs et les clients. Fabriqu\u00e9 en fibre de verre robuste pour des ann\u00e9es d&rsquo;utilisation attrayante et durable. List\u00e9 NSF.Surface antid\u00e9rapante, passe au lave-vaisselle.<\/p>\n<p>Caract\u00e9ristiques :<br \/> Dimensions : 600(H) mm.<\/p>\n","protected":false},"excerpt":{"rendered":"<p>Plateau ovale fibre de verre antid\u00e9rapant Camtread Cambro noir 600 x 730mm<\/p>\n","protected":false},"featured_media":84006,"comment_status":"closed","ping_status":"closed","template":"","meta":[],"product_brand":[],"product_cat":[1129,1297,1127,1106],"product_tag":[],"class_list":{"0":"post-71184","1":"product","2":"type-product","3":"status-publish","4":"has-post-thumbnail","6":"product_cat-cambro","7":"product_cat-non-palettisable","8":"product_cat-plateaux-de-service","9":"product_cat-restaurant-bar-et-hotel","10":"product_shipping_class-free-shipping","12":"first","13":"instock","14":"featured","15":"taxable","16":"shipping-taxable","17":"purchasable","18":"product-type-simple"},"_links":{"self":[{"href":"https:\/\/abinox-chr-clim.com\/index.php\/wp-json\/wp\/v2\/product\/71184","targetHints":{"allow":["GET"]}}],"collection":[{"href":"https:\/\/abinox-chr-clim.com\/index.php\/wp-json\/wp\/v2\/product"}],"about":[{"href":"https:\/\/abinox-chr-clim.com\/index.php\/wp-json\/wp\/v2\/types\/product"}],"replies":[{"embeddable":true,"href":"https:\/\/abinox-chr-clim.com\/index.php\/wp-json\/wp\/v2\/comments?post=71184"}],"wp:featuredmedia":[{"embeddable":true,"href":"https:\/\/abinox-chr-clim.com\/index.php\/wp-json\/wp\/v2\/media\/84006"}],"wp:attachment":[{"href":"https:\/\/abinox-chr-clim.com\/index.php\/wp-json\/wp\/v2\/media?parent=71184"}],"wp:term":[{"taxonomy":"product_brand","embeddable":true,"href":"https:\/\/abinox-chr-clim.com\/index.php\/wp-json\/wp\/v2\/product_brand?post=71184"},{"taxonomy":"product_cat","embeddable":true,"href":"https:\/\/abinox-chr-clim.com\/index.php\/wp-json\/wp\/v2\/product_cat?post=71184"},{"taxonomy":"product_tag","embeddable":true,"href":"https:\/\/abinox-chr-clim.com\/index.php\/wp-json\/wp\/v2\/product_tag?post=71184"}],"curies":[{"name":"wp","href":"https:\/\/api.w.org\/{rel}","templated":true}]}}