{"id":71183,"date":"2024-03-22T19:40:13","date_gmt":"2024-03-22T18:40:13","guid":{"rendered":"https:\/\/abinox-chr-clim.com\/index.php\/product\/plateau-lisse-en-polyester-versa-cambro-530-x-325mm-gris-clair\/"},"modified":"2026-04-14T10:30:18","modified_gmt":"2026-04-14T08:30:18","slug":"plateau-lisse-en-polyester-versa-cambro-530-x-325mm-gris-clair","status":"publish","type":"product","link":"https:\/\/abinox-chr-clim.com\/index.php\/product\/plateau-lisse-en-polyester-versa-cambro-530-x-325mm-gris-clair\/","title":{"rendered":"Plateau lisse en polyester Versa Cambro 530 x 325mm gris clair"},"content":{"rendered":"<p>Compatible lave-vaisselle. Id\u00e9al pour les caf\u00e9t\u00e9rias, \u00e9coles et services de sant\u00e9. Plateau en polyester renforc\u00e9 de fibre de verre haute performance. La surface lisse se nettoie facilement pour une d\u00e9sinfection rapide. R\u00e9sistant aux taches, aux rayures, aux produits chimiques et aux chocs. R\u00e9sistance \u00e0 la chaleur : -40&#730; \u00e0 +140&#730;C.  Compatible lave-vaisselle.<\/p>\n<p>Caract\u00e9ristiques :<br \/> Dimensions : 530(H) mm.<\/p>\n","protected":false},"excerpt":{"rendered":"<p>Plateau lisse en polyester Versa Cambro 530 x 325mm gris clair<\/p>\n","protected":false},"featured_media":83992,"comment_status":"closed","ping_status":"closed","template":"","meta":[],"product_brand":[],"product_cat":[1129,1297,1127,1106],"product_tag":[],"class_list":{"0":"post-71183","1":"product","2":"type-product","3":"status-publish","4":"has-post-thumbnail","6":"product_cat-cambro","7":"product_cat-non-palettisable","8":"product_cat-plateaux-de-service","9":"product_cat-restaurant-bar-et-hotel","10":"product_shipping_class-free-shipping","12":"first","13":"instock","14":"featured","15":"taxable","16":"shipping-taxable","17":"purchasable","18":"product-type-simple"},"_links":{"self":[{"href":"https:\/\/abinox-chr-clim.com\/index.php\/wp-json\/wp\/v2\/product\/71183","targetHints":{"allow":["GET"]}}],"collection":[{"href":"https:\/\/abinox-chr-clim.com\/index.php\/wp-json\/wp\/v2\/product"}],"about":[{"href":"https:\/\/abinox-chr-clim.com\/index.php\/wp-json\/wp\/v2\/types\/product"}],"replies":[{"embeddable":true,"href":"https:\/\/abinox-chr-clim.com\/index.php\/wp-json\/wp\/v2\/comments?post=71183"}],"wp:featuredmedia":[{"embeddable":true,"href":"https:\/\/abinox-chr-clim.com\/index.php\/wp-json\/wp\/v2\/media\/83992"}],"wp:attachment":[{"href":"https:\/\/abinox-chr-clim.com\/index.php\/wp-json\/wp\/v2\/media?parent=71183"}],"wp:term":[{"taxonomy":"product_brand","embeddable":true,"href":"https:\/\/abinox-chr-clim.com\/index.php\/wp-json\/wp\/v2\/product_brand?post=71183"},{"taxonomy":"product_cat","embeddable":true,"href":"https:\/\/abinox-chr-clim.com\/index.php\/wp-json\/wp\/v2\/product_cat?post=71183"},{"taxonomy":"product_tag","embeddable":true,"href":"https:\/\/abinox-chr-clim.com\/index.php\/wp-json\/wp\/v2\/product_tag?post=71183"}],"curies":[{"name":"wp","href":"https:\/\/api.w.org\/{rel}","templated":true}]}}