{"id":71180,"date":"2024-03-22T19:40:11","date_gmt":"2024-03-22T18:40:11","guid":{"rendered":"https:\/\/abinox-chr-clim.com\/index.php\/product\/offre-speciale-lot-de-6-plateaux-ronds-antiderapants-en-polypropylene-olympia-kristallon\/"},"modified":"2026-04-24T09:38:52","modified_gmt":"2026-04-24T07:38:52","slug":"offre-speciale-lot-de-6-plateaux-ronds-antiderapants-en-polypropylene-olympia-kristallon","status":"publish","type":"product","link":"https:\/\/abinox-chr-clim.com\/index.php\/product\/offre-speciale-lot-de-6-plateaux-ronds-antiderapants-en-polypropylene-olympia-kristallon\/","title":{"rendered":"Offre sp\u00e9ciale : Lot de 6 plateaux ronds antid\u00e9rapants en polypropyl\u00e8ne Olympia Kristallon"},"content":{"rendered":"<p>La surface antid\u00e9rapante emp\u00eache les boissons de bouger pendant le transport. La surface antid\u00e9rapante est efficace m\u00eame mouill\u00e9e. La construction robuste emp\u00eache la flexion. Facile \u00e0 nettoyer et non poreux. Le coloris noir s&rsquo;adapte \u00e0 tous les \u00e9tablissements. R\u00e9siste aux \u00e9raflures.  La surface antid\u00e9rapante emp\u00eache les boissons de bouger pendant le transport.<\/p>\n<p>Caract\u00e9ristiques :<br \/>Lot : 6.<br \/> Dimensions : 20(H) mm.<br \/> Mati\u00e8re : Polypropyl\u00e8ne.<br \/> Couleur : Noir.<\/p>\n","protected":false},"excerpt":{"rendered":"<p>Offre sp\u00e9ciale : Lot de 6 plateaux ronds antid\u00e9rapants en polypropyl\u00e8ne Olympia Kristallon<\/p>\n","protected":false},"featured_media":99812,"comment_status":"closed","ping_status":"closed","template":"","meta":[],"product_brand":[],"product_cat":[1128,1297,1127,1106],"product_tag":[],"class_list":{"0":"post-71180","1":"product","2":"type-product","3":"status-publish","4":"has-post-thumbnail","6":"product_cat-antiderapants","7":"product_cat-non-palettisable","8":"product_cat-plateaux-de-service","9":"product_cat-restaurant-bar-et-hotel","10":"product_shipping_class-free-shipping","12":"first","13":"instock","14":"featured","15":"taxable","16":"shipping-taxable","17":"purchasable","18":"product-type-simple"},"_links":{"self":[{"href":"https:\/\/abinox-chr-clim.com\/index.php\/wp-json\/wp\/v2\/product\/71180","targetHints":{"allow":["GET"]}}],"collection":[{"href":"https:\/\/abinox-chr-clim.com\/index.php\/wp-json\/wp\/v2\/product"}],"about":[{"href":"https:\/\/abinox-chr-clim.com\/index.php\/wp-json\/wp\/v2\/types\/product"}],"replies":[{"embeddable":true,"href":"https:\/\/abinox-chr-clim.com\/index.php\/wp-json\/wp\/v2\/comments?post=71180"}],"wp:featuredmedia":[{"embeddable":true,"href":"https:\/\/abinox-chr-clim.com\/index.php\/wp-json\/wp\/v2\/media\/99812"}],"wp:attachment":[{"href":"https:\/\/abinox-chr-clim.com\/index.php\/wp-json\/wp\/v2\/media?parent=71180"}],"wp:term":[{"taxonomy":"product_brand","embeddable":true,"href":"https:\/\/abinox-chr-clim.com\/index.php\/wp-json\/wp\/v2\/product_brand?post=71180"},{"taxonomy":"product_cat","embeddable":true,"href":"https:\/\/abinox-chr-clim.com\/index.php\/wp-json\/wp\/v2\/product_cat?post=71180"},{"taxonomy":"product_tag","embeddable":true,"href":"https:\/\/abinox-chr-clim.com\/index.php\/wp-json\/wp\/v2\/product_tag?post=71180"}],"curies":[{"name":"wp","href":"https:\/\/api.w.org\/{rel}","templated":true}]}}