{"id":71179,"date":"2024-03-22T19:40:11","date_gmt":"2024-03-22T18:40:11","guid":{"rendered":"https:\/\/abinox-chr-clim.com\/index.php\/product\/offre-speciale-lot-de-plateaux-antiderapants-en-polypropylene-olympia-kristallon-lot-de-12\/"},"modified":"2026-04-24T09:35:43","modified_gmt":"2026-04-24T07:35:43","slug":"offre-speciale-lot-de-plateaux-antiderapants-en-polypropylene-olympia-kristallon-lot-de-12","status":"publish","type":"product","link":"https:\/\/abinox-chr-clim.com\/index.php\/product\/offre-speciale-lot-de-plateaux-antiderapants-en-polypropylene-olympia-kristallon-lot-de-12\/","title":{"rendered":"Offre sp\u00e9ciale : Lot de plateaux antid\u00e9rapants en polypropyl\u00e8ne Olympia Kristallon (lot de 12)"},"content":{"rendered":"<p>2 x C556 : plateau rond antid\u00e9rapant en polypropyl\u00e8ne noir 280(\u00d8)mm Olympia Kristallon. 4 x C557 : plateau rond antid\u00e9rapant en polypropyl\u00e8ne noir 356(\u00d8)mm Olympia Kristallon. 2 x C558 : plateau rond antid\u00e9rapant en polypropyl\u00e8ne noir 406(\u00d8)mm Olympia Kristallon. 4 x C559 : plateau rectangulaire antid\u00e9rapant en polypropyl\u00e8ne noir 457(L) x 356(P)mm Olympia Kristallon. Faciles \u00e0 nettoyer. Construction monobloc. R\u00e9sistent aux \u00e9raflures. Non poreux. Pratiquement incassables. La surface antid\u00e9rapante emp\u00eache les chutes et les d\u00e9versements. La construction solide emp\u00eache les plateaux de plier. 2 x C556 : plateau rond antid\u00e9rapant en polypropyl\u00e8ne noir 280(\u00d8)mm Olympia Kristallon.<\/p>\n<p>Caract\u00e9ristiques :<br \/>Lot : 12.<br \/> Mati\u00e8re : Polypropyl\u00e8ne.<br \/> Couleur : Noir.<\/p>\n","protected":false},"excerpt":{"rendered":"<p>Offre sp\u00e9ciale : Lot de plateaux antid\u00e9rapants en polypropyl\u00e8ne Olympia Kristallon (lot de 12)<\/p>\n","protected":false},"featured_media":100209,"comment_status":"closed","ping_status":"closed","template":"","meta":[],"product_brand":[],"product_cat":[1128,1297,1127,1106],"product_tag":[],"class_list":{"0":"post-71179","1":"product","2":"type-product","3":"status-publish","4":"has-post-thumbnail","6":"product_cat-antiderapants","7":"product_cat-non-palettisable","8":"product_cat-plateaux-de-service","9":"product_cat-restaurant-bar-et-hotel","10":"product_shipping_class-free-shipping","12":"first","13":"instock","14":"featured","15":"taxable","16":"shipping-taxable","17":"purchasable","18":"product-type-simple"},"_links":{"self":[{"href":"https:\/\/abinox-chr-clim.com\/index.php\/wp-json\/wp\/v2\/product\/71179","targetHints":{"allow":["GET"]}}],"collection":[{"href":"https:\/\/abinox-chr-clim.com\/index.php\/wp-json\/wp\/v2\/product"}],"about":[{"href":"https:\/\/abinox-chr-clim.com\/index.php\/wp-json\/wp\/v2\/types\/product"}],"replies":[{"embeddable":true,"href":"https:\/\/abinox-chr-clim.com\/index.php\/wp-json\/wp\/v2\/comments?post=71179"}],"wp:featuredmedia":[{"embeddable":true,"href":"https:\/\/abinox-chr-clim.com\/index.php\/wp-json\/wp\/v2\/media\/100209"}],"wp:attachment":[{"href":"https:\/\/abinox-chr-clim.com\/index.php\/wp-json\/wp\/v2\/media?parent=71179"}],"wp:term":[{"taxonomy":"product_brand","embeddable":true,"href":"https:\/\/abinox-chr-clim.com\/index.php\/wp-json\/wp\/v2\/product_brand?post=71179"},{"taxonomy":"product_cat","embeddable":true,"href":"https:\/\/abinox-chr-clim.com\/index.php\/wp-json\/wp\/v2\/product_cat?post=71179"},{"taxonomy":"product_tag","embeddable":true,"href":"https:\/\/abinox-chr-clim.com\/index.php\/wp-json\/wp\/v2\/product_tag?post=71179"}],"curies":[{"name":"wp","href":"https:\/\/api.w.org\/{rel}","templated":true}]}}