{"id":71174,"date":"2024-03-22T19:40:09","date_gmt":"2024-03-22T18:40:09","guid":{"rendered":"https:\/\/abinox-chr-clim.com\/index.php\/product\/plateau-de-bar-rond-antiderapant-beaumont\/"},"modified":"2026-04-20T08:52:37","modified_gmt":"2026-04-20T06:52:37","slug":"plateau-de-bar-rond-antiderapant-beaumont","status":"publish","type":"product","link":"https:\/\/abinox-chr-clim.com\/index.php\/product\/plateau-de-bar-rond-antiderapant-beaumont\/","title":{"rendered":"Plateau de bar rond antid\u00e9rapant Beaumont"},"content":{"rendered":"<p>Plateaux de bar ronds avec surface antid\u00e9rapante pour un transport plus facile. Effet aluminium bross\u00e9. Le plateau 330(\u00d8)mm poss\u00e8de un rebord haut et droit.<br \/>La surface en caoutchouc antid\u00e9rapante s&rsquo;accroche aux verres pour \u00e9viter qu&rsquo;ils ne se cassent. Nettoyage facile et rapide \u00e0 l&rsquo;aide d&rsquo;un chiffon humide. La construction robuste en acier inoxydable emp\u00eache le plateau de se d\u00e9former lorsqu&rsquo;il est charg\u00e9 de boissons. La finition \u00e9l\u00e9gante et polie ajoute une touche de style \u00e0 votre service de boissons. Durabilit\u00e9 et r\u00e9sistance pour durer plus longtemps dans les endroits les plus fr\u00e9quent\u00e9s. Durabilit\u00e9 et robustesse pour une plus grande dur\u00e9e de vie dans les environnements les plus fr\u00e9quent\u00e9s. Vendu \u00e0 l&rsquo;unit\u00e9.La surface en caoutchouc antid\u00e9rapante s&rsquo;accroche aux verres pour \u00e9viter qu&rsquo;ils ne se cassent.<\/p>\n<p>Caract\u00e9ristiques :<br \/> Dimensions : 50(H) x 330(\u00d8) mm.<br \/> Mati\u00e8re : Aluminium.<br \/> Couleur : Argent.<\/p>\n","protected":false},"excerpt":{"rendered":"<p>Plateau de bar rond antid\u00e9rapant Beaumont<\/p>\n","protected":false},"featured_media":88004,"comment_status":"closed","ping_status":"closed","template":"","meta":[],"product_brand":[],"product_cat":[1128,1297,1127,1106],"product_tag":[],"class_list":{"0":"post-71174","1":"product","2":"type-product","3":"status-publish","4":"has-post-thumbnail","6":"product_cat-antiderapants","7":"product_cat-non-palettisable","8":"product_cat-plateaux-de-service","9":"product_cat-restaurant-bar-et-hotel","10":"product_shipping_class-free-shipping","12":"first","13":"instock","14":"featured","15":"taxable","16":"shipping-taxable","17":"purchasable","18":"product-type-simple"},"_links":{"self":[{"href":"https:\/\/abinox-chr-clim.com\/index.php\/wp-json\/wp\/v2\/product\/71174","targetHints":{"allow":["GET"]}}],"collection":[{"href":"https:\/\/abinox-chr-clim.com\/index.php\/wp-json\/wp\/v2\/product"}],"about":[{"href":"https:\/\/abinox-chr-clim.com\/index.php\/wp-json\/wp\/v2\/types\/product"}],"replies":[{"embeddable":true,"href":"https:\/\/abinox-chr-clim.com\/index.php\/wp-json\/wp\/v2\/comments?post=71174"}],"wp:featuredmedia":[{"embeddable":true,"href":"https:\/\/abinox-chr-clim.com\/index.php\/wp-json\/wp\/v2\/media\/88004"}],"wp:attachment":[{"href":"https:\/\/abinox-chr-clim.com\/index.php\/wp-json\/wp\/v2\/media?parent=71174"}],"wp:term":[{"taxonomy":"product_brand","embeddable":true,"href":"https:\/\/abinox-chr-clim.com\/index.php\/wp-json\/wp\/v2\/product_brand?post=71174"},{"taxonomy":"product_cat","embeddable":true,"href":"https:\/\/abinox-chr-clim.com\/index.php\/wp-json\/wp\/v2\/product_cat?post=71174"},{"taxonomy":"product_tag","embeddable":true,"href":"https:\/\/abinox-chr-clim.com\/index.php\/wp-json\/wp\/v2\/product_tag?post=71174"}],"curies":[{"name":"wp","href":"https:\/\/api.w.org\/{rel}","templated":true}]}}