{"id":71173,"date":"2024-03-22T19:40:09","date_gmt":"2024-03-22T18:40:09","guid":{"rendered":"https:\/\/abinox-chr-clim.com\/index.php\/product\/plateau-de-service-rond-antiderapant-olympia-355mm\/"},"modified":"2026-04-20T09:46:06","modified_gmt":"2026-04-20T07:46:06","slug":"plateau-de-service-rond-antiderapant-olympia-355mm","status":"publish","type":"product","link":"https:\/\/abinox-chr-clim.com\/index.php\/product\/plateau-de-service-rond-antiderapant-olympia-355mm\/","title":{"rendered":"Plateau de service rond antid\u00e9rapant Olympia 355mm"},"content":{"rendered":"<p>Parfait pour les \u00e9tablissements de restauration tr\u00e8s fr\u00e9quent\u00e9s, le rev\u00eatement caoutchout\u00e9 emp\u00eache la casse et vous permet donc de r\u00e9duire vos co\u00fbts de remplacement de verres et de vaisselle.<br \/>La surface en caoutchouc antid\u00e9rapante s&rsquo;accroche aux verres pour \u00e9viter qu&rsquo;ils ne se cassent. Nettoyage facile et rapide \u00e0 l&rsquo;aide d&rsquo;un chiffon humide. La construction robuste en acier inoxydable emp\u00eache le plateau de se d\u00e9former lorsqu&rsquo;il est charg\u00e9 de boissons. La finition \u00e9l\u00e9gante et polie ajoute une touche de style \u00e0 votre service de boissons. Durabilit\u00e9 et r\u00e9sistance pour durer plus longtemps dans les endroits les plus fr\u00e9quent\u00e9s.  La surface en caoutchouc antid\u00e9rapante s&rsquo;accroche aux verres pour \u00e9viter qu&rsquo;ils ne se cassent.<\/p>\n<p>Caract\u00e9ristiques :<br \/> Dimensions : 20(H) x 355(\u00d8) mm.<br \/> Mati\u00e8re : Acier inoxydable.<br \/> Couleur : Argent.<\/p>\n","protected":false},"excerpt":{"rendered":"<p>Plateau de service rond antid\u00e9rapant Olympia 355mm<\/p>\n","protected":false},"featured_media":84743,"comment_status":"closed","ping_status":"closed","template":"","meta":[],"product_brand":[],"product_cat":[1128,1297,1127,1106],"product_tag":[],"class_list":{"0":"post-71173","1":"product","2":"type-product","3":"status-publish","4":"has-post-thumbnail","6":"product_cat-antiderapants","7":"product_cat-non-palettisable","8":"product_cat-plateaux-de-service","9":"product_cat-restaurant-bar-et-hotel","10":"product_shipping_class-free-shipping","12":"first","13":"instock","14":"featured","15":"taxable","16":"shipping-taxable","17":"purchasable","18":"product-type-simple"},"_links":{"self":[{"href":"https:\/\/abinox-chr-clim.com\/index.php\/wp-json\/wp\/v2\/product\/71173","targetHints":{"allow":["GET"]}}],"collection":[{"href":"https:\/\/abinox-chr-clim.com\/index.php\/wp-json\/wp\/v2\/product"}],"about":[{"href":"https:\/\/abinox-chr-clim.com\/index.php\/wp-json\/wp\/v2\/types\/product"}],"replies":[{"embeddable":true,"href":"https:\/\/abinox-chr-clim.com\/index.php\/wp-json\/wp\/v2\/comments?post=71173"}],"wp:featuredmedia":[{"embeddable":true,"href":"https:\/\/abinox-chr-clim.com\/index.php\/wp-json\/wp\/v2\/media\/84743"}],"wp:attachment":[{"href":"https:\/\/abinox-chr-clim.com\/index.php\/wp-json\/wp\/v2\/media?parent=71173"}],"wp:term":[{"taxonomy":"product_brand","embeddable":true,"href":"https:\/\/abinox-chr-clim.com\/index.php\/wp-json\/wp\/v2\/product_brand?post=71173"},{"taxonomy":"product_cat","embeddable":true,"href":"https:\/\/abinox-chr-clim.com\/index.php\/wp-json\/wp\/v2\/product_cat?post=71173"},{"taxonomy":"product_tag","embeddable":true,"href":"https:\/\/abinox-chr-clim.com\/index.php\/wp-json\/wp\/v2\/product_tag?post=71173"}],"curies":[{"name":"wp","href":"https:\/\/api.w.org\/{rel}","templated":true}]}}