{"id":71172,"date":"2024-03-22T19:40:08","date_gmt":"2024-03-22T18:40:08","guid":{"rendered":"https:\/\/abinox-chr-clim.com\/index.php\/product\/plateau-antiderapant-en-plastique-olympia-kristallon-rectangulaire-380-x-510mm\/"},"modified":"2026-04-20T08:41:31","modified_gmt":"2026-04-20T06:41:31","slug":"plateau-antiderapant-en-plastique-olympia-kristallon-rectangulaire-380-x-510mm","status":"publish","type":"product","link":"https:\/\/abinox-chr-clim.com\/index.php\/product\/plateau-antiderapant-en-plastique-olympia-kristallon-rectangulaire-380-x-510mm\/","title":{"rendered":"Plateau antid\u00e9rapant en plastique Olympia Kristallon rectangulaire 380 x 510mm"},"content":{"rendered":"<p>Solides, r\u00e9sistants et de haute qualit\u00e9. Fabrication en plastique d&rsquo;une seule pi\u00e8ce. Non lavables au lave-vaisselle.<br \/>La surface textur\u00e9e antid\u00e9rapante emp\u00eache la vaisselle de glisser et \u00e9vite les d\u00e9versements. La conception solide, en une seule pi\u00e8ce, r\u00e9siste \u00e0 la flexion lors du transport d&rsquo;objets lourds. Le mat\u00e9riau non poreux rend le plateau facile \u00e0 nettoyer et r\u00e9siste aux taches et aux odeurs. La construction robuste en polypropyl\u00e8ne, qui r\u00e9siste au pelage, garantit une longue dur\u00e9e de vie. Ces plateaux peuvent \u00eatre empil\u00e9s pour un rangement peu encombrant. Ne convient pas aux lave-vaisselle. Vendu \u00e0 l&rsquo;unit\u00e9.La surface textur\u00e9e antid\u00e9rapante emp\u00eache la vaisselle de glisser et \u00e9vite les d\u00e9versements.<\/p>\n<p>Caract\u00e9ristiques :<br \/> Dimensions : 23(H) x 510(L) x 380(P) mm.<br \/> Mati\u00e8re : Plastique.<br \/> Couleur : Noir.<\/p>\n","protected":false},"excerpt":{"rendered":"<p>Plateau antid\u00e9rapant en plastique Olympia Kristallon rectangulaire 380 x 510mm<\/p>\n","protected":false},"featured_media":79169,"comment_status":"closed","ping_status":"closed","template":"","meta":[],"product_brand":[],"product_cat":[1128,1297,1127,1106],"product_tag":[],"class_list":{"0":"post-71172","1":"product","2":"type-product","3":"status-publish","4":"has-post-thumbnail","6":"product_cat-antiderapants","7":"product_cat-non-palettisable","8":"product_cat-plateaux-de-service","9":"product_cat-restaurant-bar-et-hotel","10":"product_shipping_class-free-shipping","12":"first","13":"instock","14":"featured","15":"taxable","16":"shipping-taxable","17":"purchasable","18":"product-type-simple"},"_links":{"self":[{"href":"https:\/\/abinox-chr-clim.com\/index.php\/wp-json\/wp\/v2\/product\/71172","targetHints":{"allow":["GET"]}}],"collection":[{"href":"https:\/\/abinox-chr-clim.com\/index.php\/wp-json\/wp\/v2\/product"}],"about":[{"href":"https:\/\/abinox-chr-clim.com\/index.php\/wp-json\/wp\/v2\/types\/product"}],"replies":[{"embeddable":true,"href":"https:\/\/abinox-chr-clim.com\/index.php\/wp-json\/wp\/v2\/comments?post=71172"}],"wp:featuredmedia":[{"embeddable":true,"href":"https:\/\/abinox-chr-clim.com\/index.php\/wp-json\/wp\/v2\/media\/79169"}],"wp:attachment":[{"href":"https:\/\/abinox-chr-clim.com\/index.php\/wp-json\/wp\/v2\/media?parent=71172"}],"wp:term":[{"taxonomy":"product_brand","embeddable":true,"href":"https:\/\/abinox-chr-clim.com\/index.php\/wp-json\/wp\/v2\/product_brand?post=71172"},{"taxonomy":"product_cat","embeddable":true,"href":"https:\/\/abinox-chr-clim.com\/index.php\/wp-json\/wp\/v2\/product_cat?post=71172"},{"taxonomy":"product_tag","embeddable":true,"href":"https:\/\/abinox-chr-clim.com\/index.php\/wp-json\/wp\/v2\/product_tag?post=71172"}],"curies":[{"name":"wp","href":"https:\/\/api.w.org\/{rel}","templated":true}]}}