{"id":71167,"date":"2024-03-22T19:40:07","date_gmt":"2024-03-22T18:40:07","guid":{"rendered":"https:\/\/abinox-chr-clim.com\/index.php\/product\/support-plateau-chrome-pliant-kristallon\/"},"modified":"2026-04-24T08:39:26","modified_gmt":"2026-04-24T06:39:26","slug":"support-plateau-chrome-pliant-kristallon","status":"publish","type":"product","link":"https:\/\/abinox-chr-clim.com\/index.php\/product\/support-plateau-chrome-pliant-kristallon\/","title":{"rendered":"Support plateau chrom\u00e9 pliant Kristallon"},"content":{"rendered":"<p>Finition chrom\u00e9e offrant une excellente r\u00e9sistance \u00e0 la corrosion et aux dommages caus\u00e9s par les chocs. Une finition attrayante qui ajoute une touche haut de gamme au service de table. Le design pliant rend le support facile \u00e0 transporter et \u00e0 ranger. Facile \u00e0 configurer pour un service efficace. Facile \u00e0 nettoyer apr\u00e8s utilisation, ce qui am\u00e9liore l&rsquo;hygi\u00e8ne g\u00e9n\u00e9rale. Garantit un service fiable en salle. Compatible avec plateau ovale antid\u00e9rapant noir Kristallon C162 de 685 (\u00d8) mm (vendu s\u00e9par\u00e9ment).Finition chrom\u00e9e offrant une excellente r\u00e9sistance \u00e0 la corrosion et aux dommages caus\u00e9s par les chocs.<\/p>\n<p>Caract\u00e9ristiques :<br \/> Dimensions : 725(H) x 395(l) mm.<br \/> Mati\u00e8re : Acier chrom\u00e9<\/p>\n","protected":false},"excerpt":{"rendered":"<p>Support plateau chrom\u00e9 pliant Kristallon<\/p>\n","protected":false},"featured_media":78757,"comment_status":"closed","ping_status":"closed","template":"","meta":[],"product_brand":[],"product_cat":[1128,1297,1127,1106],"product_tag":[],"class_list":{"0":"post-71167","1":"product","2":"type-product","3":"status-publish","4":"has-post-thumbnail","6":"product_cat-antiderapants","7":"product_cat-non-palettisable","8":"product_cat-plateaux-de-service","9":"product_cat-restaurant-bar-et-hotel","10":"product_shipping_class-free-shipping","12":"first","13":"instock","14":"featured","15":"taxable","16":"shipping-taxable","17":"purchasable","18":"product-type-simple"},"_links":{"self":[{"href":"https:\/\/abinox-chr-clim.com\/index.php\/wp-json\/wp\/v2\/product\/71167","targetHints":{"allow":["GET"]}}],"collection":[{"href":"https:\/\/abinox-chr-clim.com\/index.php\/wp-json\/wp\/v2\/product"}],"about":[{"href":"https:\/\/abinox-chr-clim.com\/index.php\/wp-json\/wp\/v2\/types\/product"}],"replies":[{"embeddable":true,"href":"https:\/\/abinox-chr-clim.com\/index.php\/wp-json\/wp\/v2\/comments?post=71167"}],"wp:featuredmedia":[{"embeddable":true,"href":"https:\/\/abinox-chr-clim.com\/index.php\/wp-json\/wp\/v2\/media\/78757"}],"wp:attachment":[{"href":"https:\/\/abinox-chr-clim.com\/index.php\/wp-json\/wp\/v2\/media?parent=71167"}],"wp:term":[{"taxonomy":"product_brand","embeddable":true,"href":"https:\/\/abinox-chr-clim.com\/index.php\/wp-json\/wp\/v2\/product_brand?post=71167"},{"taxonomy":"product_cat","embeddable":true,"href":"https:\/\/abinox-chr-clim.com\/index.php\/wp-json\/wp\/v2\/product_cat?post=71167"},{"taxonomy":"product_tag","embeddable":true,"href":"https:\/\/abinox-chr-clim.com\/index.php\/wp-json\/wp\/v2\/product_tag?post=71167"}],"curies":[{"name":"wp","href":"https:\/\/api.w.org\/{rel}","templated":true}]}}