{"id":71166,"date":"2024-03-22T19:40:06","date_gmt":"2024-03-22T18:40:06","guid":{"rendered":"https:\/\/abinox-chr-clim.com\/index.php\/product\/plateau-ovale-antiderapant-en-polypropylene-noir-olympia-kristallon-685mm\/"},"modified":"2026-04-20T08:40:27","modified_gmt":"2026-04-20T06:40:27","slug":"plateau-ovale-antiderapant-en-polypropylene-noir-olympia-kristallon-685mm","status":"publish","type":"product","link":"https:\/\/abinox-chr-clim.com\/index.php\/product\/plateau-ovale-antiderapant-en-polypropylene-noir-olympia-kristallon-685mm\/","title":{"rendered":"Plateau ovale antid\u00e9rapant en polypropyl\u00e8ne noir Olympia Kristallon 685mm"},"content":{"rendered":"<p>Plateau noir ovale antid\u00e9rapant. Fabrication en plastique d&rsquo;une seule pi\u00e8ce. Support de plateau chrom\u00e9.<br \/>Facile \u00e0 nettoyer d&rsquo;un coup de chiffon humide. Quasi incassable. Non poreux. La construction d&rsquo;une seule pi\u00e8ce offre une excellente r\u00e9sistance. La construction robuste emp\u00eache le plateau de fl\u00e9chir lors du transport de charges lourdes. R\u00e9siste aux \u00e9raflures. Grande taille parfaite pour transporter de grandes quantit\u00e9s d&rsquo;aliments ou de boissons. \u00c0 associer avec le support plateau pliant chrom\u00e9 Olympia Kristallon C163 (vendu s\u00e9par\u00e9ment). Vendu \u00e0 l&rsquo;unit\u00e9. Facile \u00e0 nettoyer d&rsquo;un coup de chiffon humide.<\/p>\n<p>Caract\u00e9ristiques :<br \/> Dimensions : 30(H) x 685(L) x 560(P) mm.<br \/> Mati\u00e8re : Plastique.<br \/> Couleur : Noir.<\/p>\n","protected":false},"excerpt":{"rendered":"<p>Plateau ovale antid\u00e9rapant en polypropyl\u00e8ne noir Olympia Kristallon 685mm<\/p>\n","protected":false},"featured_media":78757,"comment_status":"closed","ping_status":"closed","template":"","meta":[],"product_brand":[],"product_cat":[1128,1297,1127,1106],"product_tag":[],"class_list":{"0":"post-71166","1":"product","2":"type-product","3":"status-publish","4":"has-post-thumbnail","6":"product_cat-antiderapants","7":"product_cat-non-palettisable","8":"product_cat-plateaux-de-service","9":"product_cat-restaurant-bar-et-hotel","10":"product_shipping_class-free-shipping","12":"first","13":"instock","14":"featured","15":"taxable","16":"shipping-taxable","17":"purchasable","18":"product-type-simple"},"_links":{"self":[{"href":"https:\/\/abinox-chr-clim.com\/index.php\/wp-json\/wp\/v2\/product\/71166","targetHints":{"allow":["GET"]}}],"collection":[{"href":"https:\/\/abinox-chr-clim.com\/index.php\/wp-json\/wp\/v2\/product"}],"about":[{"href":"https:\/\/abinox-chr-clim.com\/index.php\/wp-json\/wp\/v2\/types\/product"}],"replies":[{"embeddable":true,"href":"https:\/\/abinox-chr-clim.com\/index.php\/wp-json\/wp\/v2\/comments?post=71166"}],"wp:featuredmedia":[{"embeddable":true,"href":"https:\/\/abinox-chr-clim.com\/index.php\/wp-json\/wp\/v2\/media\/78757"}],"wp:attachment":[{"href":"https:\/\/abinox-chr-clim.com\/index.php\/wp-json\/wp\/v2\/media?parent=71166"}],"wp:term":[{"taxonomy":"product_brand","embeddable":true,"href":"https:\/\/abinox-chr-clim.com\/index.php\/wp-json\/wp\/v2\/product_brand?post=71166"},{"taxonomy":"product_cat","embeddable":true,"href":"https:\/\/abinox-chr-clim.com\/index.php\/wp-json\/wp\/v2\/product_cat?post=71166"},{"taxonomy":"product_tag","embeddable":true,"href":"https:\/\/abinox-chr-clim.com\/index.php\/wp-json\/wp\/v2\/product_tag?post=71166"}],"curies":[{"name":"wp","href":"https:\/\/api.w.org\/{rel}","templated":true}]}}