{"id":71163,"date":"2024-03-22T19:40:05","date_gmt":"2024-03-22T18:40:05","guid":{"rendered":"https:\/\/abinox-chr-clim.com\/index.php\/product\/plateau-rectangulaire-polyester-aspect-bois-cambro-century-37x53cm-chene-clair\/"},"modified":"2026-04-20T10:27:40","modified_gmt":"2026-04-20T08:27:40","slug":"plateau-rectangulaire-polyester-aspect-bois-cambro-century-37x53cm-chene-clair","status":"publish","type":"product","link":"https:\/\/abinox-chr-clim.com\/index.php\/product\/plateau-rectangulaire-polyester-aspect-bois-cambro-century-37x53cm-chene-clair\/","title":{"rendered":"Plateau rectangulaire polyester aspect bois Cambro Century 37x53cm ch\u00eane clair"},"content":{"rendered":"<p>Plateaux imitation bois en polyester haute performance pour un usage intensif. Incassables, r\u00e9sistants aux rayures, aux t\u00e2ches, aux produits chimiques, et aux temp\u00e9ratures comprises entre -40&#730; et 90&#730;C.<br \/>Fabriqu\u00e9 en polyester haute performance pour un usage intensif.<br \/>Incassable, r\u00e9sistant aux rayures, aux t\u00e2ches et aux produits chimiques.<br \/>R\u00e9siste \u00e0 des temperatures comprises entre -40&#730; et 90&#730;C.<br \/>Lavable en lave-vaisselle. \u00c0 laver aussi souvent que n\u00e9cessaire.<br \/>Disponible avec une surface antid\u00e9rapante transparente textur\u00e9e ou une surface antid\u00e9rapante en caoutchouc textur\u00e9 qui maintient les repas et les boissons en place, assurant une stabilit\u00e9 pendant l&rsquo;utilisation.<br \/>Century Plus Textured Surface a un m\u00e9lange de mat\u00e9riaux brevet\u00e9s pour r\u00e9duire la visibilit\u00e9 des rayures. Fabriqu\u00e9 en polyester haute performance pour un usage intensif.<br \/>Incassable, r\u00e9sistant aux rayures, aux t\u00e2ches et aux produits chimiques.<br \/>R\u00e9siste \u00e0 des temperatures comprises entre -40&#730; et 90&#730;C.<br \/>Lavable en lave-vaisselle. \u00c0 laver aussi souvent que n\u00e9cessaire.<br \/>Disponible avec une surface antid\u00e9rapante transparente textur\u00e9e ou une surface antid\u00e9rapante en caoutchouc textur\u00e9 qui maintient les repas et les boissons en place, assurant une stabilit\u00e9 pendant l&rsquo;utilisation.<br \/>Century Plus Textured Surface a un m\u00e9lange de mat\u00e9riaux brevet\u00e9s pour r\u00e9duire la visibilit\u00e9 des rayures. .<br \/> Caract\u00e9ristiques :<br \/> Dimensions : 530(L) mm.<br \/> Mati\u00e8re : Fibre de verre.<br \/> Couleur : Ch\u00eane.<\/p>\n","protected":false},"excerpt":{"rendered":"<p>Plateau rectangulaire polyester aspect bois Cambro Century 37x53cm ch\u00eane clair<\/p>\n","protected":false},"featured_media":92705,"comment_status":"closed","ping_status":"closed","template":"","meta":[],"product_brand":[],"product_cat":[1297,1127,1106],"product_tag":[],"class_list":{"0":"post-71163","1":"product","2":"type-product","3":"status-publish","4":"has-post-thumbnail","6":"product_cat-non-palettisable","7":"product_cat-plateaux-de-service","8":"product_cat-restaurant-bar-et-hotel","9":"product_shipping_class-free-shipping","11":"first","12":"instock","13":"featured","14":"taxable","15":"shipping-taxable","16":"purchasable","17":"product-type-simple"},"_links":{"self":[{"href":"https:\/\/abinox-chr-clim.com\/index.php\/wp-json\/wp\/v2\/product\/71163","targetHints":{"allow":["GET"]}}],"collection":[{"href":"https:\/\/abinox-chr-clim.com\/index.php\/wp-json\/wp\/v2\/product"}],"about":[{"href":"https:\/\/abinox-chr-clim.com\/index.php\/wp-json\/wp\/v2\/types\/product"}],"replies":[{"embeddable":true,"href":"https:\/\/abinox-chr-clim.com\/index.php\/wp-json\/wp\/v2\/comments?post=71163"}],"wp:featuredmedia":[{"embeddable":true,"href":"https:\/\/abinox-chr-clim.com\/index.php\/wp-json\/wp\/v2\/media\/92705"}],"wp:attachment":[{"href":"https:\/\/abinox-chr-clim.com\/index.php\/wp-json\/wp\/v2\/media?parent=71163"}],"wp:term":[{"taxonomy":"product_brand","embeddable":true,"href":"https:\/\/abinox-chr-clim.com\/index.php\/wp-json\/wp\/v2\/product_brand?post=71163"},{"taxonomy":"product_cat","embeddable":true,"href":"https:\/\/abinox-chr-clim.com\/index.php\/wp-json\/wp\/v2\/product_cat?post=71163"},{"taxonomy":"product_tag","embeddable":true,"href":"https:\/\/abinox-chr-clim.com\/index.php\/wp-json\/wp\/v2\/product_tag?post=71163"}],"curies":[{"name":"wp","href":"https:\/\/api.w.org\/{rel}","templated":true}]}}