{"id":71152,"date":"2024-03-22T19:39:59","date_gmt":"2024-03-22T18:39:59","guid":{"rendered":"https:\/\/abinox-chr-clim.com\/index.php\/product\/porte-menus-contemporains-a4-noirs-avec-boite-de-rangement-lot-de-20\/"},"modified":"2026-04-20T09:23:13","modified_gmt":"2026-04-20T07:23:13","slug":"porte-menus-contemporains-a4-noirs-avec-boite-de-rangement-lot-de-20","status":"publish","type":"product","link":"https:\/\/abinox-chr-clim.com\/index.php\/product\/porte-menus-contemporains-a4-noirs-avec-boite-de-rangement-lot-de-20\/","title":{"rendered":"Porte-menus contemporains A4 noirs avec bo\u00eete de rangement (lot de 20)"},"content":{"rendered":"<p>Parfait pour une pr\u00e9sentation soign\u00e9e et contemporaine.Lavable \u00e0\u00a0 l&rsquo;eau et au savon. Anti-griffes et lavable \u00e0\u00a0 l&rsquo;eau et au savon.Int\u00e9gr\u00e9 avec 1 insert affichant 4 pages dos \u00e0\u00a0 dos.Ensembles suppl\u00e9mentaires disponibles (H600). Ensembles suppl\u00e9mentaires disponibles (H713).Parfait pour une pr\u00e9sentation soign\u00e9e et contemporaine.<\/p>\n<p>Caract\u00e9ristiques :<br \/>Lot : 20.<br \/> Dimensions : 340(H) x 254(l) x 5(P) mm.<br \/> Mati\u00e8re : Simili-cuir, mati\u00e8re douce.<\/p>\n","protected":false},"excerpt":{"rendered":"<p>Porte-menus contemporains A4 noirs avec bo\u00eete de rangement (lot de 20)<\/p>\n","protected":false},"featured_media":98403,"comment_status":"closed","ping_status":"closed","template":"","meta":[],"product_brand":[],"product_cat":[1122,1297,1125,1106],"product_tag":[],"class_list":{"0":"post-71152","1":"product","2":"type-product","3":"status-publish","4":"has-post-thumbnail","6":"product_cat-menus-et-signaletique","7":"product_cat-non-palettisable","8":"product_cat-protege-menus","9":"product_cat-restaurant-bar-et-hotel","10":"product_shipping_class-free-shipping","12":"first","13":"instock","14":"featured","15":"taxable","16":"shipping-taxable","17":"purchasable","18":"product-type-simple"},"_links":{"self":[{"href":"https:\/\/abinox-chr-clim.com\/index.php\/wp-json\/wp\/v2\/product\/71152","targetHints":{"allow":["GET"]}}],"collection":[{"href":"https:\/\/abinox-chr-clim.com\/index.php\/wp-json\/wp\/v2\/product"}],"about":[{"href":"https:\/\/abinox-chr-clim.com\/index.php\/wp-json\/wp\/v2\/types\/product"}],"replies":[{"embeddable":true,"href":"https:\/\/abinox-chr-clim.com\/index.php\/wp-json\/wp\/v2\/comments?post=71152"}],"wp:featuredmedia":[{"embeddable":true,"href":"https:\/\/abinox-chr-clim.com\/index.php\/wp-json\/wp\/v2\/media\/98403"}],"wp:attachment":[{"href":"https:\/\/abinox-chr-clim.com\/index.php\/wp-json\/wp\/v2\/media?parent=71152"}],"wp:term":[{"taxonomy":"product_brand","embeddable":true,"href":"https:\/\/abinox-chr-clim.com\/index.php\/wp-json\/wp\/v2\/product_brand?post=71152"},{"taxonomy":"product_cat","embeddable":true,"href":"https:\/\/abinox-chr-clim.com\/index.php\/wp-json\/wp\/v2\/product_cat?post=71152"},{"taxonomy":"product_tag","embeddable":true,"href":"https:\/\/abinox-chr-clim.com\/index.php\/wp-json\/wp\/v2\/product_tag?post=71152"}],"curies":[{"name":"wp","href":"https:\/\/api.w.org\/{rel}","templated":true}]}}