{"id":71146,"date":"2024-03-22T19:39:56","date_gmt":"2024-03-22T18:39:56","guid":{"rendered":"https:\/\/abinox-chr-clim.com\/index.php\/product\/protege-menu-en-bois-securit-noir-a4\/"},"modified":"2026-04-20T09:08:19","modified_gmt":"2026-04-20T07:08:19","slug":"protege-menu-en-bois-securit-noir-a4","status":"publish","type":"product","link":"https:\/\/abinox-chr-clim.com\/index.php\/product\/protege-menu-en-bois-securit-noir-a4\/","title":{"rendered":"Prot\u00e8ge-menu en bois Securit noir A4"},"content":{"rendered":"<p>Prot\u00e8ge-menus de la ligne bois avec 2 inserts munis de deux coins m\u00e9talliques (4 pages). Dot\u00e9s d&rsquo;une baguette en bois permettant de placer des inserts gr\u00e2ce \u00e0 de petites vis de couleur dor\u00e9e. Inserts suppl\u00e9mentaires (H747 et H753) vendus s\u00e9par\u00e9ment pour afficher 10 pages.<br \/>Pour une pr\u00e9sentation soign\u00e9e et moderne. 4 pages. Vendu \u00e0 l&rsquo;unit\u00e9.  Pour une pr\u00e9sentation soign\u00e9e et moderne. .<br \/> Caract\u00e9ristiques :<br \/> Dimensions : 320(H) x 260(L) x 20(P) mm.<br \/> Mati\u00e8re : Bois.<br \/> Couleur : Noir.<\/p>\n","protected":false},"excerpt":{"rendered":"<p>Prot\u00e8ge-menu en bois Securit noir A4<\/p>\n","protected":false},"featured_media":0,"comment_status":"closed","ping_status":"closed","template":"","meta":[],"product_brand":[],"product_cat":[1122,1297,1125,1106],"product_tag":[],"class_list":{"0":"post-71146","1":"product","2":"type-product","3":"status-publish","5":"product_cat-menus-et-signaletique","6":"product_cat-non-palettisable","7":"product_cat-protege-menus","8":"product_cat-restaurant-bar-et-hotel","9":"product_shipping_class-free-shipping","11":"first","12":"instock","13":"featured","14":"taxable","15":"shipping-taxable","16":"purchasable","17":"product-type-simple"},"_links":{"self":[{"href":"https:\/\/abinox-chr-clim.com\/index.php\/wp-json\/wp\/v2\/product\/71146","targetHints":{"allow":["GET"]}}],"collection":[{"href":"https:\/\/abinox-chr-clim.com\/index.php\/wp-json\/wp\/v2\/product"}],"about":[{"href":"https:\/\/abinox-chr-clim.com\/index.php\/wp-json\/wp\/v2\/types\/product"}],"replies":[{"embeddable":true,"href":"https:\/\/abinox-chr-clim.com\/index.php\/wp-json\/wp\/v2\/comments?post=71146"}],"wp:attachment":[{"href":"https:\/\/abinox-chr-clim.com\/index.php\/wp-json\/wp\/v2\/media?parent=71146"}],"wp:term":[{"taxonomy":"product_brand","embeddable":true,"href":"https:\/\/abinox-chr-clim.com\/index.php\/wp-json\/wp\/v2\/product_brand?post=71146"},{"taxonomy":"product_cat","embeddable":true,"href":"https:\/\/abinox-chr-clim.com\/index.php\/wp-json\/wp\/v2\/product_cat?post=71146"},{"taxonomy":"product_tag","embeddable":true,"href":"https:\/\/abinox-chr-clim.com\/index.php\/wp-json\/wp\/v2\/product_tag?post=71146"}],"curies":[{"name":"wp","href":"https:\/\/api.w.org\/{rel}","templated":true}]}}