{"id":71140,"date":"2024-03-22T19:39:54","date_gmt":"2024-03-22T18:39:54","guid":{"rendered":"https:\/\/abinox-chr-clim.com\/index.php\/product\/protege-menus-contemporain-securit-a4-noir\/"},"modified":"2026-04-20T09:08:14","modified_gmt":"2026-04-20T07:08:14","slug":"protege-menus-contemporain-securit-a4-noir","status":"publish","type":"product","link":"https:\/\/abinox-chr-clim.com\/index.php\/product\/protege-menus-contemporain-securit-a4-noir\/","title":{"rendered":"Prot\u00e8ge-menus contemporain Securit A4 noir"},"content":{"rendered":"<p>Gamme de prot\u00e8ge-menus contemporains disponibles en diff\u00e9rentes tailles et coloris assortis. Fabriqu\u00e9s en cuir synth\u00e9tique doux au toucher, r\u00e9sistant aux rayures et lavables \u00e0 l&rsquo;eau savonneuse. Contiennent un feuillet pour afficher 4 feuilles dos \u00e0 dos.<br \/>Ne se raye pas. Lavable \u00e0 l&rsquo;eau savonneuse. Livr\u00e9 avec un feuillet pour afficher 4 feuilles dos \u00e0 dos. Feuillets suppl\u00e9mentaires vendus s\u00e9par\u00e9ment (H600).Ne se raye pas. .<br \/> Caract\u00e9ristiques :<br \/> Dimensions : 337(H) x 245(L) x 5(P) mm.<br \/> Mati\u00e8re : Cuir synth\u00e9tique doux au toucher.<br \/> Couleur : Noir.<\/p>\n","protected":false},"excerpt":{"rendered":"<p>Prot\u00e8ge-menus contemporain Securit A4 noir<\/p>\n","protected":false},"featured_media":103972,"comment_status":"closed","ping_status":"closed","template":"","meta":[],"product_brand":[],"product_cat":[1122,1297,1125,1106],"product_tag":[],"class_list":{"0":"post-71140","1":"product","2":"type-product","3":"status-publish","4":"has-post-thumbnail","6":"product_cat-menus-et-signaletique","7":"product_cat-non-palettisable","8":"product_cat-protege-menus","9":"product_cat-restaurant-bar-et-hotel","10":"product_shipping_class-free-shipping","12":"first","13":"instock","14":"featured","15":"taxable","16":"shipping-taxable","17":"purchasable","18":"product-type-simple"},"_links":{"self":[{"href":"https:\/\/abinox-chr-clim.com\/index.php\/wp-json\/wp\/v2\/product\/71140","targetHints":{"allow":["GET"]}}],"collection":[{"href":"https:\/\/abinox-chr-clim.com\/index.php\/wp-json\/wp\/v2\/product"}],"about":[{"href":"https:\/\/abinox-chr-clim.com\/index.php\/wp-json\/wp\/v2\/types\/product"}],"replies":[{"embeddable":true,"href":"https:\/\/abinox-chr-clim.com\/index.php\/wp-json\/wp\/v2\/comments?post=71140"}],"wp:featuredmedia":[{"embeddable":true,"href":"https:\/\/abinox-chr-clim.com\/index.php\/wp-json\/wp\/v2\/media\/103972"}],"wp:attachment":[{"href":"https:\/\/abinox-chr-clim.com\/index.php\/wp-json\/wp\/v2\/media?parent=71140"}],"wp:term":[{"taxonomy":"product_brand","embeddable":true,"href":"https:\/\/abinox-chr-clim.com\/index.php\/wp-json\/wp\/v2\/product_brand?post=71140"},{"taxonomy":"product_cat","embeddable":true,"href":"https:\/\/abinox-chr-clim.com\/index.php\/wp-json\/wp\/v2\/product_cat?post=71140"},{"taxonomy":"product_tag","embeddable":true,"href":"https:\/\/abinox-chr-clim.com\/index.php\/wp-json\/wp\/v2\/product_tag?post=71140"}],"curies":[{"name":"wp","href":"https:\/\/api.w.org\/{rel}","templated":true}]}}