{"id":71137,"date":"2024-03-22T19:39:53","date_gmt":"2024-03-22T18:39:53","guid":{"rendered":"https:\/\/abinox-chr-clim.com\/index.php\/product\/feuillet-supplementaire-securit-double-a\/"},"modified":"2026-04-20T09:08:11","modified_gmt":"2026-04-20T07:08:11","slug":"feuillet-supplementaire-securit-double-a","status":"publish","type":"product","link":"https:\/\/abinox-chr-clim.com\/index.php\/product\/feuillet-supplementaire-securit-double-a\/","title":{"rendered":"Feuillet suppl\u00e9mentaire Securit double A"},"content":{"rendered":"<p>Gamme de prot\u00e8ge-menus contemporains disponibles en diff\u00e9rentes tailles et coloris assortis. Fabriqu\u00e9s en cuir synth\u00e9tique doux au toucher, r\u00e9sistant aux rayures et lavables \u00e0 l&rsquo;eau savonneuse. Contiennent un feuillet pour afficher 4 feuilles dos \u00e0 dos.<br \/>. 2 pochettes A5 double face (montrant quatre pages au total). Glissez le feuillet dans votre menu et fixez-le \u00e0 l&rsquo;aide du cordon. Pr\u00e9sente 4 pages. Disponible en formats A4 et A5.  .<\/p>\n<p>Caract\u00e9ristiques :<br \/> Dimensions : 220(H) x 328(L) x 4(P) mm.<br \/> Mati\u00e8re : Plastique.<br \/> Couleur : Transparent.<\/p>\n","protected":false},"excerpt":{"rendered":"<p>Feuillet suppl\u00e9mentaire Securit double A<\/p>\n","protected":false},"featured_media":103949,"comment_status":"closed","ping_status":"closed","template":"","meta":[],"product_brand":[],"product_cat":[1122,1297,1125,1106],"product_tag":[],"class_list":{"0":"post-71137","1":"product","2":"type-product","3":"status-publish","4":"has-post-thumbnail","6":"product_cat-menus-et-signaletique","7":"product_cat-non-palettisable","8":"product_cat-protege-menus","9":"product_cat-restaurant-bar-et-hotel","10":"product_shipping_class-free-shipping","12":"first","13":"instock","14":"featured","15":"taxable","16":"shipping-taxable","17":"purchasable","18":"product-type-simple"},"_links":{"self":[{"href":"https:\/\/abinox-chr-clim.com\/index.php\/wp-json\/wp\/v2\/product\/71137","targetHints":{"allow":["GET"]}}],"collection":[{"href":"https:\/\/abinox-chr-clim.com\/index.php\/wp-json\/wp\/v2\/product"}],"about":[{"href":"https:\/\/abinox-chr-clim.com\/index.php\/wp-json\/wp\/v2\/types\/product"}],"replies":[{"embeddable":true,"href":"https:\/\/abinox-chr-clim.com\/index.php\/wp-json\/wp\/v2\/comments?post=71137"}],"wp:featuredmedia":[{"embeddable":true,"href":"https:\/\/abinox-chr-clim.com\/index.php\/wp-json\/wp\/v2\/media\/103949"}],"wp:attachment":[{"href":"https:\/\/abinox-chr-clim.com\/index.php\/wp-json\/wp\/v2\/media?parent=71137"}],"wp:term":[{"taxonomy":"product_brand","embeddable":true,"href":"https:\/\/abinox-chr-clim.com\/index.php\/wp-json\/wp\/v2\/product_brand?post=71137"},{"taxonomy":"product_cat","embeddable":true,"href":"https:\/\/abinox-chr-clim.com\/index.php\/wp-json\/wp\/v2\/product_cat?post=71137"},{"taxonomy":"product_tag","embeddable":true,"href":"https:\/\/abinox-chr-clim.com\/index.php\/wp-json\/wp\/v2\/product_tag?post=71137"}],"curies":[{"name":"wp","href":"https:\/\/api.w.org\/{rel}","templated":true}]}}