{"id":71133,"date":"2024-03-22T19:39:52","date_gmt":"2024-03-22T18:39:52","guid":{"rendered":"https:\/\/abinox-chr-clim.com\/index.php\/product\/presentoir-eclaire-led-securit-noir-avec-poteau-et-pied\/"},"modified":"2026-04-20T09:34:00","modified_gmt":"2026-04-20T07:34:00","slug":"presentoir-eclaire-led-securit-noir-avec-poteau-et-pied","status":"publish","type":"product","link":"https:\/\/abinox-chr-clim.com\/index.php\/product\/presentoir-eclaire-led-securit-noir-avec-poteau-et-pied\/","title":{"rendered":"Pr\u00e9sentoir \u00e9clair\u00e9 LED Securit noir avec poteau et pied"},"content":{"rendered":"<p>Pr\u00e9sentoir \u00e9clair\u00e9 LED noir, en acier rev\u00eatement polyacrylique r\u00e9sistant aux intemp\u00e9ries avec des LED blanches. Peut \u00eatre mont\u00e9 en format portrait ou paysage, ou fix\u00e9 au mur. Pour pr\u00e9senter des pages de format A4. Livr\u00e9 avec un socle, c\u00e2ble de cinq m\u00e8tres et prise. Compatible avec le pack batterie DL182 (vendu s\u00e9par\u00e9ment).<br \/>Le cadre est en acier enduit r\u00e9sistant aux intemp\u00e9ries. Compl\u00e9tez le pr\u00e9sentoir Securit avec les roulettes CU940 et l&rsquo;adaptateur 1,5A O7710 qui s&rsquo;ins\u00e8re dans l&rsquo;\u00e9cran. 1200(H) x 650(L) x 100(P)mm. R\u00e9f\u00e9rence soumise \u00e0 une Eco-participation mobilier de 1.46\u20ac par unit\u00e9 vendue. Se monte verticalement ou horizontalement, sur socle ou au mur. \u00c9clair\u00e9 par des lumi\u00e8res LED. Pied + poteau inclus. Compatible avec la batterie DL182 (vendue s\u00e9par\u00e9ment). R\u00e9f\u00e9rence soumise \u00e0 une Eco-participation DEEE de 0,88\u20ac par unit\u00e9 vendue. Le cadre est en acier enduit r\u00e9sistant aux intemp\u00e9ries.<\/p>\n<p>Caract\u00e9ristiques :<br \/> Dimensions : 1200(H) x 650(L) x 100(P) mm.<br \/> Mati\u00e8re : Acier rev\u00eatu.<br \/> Voltage : 230V.<br \/> Couleur : Noir.<\/p>\n","protected":false},"excerpt":{"rendered":"<p>Pr\u00e9sentoir \u00e9clair\u00e9 LED Securit noir avec poteau et pied<\/p>\n","protected":false},"featured_media":102565,"comment_status":"closed","ping_status":"closed","template":"","meta":[],"product_brand":[],"product_cat":[1122,1297,1125,1106],"product_tag":[],"class_list":{"0":"post-71133","1":"product","2":"type-product","3":"status-publish","4":"has-post-thumbnail","6":"product_cat-menus-et-signaletique","7":"product_cat-non-palettisable","8":"product_cat-protege-menus","9":"product_cat-restaurant-bar-et-hotel","10":"product_shipping_class-free-shipping","12":"first","13":"instock","14":"featured","15":"taxable","16":"shipping-taxable","17":"purchasable","18":"product-type-simple"},"_links":{"self":[{"href":"https:\/\/abinox-chr-clim.com\/index.php\/wp-json\/wp\/v2\/product\/71133","targetHints":{"allow":["GET"]}}],"collection":[{"href":"https:\/\/abinox-chr-clim.com\/index.php\/wp-json\/wp\/v2\/product"}],"about":[{"href":"https:\/\/abinox-chr-clim.com\/index.php\/wp-json\/wp\/v2\/types\/product"}],"replies":[{"embeddable":true,"href":"https:\/\/abinox-chr-clim.com\/index.php\/wp-json\/wp\/v2\/comments?post=71133"}],"wp:featuredmedia":[{"embeddable":true,"href":"https:\/\/abinox-chr-clim.com\/index.php\/wp-json\/wp\/v2\/media\/102565"}],"wp:attachment":[{"href":"https:\/\/abinox-chr-clim.com\/index.php\/wp-json\/wp\/v2\/media?parent=71133"}],"wp:term":[{"taxonomy":"product_brand","embeddable":true,"href":"https:\/\/abinox-chr-clim.com\/index.php\/wp-json\/wp\/v2\/product_brand?post=71133"},{"taxonomy":"product_cat","embeddable":true,"href":"https:\/\/abinox-chr-clim.com\/index.php\/wp-json\/wp\/v2\/product_cat?post=71133"},{"taxonomy":"product_tag","embeddable":true,"href":"https:\/\/abinox-chr-clim.com\/index.php\/wp-json\/wp\/v2\/product_tag?post=71133"}],"curies":[{"name":"wp","href":"https:\/\/api.w.org\/{rel}","templated":true}]}}