{"id":71129,"date":"2024-03-22T19:39:49","date_gmt":"2024-03-22T18:39:49","guid":{"rendered":"https:\/\/abinox-chr-clim.com\/index.php\/product\/protege-menu-style-americain-deux-pages-olympia-a4-bordeaux\/"},"modified":"2026-01-12T07:38:58","modified_gmt":"2026-01-12T06:38:58","slug":"protege-menu-style-americain-deux-pages-olympia-a4-bordeaux","status":"publish","type":"product","link":"https:\/\/abinox-chr-clim.com\/index.php\/product\/protege-menu-style-americain-deux-pages-olympia-a4-bordeaux\/","title":{"rendered":"Prot\u00e8ge-menu style am\u00e9ricain deux pages Olympia A4 bordeaux"},"content":{"rendered":"<p>Ins\u00e9rez votre  menu derri\u00e8re le plastique transparent pour une pr\u00e9sentation \u00e9l\u00e9gante, pratique et professionnelle. Bords en tissu \u00e9l\u00e9gants avec des coins m\u00e9talliques de protection. Disponibles au format A4 ou A5. Cartes de menu non fournies.<br \/>Cadre \u00e9l\u00e9gant. Coins m\u00e9talliques renforc\u00e9s. Le menu s&rsquo;ins\u00e8re dans la pochette plastique (2 feuilles dos \u00e0 dos &#8211; 4 vues). Menu non compris.Chaque pochette permet une vue recto verso. Coins prot\u00e9g\u00e9s par des pi\u00e8ces m\u00e9talliques. Pr\u00e9sente 2 feuilles dos \u00e0 dos &#8211; 4 vues. Vendu \u00e0 l&rsquo;unit\u00e9.Cadre \u00e9l\u00e9gant.<\/p>\n<p>Caract\u00e9ristiques :<br \/> Dimensions : 320(H) x 235(L) x 2(P) mm.<br \/> Mati\u00e8re : Plastique.<br \/> Couleur : Bordeaux.<\/p>\n","protected":false},"excerpt":{"rendered":"<p>Prot\u00e8ge-menu style am\u00e9ricain deux pages Olympia A4 bordeaux<\/p>\n","protected":false},"featured_media":102635,"comment_status":"closed","ping_status":"closed","template":"","meta":[],"product_brand":[],"product_cat":[1122,1297,1125,1106],"product_tag":[],"class_list":{"0":"post-71129","1":"product","2":"type-product","3":"status-publish","4":"has-post-thumbnail","6":"product_cat-menus-et-signaletique","7":"product_cat-non-palettisable","8":"product_cat-protege-menus","9":"product_cat-restaurant-bar-et-hotel","10":"product_shipping_class-free-shipping","12":"first","13":"outofstock","14":"featured","15":"taxable","16":"shipping-taxable","17":"purchasable","18":"product-type-simple"},"_links":{"self":[{"href":"https:\/\/abinox-chr-clim.com\/index.php\/wp-json\/wp\/v2\/product\/71129","targetHints":{"allow":["GET"]}}],"collection":[{"href":"https:\/\/abinox-chr-clim.com\/index.php\/wp-json\/wp\/v2\/product"}],"about":[{"href":"https:\/\/abinox-chr-clim.com\/index.php\/wp-json\/wp\/v2\/types\/product"}],"replies":[{"embeddable":true,"href":"https:\/\/abinox-chr-clim.com\/index.php\/wp-json\/wp\/v2\/comments?post=71129"}],"wp:featuredmedia":[{"embeddable":true,"href":"https:\/\/abinox-chr-clim.com\/index.php\/wp-json\/wp\/v2\/media\/102635"}],"wp:attachment":[{"href":"https:\/\/abinox-chr-clim.com\/index.php\/wp-json\/wp\/v2\/media?parent=71129"}],"wp:term":[{"taxonomy":"product_brand","embeddable":true,"href":"https:\/\/abinox-chr-clim.com\/index.php\/wp-json\/wp\/v2\/product_brand?post=71129"},{"taxonomy":"product_cat","embeddable":true,"href":"https:\/\/abinox-chr-clim.com\/index.php\/wp-json\/wp\/v2\/product_cat?post=71129"},{"taxonomy":"product_tag","embeddable":true,"href":"https:\/\/abinox-chr-clim.com\/index.php\/wp-json\/wp\/v2\/product_tag?post=71129"}],"curies":[{"name":"wp","href":"https:\/\/api.w.org\/{rel}","templated":true}]}}