{"id":71121,"date":"2024-03-22T19:39:46","date_gmt":"2024-03-22T18:39:46","guid":{"rendered":"https:\/\/abinox-chr-clim.com\/index.php\/product\/protege-menus-en-simili-cuir-olympia-a4-bordeaux\/"},"modified":"2026-04-15T08:54:30","modified_gmt":"2026-04-15T06:54:30","slug":"protege-menus-en-simili-cuir-olympia-a4-bordeaux","status":"publish","type":"product","link":"https:\/\/abinox-chr-clim.com\/index.php\/product\/protege-menus-en-simili-cuir-olympia-a4-bordeaux\/","title":{"rendered":"Prot\u00e8ge-menus en simili cuir Olympia A4 bordeaux"},"content":{"rendered":"<p>Simili-cuir tr\u00e8s r\u00e9sistant.Cordons dor\u00e9s vendus s\u00e9par\u00e9ment.  Possibilit\u00e9 d&rsquo;ins\u00e9rer des pochettes suppl\u00e9mentaires (E225).Menus non compris. Simili-cuir tr\u00e8s r\u00e9sistant. .<br \/> Caract\u00e9ristiques :<br \/> Dimensions : 325(H) x 235(l) x 10(P) mm.<br \/> Mati\u00e8re : Similicuir<\/p>\n","protected":false},"excerpt":{"rendered":"<p>Prot\u00e8ge-menus en simili cuir Olympia A4 bordeaux<\/p>\n","protected":false},"featured_media":96058,"comment_status":"closed","ping_status":"closed","template":"","meta":[],"product_brand":[],"product_cat":[1122,1297,1125,1106],"product_tag":[],"class_list":{"0":"post-71121","1":"product","2":"type-product","3":"status-publish","4":"has-post-thumbnail","6":"product_cat-menus-et-signaletique","7":"product_cat-non-palettisable","8":"product_cat-protege-menus","9":"product_cat-restaurant-bar-et-hotel","10":"product_shipping_class-free-shipping","12":"first","13":"instock","14":"featured","15":"taxable","16":"shipping-taxable","17":"purchasable","18":"product-type-simple"},"_links":{"self":[{"href":"https:\/\/abinox-chr-clim.com\/index.php\/wp-json\/wp\/v2\/product\/71121","targetHints":{"allow":["GET"]}}],"collection":[{"href":"https:\/\/abinox-chr-clim.com\/index.php\/wp-json\/wp\/v2\/product"}],"about":[{"href":"https:\/\/abinox-chr-clim.com\/index.php\/wp-json\/wp\/v2\/types\/product"}],"replies":[{"embeddable":true,"href":"https:\/\/abinox-chr-clim.com\/index.php\/wp-json\/wp\/v2\/comments?post=71121"}],"wp:featuredmedia":[{"embeddable":true,"href":"https:\/\/abinox-chr-clim.com\/index.php\/wp-json\/wp\/v2\/media\/96058"}],"wp:attachment":[{"href":"https:\/\/abinox-chr-clim.com\/index.php\/wp-json\/wp\/v2\/media?parent=71121"}],"wp:term":[{"taxonomy":"product_brand","embeddable":true,"href":"https:\/\/abinox-chr-clim.com\/index.php\/wp-json\/wp\/v2\/product_brand?post=71121"},{"taxonomy":"product_cat","embeddable":true,"href":"https:\/\/abinox-chr-clim.com\/index.php\/wp-json\/wp\/v2\/product_cat?post=71121"},{"taxonomy":"product_tag","embeddable":true,"href":"https:\/\/abinox-chr-clim.com\/index.php\/wp-json\/wp\/v2\/product_tag?post=71121"}],"curies":[{"name":"wp","href":"https:\/\/api.w.org\/{rel}","templated":true}]}}