{"id":71120,"date":"2024-03-22T19:39:46","date_gmt":"2024-03-22T18:39:46","guid":{"rendered":"https:\/\/abinox-chr-clim.com\/index.php\/product\/protege-menus-en-pvc-olympia-a5-noir\/"},"modified":"2026-04-15T08:54:29","modified_gmt":"2026-04-15T06:54:29","slug":"protege-menus-en-pvc-olympia-a5-noir","status":"publish","type":"product","link":"https:\/\/abinox-chr-clim.com\/index.php\/product\/protege-menus-en-pvc-olympia-a5-noir\/","title":{"rendered":"Prot\u00e8ge-menus en PVC Olympia A5 noir"},"content":{"rendered":"<p>PVC rembourr\u00e9. Compatible avec cordelette dor\u00e9e E228. Facile \u00e0 nettoyer d&rsquo;un coup de chiffon humide. Parfait pour les restaurants et h\u00f4tels. Design classique. Egalement disponible en format A4 (E217). Pr\u00e9sente 2 pages (rectos). Vendu \u00e0 l&rsquo;unit\u00e9.PVC rembourr\u00e9.<\/p>\n<p>Caract\u00e9ristiques :<br \/> Dimensions : 231(H) x 160(L) x 11(P) mm.<br \/> Mati\u00e8re : PVC<\/p>\n","protected":false},"excerpt":{"rendered":"<p>Prot\u00e8ge-menus en PVC Olympia A5 noir<\/p>\n","protected":false},"featured_media":96062,"comment_status":"closed","ping_status":"closed","template":"","meta":[],"product_brand":[],"product_cat":[1122,1297,1125,1106],"product_tag":[],"class_list":{"0":"post-71120","1":"product","2":"type-product","3":"status-publish","4":"has-post-thumbnail","6":"product_cat-menus-et-signaletique","7":"product_cat-non-palettisable","8":"product_cat-protege-menus","9":"product_cat-restaurant-bar-et-hotel","10":"product_shipping_class-free-shipping","12":"first","13":"instock","14":"featured","15":"taxable","16":"shipping-taxable","17":"purchasable","18":"product-type-simple"},"_links":{"self":[{"href":"https:\/\/abinox-chr-clim.com\/index.php\/wp-json\/wp\/v2\/product\/71120","targetHints":{"allow":["GET"]}}],"collection":[{"href":"https:\/\/abinox-chr-clim.com\/index.php\/wp-json\/wp\/v2\/product"}],"about":[{"href":"https:\/\/abinox-chr-clim.com\/index.php\/wp-json\/wp\/v2\/types\/product"}],"replies":[{"embeddable":true,"href":"https:\/\/abinox-chr-clim.com\/index.php\/wp-json\/wp\/v2\/comments?post=71120"}],"wp:featuredmedia":[{"embeddable":true,"href":"https:\/\/abinox-chr-clim.com\/index.php\/wp-json\/wp\/v2\/media\/96062"}],"wp:attachment":[{"href":"https:\/\/abinox-chr-clim.com\/index.php\/wp-json\/wp\/v2\/media?parent=71120"}],"wp:term":[{"taxonomy":"product_brand","embeddable":true,"href":"https:\/\/abinox-chr-clim.com\/index.php\/wp-json\/wp\/v2\/product_brand?post=71120"},{"taxonomy":"product_cat","embeddable":true,"href":"https:\/\/abinox-chr-clim.com\/index.php\/wp-json\/wp\/v2\/product_cat?post=71120"},{"taxonomy":"product_tag","embeddable":true,"href":"https:\/\/abinox-chr-clim.com\/index.php\/wp-json\/wp\/v2\/product_tag?post=71120"}],"curies":[{"name":"wp","href":"https:\/\/api.w.org\/{rel}","templated":true}]}}