{"id":71114,"date":"2024-03-22T19:39:44","date_gmt":"2024-03-22T18:39:44","guid":{"rendered":"https:\/\/abinox-chr-clim.com\/index.php\/product\/protege-menu-en-cuir-recycle-brut-securit-gamme-leather-a4-noir\/"},"modified":"2026-04-15T10:21:46","modified_gmt":"2026-04-15T08:21:46","slug":"protege-menu-en-cuir-recycle-brut-securit-gamme-leather-a4-noir","status":"publish","type":"product","link":"https:\/\/abinox-chr-clim.com\/index.php\/product\/protege-menu-en-cuir-recycle-brut-securit-gamme-leather-a4-noir\/","title":{"rendered":"Prot\u00e8ge-menu en cuir recycl\u00e9 brut Securit Gamme Leather A4 noir"},"content":{"rendered":"<p>Une plaque m\u00e9tal imprim\u00e9e avec \u00ab\u00a0Menu\u00a0\u00bb, une plaque m\u00e9tal vierge et un insert double face pour 4 pages A4 inclus.Le prot\u00e8ge-menu peut facilement contenir jusqu&rsquo;\u00e0 40 pages A4 en utilisant les inserts pour prot\u00e8ge-menu Securit\u00ae.Flexible. Facile \u00e0 nettoyer. Un apport parfait \u00e0 toute table.  Une plaque m\u00e9tal imprim\u00e9e avec \u00ab\u00a0Menu\u00a0\u00bb, une plaque m\u00e9tal vierge et un insert double face pour 4 pages A4 inclus. .<br \/> Caract\u00e9ristiques :<br \/> Dimensions : 0(H) x 0(L) x 0(P) mm.<br \/> Mati\u00e8re : Cuir.<br \/> Couleur : Noir.<\/p>\n","protected":false},"excerpt":{"rendered":"<p>Prot\u00e8ge-menu en cuir recycl\u00e9 brut Securit Gamme Leather A4 noir<\/p>\n","protected":false},"featured_media":105157,"comment_status":"closed","ping_status":"closed","template":"","meta":[],"product_brand":[],"product_cat":[1122,1297,1125,1106],"product_tag":[],"class_list":{"0":"post-71114","1":"product","2":"type-product","3":"status-publish","4":"has-post-thumbnail","6":"product_cat-menus-et-signaletique","7":"product_cat-non-palettisable","8":"product_cat-protege-menus","9":"product_cat-restaurant-bar-et-hotel","10":"product_shipping_class-free-shipping","12":"first","13":"instock","14":"featured","15":"taxable","16":"shipping-taxable","17":"purchasable","18":"product-type-simple"},"_links":{"self":[{"href":"https:\/\/abinox-chr-clim.com\/index.php\/wp-json\/wp\/v2\/product\/71114","targetHints":{"allow":["GET"]}}],"collection":[{"href":"https:\/\/abinox-chr-clim.com\/index.php\/wp-json\/wp\/v2\/product"}],"about":[{"href":"https:\/\/abinox-chr-clim.com\/index.php\/wp-json\/wp\/v2\/types\/product"}],"replies":[{"embeddable":true,"href":"https:\/\/abinox-chr-clim.com\/index.php\/wp-json\/wp\/v2\/comments?post=71114"}],"wp:featuredmedia":[{"embeddable":true,"href":"https:\/\/abinox-chr-clim.com\/index.php\/wp-json\/wp\/v2\/media\/105157"}],"wp:attachment":[{"href":"https:\/\/abinox-chr-clim.com\/index.php\/wp-json\/wp\/v2\/media?parent=71114"}],"wp:term":[{"taxonomy":"product_brand","embeddable":true,"href":"https:\/\/abinox-chr-clim.com\/index.php\/wp-json\/wp\/v2\/product_brand?post=71114"},{"taxonomy":"product_cat","embeddable":true,"href":"https:\/\/abinox-chr-clim.com\/index.php\/wp-json\/wp\/v2\/product_cat?post=71114"},{"taxonomy":"product_tag","embeddable":true,"href":"https:\/\/abinox-chr-clim.com\/index.php\/wp-json\/wp\/v2\/product_tag?post=71114"}],"curies":[{"name":"wp","href":"https:\/\/api.w.org\/{rel}","templated":true}]}}