{"id":71111,"date":"2024-03-22T19:39:42","date_gmt":"2024-03-22T18:39:42","guid":{"rendered":"https:\/\/abinox-chr-clim.com\/index.php\/product\/planche-porte-menu-bambou-olympia-a5\/"},"modified":"2026-02-18T10:18:27","modified_gmt":"2026-02-18T09:18:27","slug":"planche-porte-menu-bambou-olympia-a5","status":"publish","type":"product","link":"https:\/\/abinox-chr-clim.com\/index.php\/product\/planche-porte-menu-bambou-olympia-a5\/","title":{"rendered":"Planche porte menu bambou Olympia A5"},"content":{"rendered":"<p>Planche porte-menu bambou attrayante. A associer avec un support en bois pour une pr\u00e9sentation statique sur comptoir.<br \/>Vendue \u00e0 l&rsquo;unit\u00e9. Effet bambou. Clip m\u00e9tal. Vendue \u00e0 l&rsquo;unit\u00e9.<\/p>\n<p>Caract\u00e9ristiques :<br \/> Dimensions : 245(H) x 185(L) x 330(P) mm.<br \/> Mati\u00e8re : Bois.<br \/> Couleur : Bambou.<\/p>\n","protected":false},"excerpt":{"rendered":"<p>Planche porte menu bambou Olympia A5<\/p>\n","protected":false},"featured_media":84786,"comment_status":"closed","ping_status":"closed","template":"","meta":[],"product_brand":[],"product_cat":[1122,1297,1125,1106],"product_tag":[],"class_list":{"0":"post-71111","1":"product","2":"type-product","3":"status-publish","4":"has-post-thumbnail","6":"product_cat-menus-et-signaletique","7":"product_cat-non-palettisable","8":"product_cat-protege-menus","9":"product_cat-restaurant-bar-et-hotel","10":"product_shipping_class-free-shipping","12":"first","13":"instock","14":"featured","15":"taxable","16":"shipping-taxable","17":"purchasable","18":"product-type-simple"},"_links":{"self":[{"href":"https:\/\/abinox-chr-clim.com\/index.php\/wp-json\/wp\/v2\/product\/71111","targetHints":{"allow":["GET"]}}],"collection":[{"href":"https:\/\/abinox-chr-clim.com\/index.php\/wp-json\/wp\/v2\/product"}],"about":[{"href":"https:\/\/abinox-chr-clim.com\/index.php\/wp-json\/wp\/v2\/types\/product"}],"replies":[{"embeddable":true,"href":"https:\/\/abinox-chr-clim.com\/index.php\/wp-json\/wp\/v2\/comments?post=71111"}],"wp:featuredmedia":[{"embeddable":true,"href":"https:\/\/abinox-chr-clim.com\/index.php\/wp-json\/wp\/v2\/media\/84786"}],"wp:attachment":[{"href":"https:\/\/abinox-chr-clim.com\/index.php\/wp-json\/wp\/v2\/media?parent=71111"}],"wp:term":[{"taxonomy":"product_brand","embeddable":true,"href":"https:\/\/abinox-chr-clim.com\/index.php\/wp-json\/wp\/v2\/product_brand?post=71111"},{"taxonomy":"product_cat","embeddable":true,"href":"https:\/\/abinox-chr-clim.com\/index.php\/wp-json\/wp\/v2\/product_cat?post=71111"},{"taxonomy":"product_tag","embeddable":true,"href":"https:\/\/abinox-chr-clim.com\/index.php\/wp-json\/wp\/v2\/product_tag?post=71111"}],"curies":[{"name":"wp","href":"https:\/\/api.w.org\/{rel}","templated":true}]}}