{"id":71110,"date":"2024-03-22T19:39:42","date_gmt":"2024-03-22T18:39:42","guid":{"rendered":"https:\/\/abinox-chr-clim.com\/index.php\/product\/presentoir-menu-sur-pied-en-aluminium-a4\/"},"modified":"2026-04-15T09:39:49","modified_gmt":"2026-04-15T07:39:49","slug":"presentoir-menu-sur-pied-en-aluminium-a4","status":"publish","type":"product","link":"https:\/\/abinox-chr-clim.com\/index.php\/product\/presentoir-menu-sur-pied-en-aluminium-a4\/","title":{"rendered":"Pr\u00e9sentoir menu sur pied en aluminium A4"},"content":{"rendered":"<p>Ce pr\u00e9sentoir flexible est multifonctionnel et peut \u00eatre ajust\u00e9 en hauteur, orientation et selon le format de papier.<br \/>R\u00e9sistant aux intemp\u00e9ries. La base lourde apporte de la stabilit\u00e9. Adapt\u00e9 pour un menu format A4. Max 1205(H)mm &#8211; Min 865(H)mm (format paysage). Max 1250(H)mm &#8211; Min 910(H)mm (format portrait). Surface de visualisation r\u00e9glable \u00e0 90\u00b0. Livr\u00e9 en kit, montage facile avec feuille d&rsquo;instructions. Cliquez sur l&rsquo;onglet documents utiles pour plus d&rsquo;informations.R\u00e9sistant aux intemp\u00e9ries.<\/p>\n<p>Caract\u00e9ristiques :<br \/> Dimensions : 1250(H) x 330(L) x 250(P) mm.<br \/> Mati\u00e8re : Aluminium anodis\u00e9.<br \/> Couleur : Argent.<\/p>\n","protected":false},"excerpt":{"rendered":"<p>Pr\u00e9sentoir menu sur pied en aluminium A4<\/p>\n","protected":false},"featured_media":84648,"comment_status":"closed","ping_status":"closed","template":"","meta":[],"product_brand":[],"product_cat":[1122,1297,1125,1106],"product_tag":[],"class_list":{"0":"post-71110","1":"product","2":"type-product","3":"status-publish","4":"has-post-thumbnail","6":"product_cat-menus-et-signaletique","7":"product_cat-non-palettisable","8":"product_cat-protege-menus","9":"product_cat-restaurant-bar-et-hotel","10":"product_shipping_class-free-shipping","12":"first","13":"instock","14":"featured","15":"taxable","16":"shipping-taxable","17":"purchasable","18":"product-type-simple"},"_links":{"self":[{"href":"https:\/\/abinox-chr-clim.com\/index.php\/wp-json\/wp\/v2\/product\/71110","targetHints":{"allow":["GET"]}}],"collection":[{"href":"https:\/\/abinox-chr-clim.com\/index.php\/wp-json\/wp\/v2\/product"}],"about":[{"href":"https:\/\/abinox-chr-clim.com\/index.php\/wp-json\/wp\/v2\/types\/product"}],"replies":[{"embeddable":true,"href":"https:\/\/abinox-chr-clim.com\/index.php\/wp-json\/wp\/v2\/comments?post=71110"}],"wp:featuredmedia":[{"embeddable":true,"href":"https:\/\/abinox-chr-clim.com\/index.php\/wp-json\/wp\/v2\/media\/84648"}],"wp:attachment":[{"href":"https:\/\/abinox-chr-clim.com\/index.php\/wp-json\/wp\/v2\/media?parent=71110"}],"wp:term":[{"taxonomy":"product_brand","embeddable":true,"href":"https:\/\/abinox-chr-clim.com\/index.php\/wp-json\/wp\/v2\/product_brand?post=71110"},{"taxonomy":"product_cat","embeddable":true,"href":"https:\/\/abinox-chr-clim.com\/index.php\/wp-json\/wp\/v2\/product_cat?post=71110"},{"taxonomy":"product_tag","embeddable":true,"href":"https:\/\/abinox-chr-clim.com\/index.php\/wp-json\/wp\/v2\/product_tag?post=71110"}],"curies":[{"name":"wp","href":"https:\/\/api.w.org\/{rel}","templated":true}]}}