{"id":71105,"date":"2024-03-22T19:39:40","date_gmt":"2024-03-22T18:39:40","guid":{"rendered":"https:\/\/abinox-chr-clim.com\/index.php\/product\/porte-menu-de-table-acrylique-avec-support-en-bois-securit-teck-a4\/"},"modified":"2026-04-15T08:44:44","modified_gmt":"2026-04-15T06:44:44","slug":"porte-menu-de-table-acrylique-avec-support-en-bois-securit-teck-a4","status":"publish","type":"product","link":"https:\/\/abinox-chr-clim.com\/index.php\/product\/porte-menu-de-table-acrylique-avec-support-en-bois-securit-teck-a4\/","title":{"rendered":"Porte-menu de table acrylique avec support en bois Securit teck A4"},"content":{"rendered":"<p>M\u00e9thode de pr\u00e9sentation professionnelle et \u00e9l\u00e9gante des affiches, menus, listes de prix, etc. Cadre en bois brut avec feuillet acrylique. R\u00e9sistant aux \u00e9claboussures et facile \u00e0 utiliser.<br \/>Cadre en bois massif avec support acrylique.R\u00e9sistant aux projections et simple \u00e0 utiliser. Double face. Base et cadre robustes pour une utilisation commerciale intensive. Cadre en bois massif avec support acrylique. .<br \/> Caract\u00e9ristiques :<br \/> Dimensions : 320(H) x 240(L) x 40(P) mm.<br \/> Mati\u00e8re : Bois et m\u00e9lamine.<br \/> Couleur : Teck.<\/p>\n","protected":false},"excerpt":{"rendered":"<p>Porte-menu de table acrylique avec support en bois Securit teck A4<\/p>\n","protected":false},"featured_media":82321,"comment_status":"closed","ping_status":"closed","template":"","meta":[],"product_brand":[],"product_cat":[1122,1297,1125,1106],"product_tag":[],"class_list":{"0":"post-71105","1":"product","2":"type-product","3":"status-publish","4":"has-post-thumbnail","6":"product_cat-menus-et-signaletique","7":"product_cat-non-palettisable","8":"product_cat-protege-menus","9":"product_cat-restaurant-bar-et-hotel","10":"product_shipping_class-free-shipping","12":"first","13":"instock","14":"featured","15":"taxable","16":"shipping-taxable","17":"purchasable","18":"product-type-simple"},"_links":{"self":[{"href":"https:\/\/abinox-chr-clim.com\/index.php\/wp-json\/wp\/v2\/product\/71105","targetHints":{"allow":["GET"]}}],"collection":[{"href":"https:\/\/abinox-chr-clim.com\/index.php\/wp-json\/wp\/v2\/product"}],"about":[{"href":"https:\/\/abinox-chr-clim.com\/index.php\/wp-json\/wp\/v2\/types\/product"}],"replies":[{"embeddable":true,"href":"https:\/\/abinox-chr-clim.com\/index.php\/wp-json\/wp\/v2\/comments?post=71105"}],"wp:featuredmedia":[{"embeddable":true,"href":"https:\/\/abinox-chr-clim.com\/index.php\/wp-json\/wp\/v2\/media\/82321"}],"wp:attachment":[{"href":"https:\/\/abinox-chr-clim.com\/index.php\/wp-json\/wp\/v2\/media?parent=71105"}],"wp:term":[{"taxonomy":"product_brand","embeddable":true,"href":"https:\/\/abinox-chr-clim.com\/index.php\/wp-json\/wp\/v2\/product_brand?post=71105"},{"taxonomy":"product_cat","embeddable":true,"href":"https:\/\/abinox-chr-clim.com\/index.php\/wp-json\/wp\/v2\/product_cat?post=71105"},{"taxonomy":"product_tag","embeddable":true,"href":"https:\/\/abinox-chr-clim.com\/index.php\/wp-json\/wp\/v2\/product_tag?post=71105"}],"curies":[{"name":"wp","href":"https:\/\/api.w.org\/{rel}","templated":true}]}}