{"id":71103,"date":"2024-03-22T19:39:39","date_gmt":"2024-03-22T18:39:39","guid":{"rendered":"https:\/\/abinox-chr-clim.com\/index.php\/product\/porte-menu-vertical-en-acrylique-olympia-a4\/"},"modified":"2026-04-15T08:42:19","modified_gmt":"2026-04-15T06:42:19","slug":"porte-menu-vertical-en-acrylique-olympia-a4","status":"publish","type":"product","link":"https:\/\/abinox-chr-clim.com\/index.php\/product\/porte-menu-vertical-en-acrylique-olympia-a4\/","title":{"rendered":"Porte-menu vertical en acrylique Olympia A4"},"content":{"rendered":"<p>Supports en acrylique au format portrait. Les feuilles de papier s&rsquo;ins\u00e8rent simplement sur le c\u00f4t\u00e9 pour une pr\u00e9sentation efficace et sur pied des menus ou de toute autre information.<br \/>L&rsquo;excellente transparence permet une lecture facile de votre menu ou de vos informations. La conception autoportante permet un affichage facile sur les comptoirs ou les tables. L&rsquo;ouverture ergonomique permet un changement rapide et facile des feuilles. La base large am\u00e9liore la stabilit\u00e9 pour \u00e9viter les chocs accidentels. La conception transparente permet d&rsquo;utiliser des feuilles \u00e0 double face. Le mat\u00e9riau acrylique offre une excellente durabilit\u00e9 et un nettoyage facile.  L&rsquo;excellente transparence permet une lecture facile de votre menu ou de vos informations.<\/p>\n<p>Caract\u00e9ristiques :<br \/> Dimensions : 305(H) x 210(L) x 93(P) mm.<br \/> Mati\u00e8re : Acrylique.<br \/> Couleur : Transparent.<\/p>\n","protected":false},"excerpt":{"rendered":"<p>Porte-menu vertical en acrylique Olympia A4<\/p>\n","protected":false},"featured_media":81070,"comment_status":"closed","ping_status":"closed","template":"","meta":[],"product_brand":[],"product_cat":[1122,1297,1125,1106],"product_tag":[],"class_list":{"0":"post-71103","1":"product","2":"type-product","3":"status-publish","4":"has-post-thumbnail","6":"product_cat-menus-et-signaletique","7":"product_cat-non-palettisable","8":"product_cat-protege-menus","9":"product_cat-restaurant-bar-et-hotel","10":"product_shipping_class-free-shipping","12":"first","13":"instock","14":"featured","15":"taxable","16":"shipping-taxable","17":"purchasable","18":"product-type-simple"},"_links":{"self":[{"href":"https:\/\/abinox-chr-clim.com\/index.php\/wp-json\/wp\/v2\/product\/71103","targetHints":{"allow":["GET"]}}],"collection":[{"href":"https:\/\/abinox-chr-clim.com\/index.php\/wp-json\/wp\/v2\/product"}],"about":[{"href":"https:\/\/abinox-chr-clim.com\/index.php\/wp-json\/wp\/v2\/types\/product"}],"replies":[{"embeddable":true,"href":"https:\/\/abinox-chr-clim.com\/index.php\/wp-json\/wp\/v2\/comments?post=71103"}],"wp:featuredmedia":[{"embeddable":true,"href":"https:\/\/abinox-chr-clim.com\/index.php\/wp-json\/wp\/v2\/media\/81070"}],"wp:attachment":[{"href":"https:\/\/abinox-chr-clim.com\/index.php\/wp-json\/wp\/v2\/media?parent=71103"}],"wp:term":[{"taxonomy":"product_brand","embeddable":true,"href":"https:\/\/abinox-chr-clim.com\/index.php\/wp-json\/wp\/v2\/product_brand?post=71103"},{"taxonomy":"product_cat","embeddable":true,"href":"https:\/\/abinox-chr-clim.com\/index.php\/wp-json\/wp\/v2\/product_cat?post=71103"},{"taxonomy":"product_tag","embeddable":true,"href":"https:\/\/abinox-chr-clim.com\/index.php\/wp-json\/wp\/v2\/product_tag?post=71103"}],"curies":[{"name":"wp","href":"https:\/\/api.w.org\/{rel}","templated":true}]}}