{"id":71099,"date":"2024-03-22T19:39:37","date_gmt":"2024-03-22T18:39:37","guid":{"rendered":"https:\/\/abinox-chr-clim.com\/index.php\/product\/porte-cartes-en-forme-de-t-olympia\/"},"modified":"2025-06-30T09:16:02","modified_gmt":"2025-06-30T07:16:02","slug":"porte-cartes-en-forme-de-t-olympia","status":"publish","type":"product","link":"https:\/\/abinox-chr-clim.com\/index.php\/product\/porte-cartes-en-forme-de-t-olympia\/","title":{"rendered":"Porte-cartes en forme de T Olympia"},"content":{"rendered":"<p>A poser sur la table ou pour un affichage sur les buffets. Les menus ou les cartes plastifi\u00e9es s&rsquo;ins\u00e8rent pour une pr\u00e9sentation prot\u00e9g\u00e9e.<br \/>Les menus ou les cartes s&rsquo;ins\u00e8rent simplement. Les menus ou les cartes s&rsquo;ins\u00e8rent simplement.<\/p>\n<p>Caract\u00e9ristiques :<br \/> Dimensions : 43(H) x 60(L) x 50(P) mm.<br \/> Mati\u00e8re : Acrylique.<br \/> Couleur : Transparent.<\/p>\n","protected":false},"excerpt":{"rendered":"<p>Porte-cartes en forme de T Olympia<\/p>\n","protected":false},"featured_media":81048,"comment_status":"closed","ping_status":"closed","template":"","meta":[],"product_brand":[],"product_cat":[1122,1297,1125,1106],"product_tag":[],"class_list":{"0":"post-71099","1":"product","2":"type-product","3":"status-publish","4":"has-post-thumbnail","6":"product_cat-menus-et-signaletique","7":"product_cat-non-palettisable","8":"product_cat-protege-menus","9":"product_cat-restaurant-bar-et-hotel","10":"product_shipping_class-free-shipping","12":"first","13":"outofstock","14":"featured","15":"taxable","16":"shipping-taxable","17":"purchasable","18":"product-type-simple"},"_links":{"self":[{"href":"https:\/\/abinox-chr-clim.com\/index.php\/wp-json\/wp\/v2\/product\/71099","targetHints":{"allow":["GET"]}}],"collection":[{"href":"https:\/\/abinox-chr-clim.com\/index.php\/wp-json\/wp\/v2\/product"}],"about":[{"href":"https:\/\/abinox-chr-clim.com\/index.php\/wp-json\/wp\/v2\/types\/product"}],"replies":[{"embeddable":true,"href":"https:\/\/abinox-chr-clim.com\/index.php\/wp-json\/wp\/v2\/comments?post=71099"}],"wp:featuredmedia":[{"embeddable":true,"href":"https:\/\/abinox-chr-clim.com\/index.php\/wp-json\/wp\/v2\/media\/81048"}],"wp:attachment":[{"href":"https:\/\/abinox-chr-clim.com\/index.php\/wp-json\/wp\/v2\/media?parent=71099"}],"wp:term":[{"taxonomy":"product_brand","embeddable":true,"href":"https:\/\/abinox-chr-clim.com\/index.php\/wp-json\/wp\/v2\/product_brand?post=71099"},{"taxonomy":"product_cat","embeddable":true,"href":"https:\/\/abinox-chr-clim.com\/index.php\/wp-json\/wp\/v2\/product_cat?post=71099"},{"taxonomy":"product_tag","embeddable":true,"href":"https:\/\/abinox-chr-clim.com\/index.php\/wp-json\/wp\/v2\/product_tag?post=71099"}],"curies":[{"name":"wp","href":"https:\/\/api.w.org\/{rel}","templated":true}]}}